{"id":1486,"date":"2026-01-20T12:11:11","date_gmt":"2026-01-20T12:11:11","guid":{"rendered":"https:\/\/bonuskongcasino.com\/login-and-registration\/"},"modified":"2026-03-20T14:05:31","modified_gmt":"2026-03-20T14:05:31","slug":"logowanie-i-rejestracja","status":"publish","type":"page","link":"https:\/\/thebetsamuro.com\/pl\/logowanie-i-rejestracja\/","title":{"rendered":"Logowanie i rejestracja"},"content":{"rendered":"<h1>Logowanie i rejestracja w Betsamuro<\/h1>\n<p>Betsamuro login zapewnia odpowiedzialne i bezpieczne \u015brodowisko do grania w gry online, gdy logujesz si\u0119 na swoje konto po raz pierwszy lub aktualizujesz ju\u017c istniej\u0105cy profil. Nasze kasyno to wygodna i bezpieczna strona, na kt\u00f3rej polscy gracze maj\u0105 do wyboru szeroki wachlarz gier. Logowanie do Betsamuro jest proste, poniewa\u017c pozwala zweryfikowanym u\u017cytkownikom na szybki dost\u0119p do strony, a nowi gracze mog\u0105 skorzysta\u0107 z rejestracji nowego u\u017cytkownika na naszej platformie, aby uzyska\u0107 dost\u0119p do wszystkich gier.<\/p>\n<p><div class=\"banner-wrap\" aria-label=\"Banner\"><img src=\"https:\/\/thebetsamuro.com\/wp-content\/uploads\/2026\/03\/banner-desktop.webp\" class=\"w-100 d-none d-lg-block img-pc main-banner-img\" alt=\"banner desktop\" fetchpriority=\"high\" decoding=\"async\"><img src=\"https:\/\/thebetsamuro.com\/wp-content\/uploads\/2026\/03\/banner-mobile.webp\" class=\"w-100 d-none d-md-block d-lg-none main-banner-img\" alt=\"banner mobile\" fetchpriority=\"high\" decoding=\"async\"><img src=\"https:\/\/thebetsamuro.com\/wp-content\/uploads\/2026\/03\/banner-mobile.webp\" class=\"w-100 d-md-none\" alt=\"banner mobile\" fetchpriority=\"high\" decoding=\"async\"><div class=\"banner-description\">\n<div class=\"banner-title\">Bonusy powitalne<\/div>\n<p class=\"banner-header-title\">1500 \u20ac<\/p>\n<div class=\"banner-header-AdditionalText\">+ 250 Darmowe spiny<\/div>\n<button data-item=\"homepage_banner_link\" class=\"goto m-button m-gradient-border m-button--primary m-button--large banner-button btn-orange\">\n            <div class=\"m-button-content\">\n                <span>Zarejestruj si\u0119 teraz<\/span>\n                <span><\/span>\n            <\/div>\n        <\/button>\n<\/div>\n<div class=\"WelcomePack\">\n<p><img loading=\"lazy\" decoding=\"async\" class=\"alignnone size-full wp-image-1856\" src=\"https:\/\/thebetsamuro.com\/wp-content\/uploads\/2026\/03\/welcome-crown.png\" alt=\"welcome crown\" width=\"25\" height=\"26\" \/><\/p>\n<div class=\"WelcomePack-Info\">Cotygodniowy zwrot got\u00f3wki do 25%<\/div>\n<p><img loading=\"lazy\" decoding=\"async\" class=\"alignnone size-full wp-image-1856\" src=\"https:\/\/thebetsamuro.com\/wp-content\/uploads\/2026\/03\/welcome-crown.png\" alt=\"welcome crown\" width=\"25\" height=\"26\" \/><\/p>\n<\/div>\n<\/div><div class=\"scrollable-content-wrap my-5\"><div class=\"scrollable-content-inner\"><h2>Rejestracja nowego u\u017cytkownika w kasynie Betsamuro<\/h2>\n<p>Rejestracja konta w kasynie Betsamuro daje dost\u0119p do ca\u0142ego pakietu funkcji, takich jak gry na prawdziwe pieni\u0105dze, bonusy i oferty specjalne. Proces rejestracji jest szybki i \u0142atwy, dzi\u0119ki czemu nowi u\u017cytkownicy mog\u0105 bezpiecznie i bez op\u00f3\u017anie\u0144 stworzy\u0107 swoje profile. Teraz przeprowadzimy Ci\u0119 przez ten proces:<\/p>\n<ol>\n<li>Znajd\u017a przycisk \u201eZarejestruj si\u0119\u201d w widocznym miejscu w prawym g\u00f3rnym rogu strony g\u0142\u00f3wnej kasyna Bet Samuro.<\/li>\n<li>Wpisz sw\u00f3j adres e-mail, stw\u00f3rz silne has\u0142o i dodaj kod promocyjny (nie jest to obowi\u0105zkowe).<\/li>\n<li>Upewnij si\u0119, \u017ce masz uko\u0144czone 18 lat i akceptujesz regulamin platformy.<\/li>\n<li>Po wype\u0142nieniu wszystkich p\u00f3l przejd\u017a do rejestracji.<\/li>\n<\/ol>\n<p>Po wype\u0142nieniu formularza rejestracyjnego Bet Samuro wy\u015ble Ci e-mail z linkiem weryfikacyjnym na podany adres. Wystarczy klikn\u0105\u0107 link w wiadomo\u015bci, \u017ceby aktywowa\u0107 konto. Je\u015bli e-mail nie dotrze od razu, sprawd\u017a folder ze spamem lub wiadomo\u015bciami-\u015bmieciami.<\/p>\n<h3>Proces weryfikacji<\/h3>\n<p>Po aktywacji konta platforma poprosi nowych u\u017cytkownik\u00f3w o podanie dodatkowych danych osobowych. Chocia\u017c na tym etapie jest to opcjonalne, informacje te zwi\u0119ksz\u0105 bezpiecze\u0144stwo konta i pozwol\u0105 na szybsze przetwarzanie wyp\u0142at. Proces weryfikacji w Betsamuro musi zosta\u0107 zako\u0144czony przy dokonywaniu wyp\u0142at i wp\u0142at. Mamy nadziej\u0119, \u017ce zgodzisz si\u0119 na weryfikacj\u0119 konta.<\/p>\n<table>\n<tbody>\n<tr>\n<td>Co musimy zweryfikowa\u0107<\/td>\n<td>Dokumenty, kt\u00f3re musisz dostarczy\u0107<\/td>\n<\/tr>\n<tr>\n<td>Paszport lub inny dokument to\u017csamo\u015bci<\/td>\n<td>Tw\u00f3j dow\u00f3d osobisty, prawo jazdy<\/td>\n<\/tr>\n<tr>\n<td>Potwierdzenie miejsca zamieszkania<\/td>\n<td>Rachunek za media, wyci\u0105g z konta bankowego, za\u015bwiadczenie o miejscu zamieszkania<\/td>\n<\/tr>\n<tr>\n<td>Wyp\u0142acalno\u015b\u0107<\/td>\n<td>Dow\u00f3d zdolno\u015bci do sp\u0142aty<\/td>\n<\/tr>\n<\/tbody>\n<\/table>\n<p><img loading=\"lazy\" decoding=\"async\" class=\"alignnone size-full wp-image-1960\" src=\"https:\/\/thebetsamuro.com\/wp-content\/uploads\/2026\/03\/Betsamuro-Login-Page.webp\" alt=\"Betsamuro Login Page\" width=\"1248\" height=\"536\" srcset=\"https:\/\/thebetsamuro.com\/wp-content\/uploads\/2026\/03\/Betsamuro-Login-Page.webp 1248w, https:\/\/thebetsamuro.com\/wp-content\/uploads\/2026\/03\/Betsamuro-Login-Page-300x129.webp 300w, https:\/\/thebetsamuro.com\/wp-content\/uploads\/2026\/03\/Betsamuro-Login-Page-1024x440.webp 1024w, https:\/\/thebetsamuro.com\/wp-content\/uploads\/2026\/03\/Betsamuro-Login-Page-768x330.webp 768w\" sizes=\"auto, (max-width: 1248px) 100vw, 1248px\" \/><\/p>\n<h2>Pierwsze logowanie do Betsamuro<\/h2>\n<p>Pierwsze zalogowanie si\u0119 do kasyna Betsamuro jest szybkie. Oto jak to zrobi\u0107 (kroki s\u0105 podobne do procesu rejestracji).<\/p>\n<ol>\n<li>Przejd\u017a do miejsca logowania w Betsamuro (obok przycisku \u201eZarejestruj si\u0119\u201d);<\/li>\n<li>Wpisz sw\u00f3j zarejestrowany adres e-mail i has\u0142o, aby zalogowa\u0107 si\u0119 na swoje konto.<\/li>\n<li>U\u017cytkownicy korzystaj\u0105cy z uwierzytelniania dwusk\u0142adnikowego (2FA) mog\u0105 zosta\u0107 poproszeni o wprowadzenie kodu weryfikacyjnego wygenerowanego w aplikacji uwierzytelniaj\u0105cej lub przes\u0142anego SMS-em w celu zwi\u0119kszenia bezpiecze\u0144stwa.<\/li>\n<\/ol>\n<p>Gotowe! Jeste\u015b w naszym systemie.<\/p>\n<p>Dobra rada: Nie ujawniaj swoich danych logowania. Zesp\u00f3\u0142 obs\u0142ugi klienta jest zawsze do Twojej dyspozycji na czacie na \u017cywo lub przez e-mail w razie jakichkolwiek problem\u00f3w z dost\u0119pem. Aby zapewni\u0107 bezproblemowe korzystanie z serwisu, zesp\u00f3\u0142 wsparcia rozwi\u0105\u017ce wszelkie problemy z logowaniem tak szybko, jak to mo\u017cliwe, gdy si\u0119 z nami skontaktujesz.<\/p>\n<h2>Zarz\u0105dzanie kontem w kasynie Betsamuro<\/h2>\n<p>Po zalogowaniu si\u0119 na konto masz pe\u0142ny dost\u0119p do swojego panelu gracza. U\u017cytkownicy mog\u0105 sprawdzi\u0107 aktualne saldo, wp\u0142aca\u0107 i wyp\u0142aca\u0107 pieni\u0105dze, a tak\u017ce \u015bledzi\u0107 oferty bonusowe. Przejrzysto\u015b\u0107 oraz mo\u017cliwo\u015b\u0107 zarz\u0105dzania wszystkimi bonusami, ostatnimi transakcjami, histori\u0105 gier, a nawet wp\u0142atami \u2013 to wszystko znajdziesz w panelu. Masz wszystko pod kontrol\u0105.<\/p>\n<p>W naszym kasynie stosujemy kilka warstw zabezpiecze\u0144, aby zapewni\u0107 bezpiecze\u0144stwo konta. Uwierzytelnianie dwusk\u0142adnikowe to dodatkowa funkcja, kt\u00f3ra dodaje jeszcze jeden krok w celu ochrony Twojego konta, wykorzystuj\u0105c Google lub wiadomo\u015bci SMS (je\u015bli korzystasz z numeru telefonu). Pami\u0119taj jednak, \u017ce w ten spos\u00f3b nie mo\u017cesz zalogowa\u0107 si\u0119 do Bet Samuro bez otrzymania kodu weryfikacyjnego, wi\u0119c zawsze miej swoje urz\u0105dzenie pod r\u0119k\u0105. To dobre zabezpieczenie przed nieautoryzowanym dost\u0119pem.<\/p>\n<p>Ponadto jedn\u0105 z wa\u017cniejszych rzeczy w Betsamuro, kluczow\u0105 dla ka\u017cdego gracza, jest proces weryfikacji zwany KYC (Know Your Customer). Jak to dzia\u0142a?<\/p>\n<p>Przesy\u0142asz nam swoje dokumenty, potwierdzenie adresu i dowody to\u017csamo\u015bci \u2192 sprawdzamy je w ci\u0105gu 48 godzin \u2192 otrzymujesz e-mail z potwierdzeniem \u2192 logujesz si\u0119 do Betsamuro \u2192 Twoje konto finansowe jest otwarte i dzia\u0142a \u2192 cieszysz si\u0119 w pe\u0142ni dzia\u0142aj\u0105cym kasynem.<\/p>\n<p>Poza tym masz sw\u00f3j panel u\u017cytkownika i mamy nadziej\u0119, \u017ce zarz\u0105dzanie kontem b\u0119dzie dla Ciebie \u0142atwe i przyjemne!<\/p>\n<h3>Odzyskiwanie has\u0142a<\/h3>\n<p>Zgubi\u0142e\u015b has\u0142o? Nie martw si\u0119! Proces odzyskiwania has\u0142a jest prosty. Na stronie logowania do Betsamuro jedn\u0105 z opcji jest \u201eNie pami\u0119tasz has\u0142a?\u201d, gdzie musisz poda\u0107 sw\u00f3j zarejestrowany adres e-mail. Wkr\u00f3tce wy\u015blemy Ci link do resetowania has\u0142a. Kliknij go i przywr\u00f3\u0107 swoje dane.<\/p>\n<h2>\u015arodki bezpiecze\u0144stwa<\/h2>\n<p>Kasyno Betsamuro stosuje rygorystyczne \u015brodki bezpiecze\u0144stwa w celu ochrony danych u\u017cytkownik\u00f3w i transakcji finansowych. \u015arodki te obejmuj\u0105 proces weryfikacji, kt\u00f3ry obejmuje przed\u0142o\u017cenie dokument\u00f3w to\u017csamo\u015bci wydanych przez organy pa\u0144stwowe, weryfikacj\u0119 adres\u00f3w oraz stosowanie bezpiecznych metod p\u0142atno\u015bci.<\/p>\n<p>Pomo\u017ce to zapobiega\u0107 oszustwom i kradzie\u017cy to\u017csamo\u015bci, poniewa\u017c ka\u017cda transakcja i aktywno\u015b\u0107 na koncie b\u0119dzie dwukrotnie sprawdzana i weryfikowana. Proces weryfikacji trwa zazwyczaj nie d\u0142u\u017cej ni\u017c 48 godzin, po czym zesp\u00f3\u0142 obs\u0142ugi klienta zweryfikuje Twoj\u0105 to\u017csamo\u015b\u0107 za po\u015brednictwem e-maila. Ponadto wieloj\u0119zyczna obs\u0142uga klienta jest dost\u0119pna na specjalnym czacie na \u017cywo i przez e-mail \u2013 w wielu j\u0119zykach! Ta funkcja gwarantuje szybk\u0105, fachow\u0105 pomoc w przypadku wszelkich problem\u00f3w zwi\u0105zanych z bezpiecze\u0144stwem dla u\u017cytkownik\u00f3w z r\u00f3\u017cnych region\u00f3w.<\/p>\n<h2>FAQ<\/h2>\n<h3>Czy mog\u0119 wypr\u00f3bowa\u0107 gry w trybie demo przed rejestracj\u0105?<\/h3>\n<p>Tak, kasyno Betsamuro ma wersj\u0119 demo. Ka\u017cdy zainteresowany u\u017cytkownik mo\u017ce zagra\u0107 w wybrane gry bez rejestracji \u2013 po prostu po to, \u017ceby nas pozna\u0107. To najlepszy spos\u00f3b, \u017ceby przyzwyczai\u0107 si\u0119 do mechaniki i funkcji gier, zanim zaczniesz gra\u0107 na prawdziwe pieni\u0105dze. Gotowy, \u017ceby postawi\u0107 prawdziwe pieni\u0105dze i wygra\u0107 du\u017ce pieni\u0105dze? Zarejestruj si\u0119 u nas.<\/p>\n<h3>Czy mog\u0119 logowa\u0107 si\u0119 do Betsamuro wiele razy?<\/h3>\n<p>Je\u015bli dane logowania s\u0105 poprawne, nie ma przeszk\u00f3d. Je\u015bli nie, zazwyczaj mo\u017cesz logowa\u0107 si\u0119 tyle razy, ile chcesz, na kilku urz\u0105dzeniach i z r\u00f3\u017cnych lokalizacji. Platforma zadba o to, by ca\u0142a aktywno\u015b\u0107 na koncie by\u0142a zsynchronizowana mi\u0119dzy urz\u0105dzeniami. Logowanie do Betsamuro powinno przebiega\u0107 bez problem\u00f3w \u2013 chyba \u017ce zrobisz to ze sto razy!<\/p>\n<h3>Jak d\u0142ugo trwa proces weryfikacji?<\/h3>\n<p>To nigdy nie trwa d\u0142ugo. Proces weryfikacji w kasynie Betsamuro trwa zazwyczaj nie d\u0142u\u017cej ni\u017c 48 godzin. Dokumenty przes\u0142ane w tym czasie s\u0105 zazwyczaj sprawdzane przez nasz zesp\u00f3\u0142 obs\u0142ugi klienta w celu zweryfikowania Twojej to\u017csamo\u015bci, adresu i prawa w\u0142asno\u015bci do metody p\u0142atno\u015bci.<\/p>\n<\/div><\/div><\/p>\n","protected":false},"excerpt":{"rendered":"<p>Logowanie i rejestracja w Betsamuro Betsamuro login zapewnia odpowiedzialne i bezpieczne \u015brodowisko do grania w gry online, gdy logujesz si\u0119 na swoje konto po raz pierwszy lub aktualizujesz ju\u017c istniej\u0105cy profil. Nasze kasyno to wygodna i bezpieczna strona, na kt\u00f3rej polscy gracze maj\u0105 do wyboru szeroki wachlarz gier. Logowanie do Betsamuro jest proste, poniewa\u017c pozwala [&hellip;]<\/p>\n","protected":false},"author":1,"featured_media":0,"parent":0,"menu_order":0,"comment_status":"closed","ping_status":"closed","template":"template-builder.php","meta":{"_acf_changed":false,"inline_featured_image":false,"footnotes":""},"class_list":["post-1486","page","type-page","status-publish","hentry"],"acf":[],"yoast_head":"<!-- This site is optimized with the Yoast SEO plugin v27.3 - https:\/\/yoast.com\/product\/yoast-seo-wordpress\/ -->\n<title>Logowanie do Betsamuro \u2013 bezpieczny dost\u0119p do rejestracji i logowania<\/title>\n<meta name=\"description\" content=\"Logowanie do Betsamuro \u2013 uzyskaj bezpieczny dost\u0119p do swojego konta lub utw\u00f3rz nowe w ci\u0105gu kilku minut. Zarz\u0105dzaj weryfikacj\u0105, odzyskiwaniem has\u0142a i ustawieniami konta w Betsamuro.\" \/>\n<meta name=\"robots\" content=\"index, follow, max-snippet:-1, max-image-preview:large, max-video-preview:-1\" \/>\n<link rel=\"canonical\" href=\"https:\/\/thebetsamuro.com\/pl\/logowanie-i-rejestracja\/\" \/>\n<meta property=\"og:locale\" content=\"pl_PL\" \/>\n<meta property=\"og:type\" content=\"article\" \/>\n<meta property=\"og:title\" content=\"Logowanie do Betsamuro \u2013 bezpieczny dost\u0119p do rejestracji i logowania\" \/>\n<meta property=\"og:description\" content=\"Logowanie do Betsamuro \u2013 uzyskaj bezpieczny dost\u0119p do swojego konta lub utw\u00f3rz nowe w ci\u0105gu kilku minut. Zarz\u0105dzaj weryfikacj\u0105, odzyskiwaniem has\u0142a i ustawieniami konta w Betsamuro.\" \/>\n<meta property=\"og:url\" content=\"https:\/\/thebetsamuro.com\/pl\/logowanie-i-rejestracja\/\" \/>\n<meta property=\"og:site_name\" content=\"betsamuro\" \/>\n<meta property=\"article:modified_time\" content=\"2026-03-20T14:05:31+00:00\" \/>\n<meta name=\"twitter:card\" content=\"summary_large_image\" \/>\n<meta name=\"twitter:label1\" content=\"Est. reading time\" \/>\n\t<meta name=\"twitter:data1\" content=\"1 minute\" \/>\n<script type=\"application\/ld+json\" class=\"yoast-schema-graph\">{\"@context\":\"https:\\\/\\\/schema.org\",\"@graph\":[{\"@type\":\"WebPage\",\"@id\":\"https:\\\/\\\/thebetsamuro.com\\\/pl\\\/logowanie-i-rejestracja\\\/\",\"url\":\"https:\\\/\\\/thebetsamuro.com\\\/pl\\\/logowanie-i-rejestracja\\\/\",\"name\":\"Logowanie do Betsamuro \u2013 bezpieczny dost\u0119p do rejestracji i logowania\",\"isPartOf\":{\"@id\":\"https:\\\/\\\/thebetsamuro.com\\\/pl\\\/#website\"},\"datePublished\":\"2026-01-20T12:11:11+00:00\",\"dateModified\":\"2026-03-20T14:05:31+00:00\",\"description\":\"Logowanie do Betsamuro \u2013 uzyskaj bezpieczny dost\u0119p do swojego konta lub utw\u00f3rz nowe w ci\u0105gu kilku minut. Zarz\u0105dzaj weryfikacj\u0105, odzyskiwaniem has\u0142a i ustawieniami konta w Betsamuro.\",\"breadcrumb\":{\"@id\":\"https:\\\/\\\/thebetsamuro.com\\\/pl\\\/logowanie-i-rejestracja\\\/#breadcrumb\"},\"inLanguage\":\"pl-PL\",\"potentialAction\":[{\"@type\":\"ReadAction\",\"target\":[\"https:\\\/\\\/thebetsamuro.com\\\/pl\\\/logowanie-i-rejestracja\\\/\"]}]},{\"@type\":\"BreadcrumbList\",\"@id\":\"https:\\\/\\\/thebetsamuro.com\\\/pl\\\/logowanie-i-rejestracja\\\/#breadcrumb\",\"itemListElement\":[{\"@type\":\"ListItem\",\"position\":1,\"name\":\"Betsamuro\",\"item\":\"https:\\\/\\\/thebetsamuro.com\\\/pl\\\/\"},{\"@type\":\"ListItem\",\"position\":2,\"name\":\"Logowanie i rejestracja\"}]},{\"@type\":\"WebSite\",\"@id\":\"https:\\\/\\\/thebetsamuro.com\\\/pl\\\/#website\",\"url\":\"https:\\\/\\\/thebetsamuro.com\\\/pl\\\/\",\"name\":\"Betsamuro\",\"description\":\"\",\"publisher\":{\"@id\":\"https:\\\/\\\/thebetsamuro.com\\\/pl\\\/#organization\"},\"potentialAction\":[{\"@type\":\"SearchAction\",\"target\":{\"@type\":\"EntryPoint\",\"urlTemplate\":\"https:\\\/\\\/thebetsamuro.com\\\/pl\\\/?s={search_term_string}\"},\"query-input\":{\"@type\":\"PropertyValueSpecification\",\"valueRequired\":true,\"valueName\":\"search_term_string\"}}],\"inLanguage\":\"pl-PL\"},{\"@type\":\"Organization\",\"@id\":\"https:\\\/\\\/thebetsamuro.com\\\/pl\\\/#organization\",\"name\":\"Betsamuro\",\"url\":\"https:\\\/\\\/thebetsamuro.com\\\/pl\\\/\",\"logo\":{\"@type\":\"ImageObject\",\"inLanguage\":\"pl-PL\",\"@id\":\"https:\\\/\\\/thebetsamuro.com\\\/pl\\\/#\\\/schema\\\/logo\\\/image\\\/\",\"url\":\"https:\\\/\\\/thebetsamuro.com\\\/wp-content\\\/uploads\\\/2026\\\/03\\\/betsamuro-logo.png\",\"contentUrl\":\"https:\\\/\\\/thebetsamuro.com\\\/wp-content\\\/uploads\\\/2026\\\/03\\\/betsamuro-logo.png\",\"width\":150,\"height\":29,\"caption\":\"Betsamuro\"},\"image\":{\"@id\":\"https:\\\/\\\/thebetsamuro.com\\\/pl\\\/#\\\/schema\\\/logo\\\/image\\\/\"}}]}<\/script>\n<!-- \/ Yoast SEO plugin. -->","yoast_head_json":{"title":"Logowanie do Betsamuro \u2013 bezpieczny dost\u0119p do rejestracji i logowania","description":"Logowanie do Betsamuro \u2013 uzyskaj bezpieczny dost\u0119p do swojego konta lub utw\u00f3rz nowe w ci\u0105gu kilku minut. Zarz\u0105dzaj weryfikacj\u0105, odzyskiwaniem has\u0142a i ustawieniami konta w Betsamuro.","robots":{"index":"index","follow":"follow","max-snippet":"max-snippet:-1","max-image-preview":"max-image-preview:large","max-video-preview":"max-video-preview:-1"},"canonical":"https:\/\/thebetsamuro.com\/pl\/logowanie-i-rejestracja\/","og_locale":"pl_PL","og_type":"article","og_title":"Logowanie do Betsamuro \u2013 bezpieczny dost\u0119p do rejestracji i logowania","og_description":"Logowanie do Betsamuro \u2013 uzyskaj bezpieczny dost\u0119p do swojego konta lub utw\u00f3rz nowe w ci\u0105gu kilku minut. Zarz\u0105dzaj weryfikacj\u0105, odzyskiwaniem has\u0142a i ustawieniami konta w Betsamuro.","og_url":"https:\/\/thebetsamuro.com\/pl\/logowanie-i-rejestracja\/","og_site_name":"betsamuro","article_modified_time":"2026-03-20T14:05:31+00:00","twitter_card":"summary_large_image","twitter_misc":{"Est. reading time":"1 minute"},"schema":{"@context":"https:\/\/schema.org","@graph":[{"@type":"WebPage","@id":"https:\/\/thebetsamuro.com\/pl\/logowanie-i-rejestracja\/","url":"https:\/\/thebetsamuro.com\/pl\/logowanie-i-rejestracja\/","name":"Logowanie do Betsamuro \u2013 bezpieczny dost\u0119p do rejestracji i logowania","isPartOf":{"@id":"https:\/\/thebetsamuro.com\/pl\/#website"},"datePublished":"2026-01-20T12:11:11+00:00","dateModified":"2026-03-20T14:05:31+00:00","description":"Logowanie do Betsamuro \u2013 uzyskaj bezpieczny dost\u0119p do swojego konta lub utw\u00f3rz nowe w ci\u0105gu kilku minut. Zarz\u0105dzaj weryfikacj\u0105, odzyskiwaniem has\u0142a i ustawieniami konta w Betsamuro.","breadcrumb":{"@id":"https:\/\/thebetsamuro.com\/pl\/logowanie-i-rejestracja\/#breadcrumb"},"inLanguage":"pl-PL","potentialAction":[{"@type":"ReadAction","target":["https:\/\/thebetsamuro.com\/pl\/logowanie-i-rejestracja\/"]}]},{"@type":"BreadcrumbList","@id":"https:\/\/thebetsamuro.com\/pl\/logowanie-i-rejestracja\/#breadcrumb","itemListElement":[{"@type":"ListItem","position":1,"name":"Betsamuro","item":"https:\/\/thebetsamuro.com\/pl\/"},{"@type":"ListItem","position":2,"name":"Logowanie i rejestracja"}]},{"@type":"WebSite","@id":"https:\/\/thebetsamuro.com\/pl\/#website","url":"https:\/\/thebetsamuro.com\/pl\/","name":"Betsamuro","description":"","publisher":{"@id":"https:\/\/thebetsamuro.com\/pl\/#organization"},"potentialAction":[{"@type":"SearchAction","target":{"@type":"EntryPoint","urlTemplate":"https:\/\/thebetsamuro.com\/pl\/?s={search_term_string}"},"query-input":{"@type":"PropertyValueSpecification","valueRequired":true,"valueName":"search_term_string"}}],"inLanguage":"pl-PL"},{"@type":"Organization","@id":"https:\/\/thebetsamuro.com\/pl\/#organization","name":"Betsamuro","url":"https:\/\/thebetsamuro.com\/pl\/","logo":{"@type":"ImageObject","inLanguage":"pl-PL","@id":"https:\/\/thebetsamuro.com\/pl\/#\/schema\/logo\/image\/","url":"https:\/\/thebetsamuro.com\/wp-content\/uploads\/2026\/03\/betsamuro-logo.png","contentUrl":"https:\/\/thebetsamuro.com\/wp-content\/uploads\/2026\/03\/betsamuro-logo.png","width":150,"height":29,"caption":"Betsamuro"},"image":{"@id":"https:\/\/thebetsamuro.com\/pl\/#\/schema\/logo\/image\/"}}]}},"_links":{"self":[{"href":"https:\/\/thebetsamuro.com\/pl\/wp-json\/wp\/v2\/pages\/1486","targetHints":{"allow":["GET"]}}],"collection":[{"href":"https:\/\/thebetsamuro.com\/pl\/wp-json\/wp\/v2\/pages"}],"about":[{"href":"https:\/\/thebetsamuro.com\/pl\/wp-json\/wp\/v2\/types\/page"}],"author":[{"embeddable":true,"href":"https:\/\/thebetsamuro.com\/pl\/wp-json\/wp\/v2\/users\/1"}],"replies":[{"embeddable":true,"href":"https:\/\/thebetsamuro.com\/pl\/wp-json\/wp\/v2\/comments?post=1486"}],"version-history":[{"count":2,"href":"https:\/\/thebetsamuro.com\/pl\/wp-json\/wp\/v2\/pages\/1486\/revisions"}],"predecessor-version":[{"id":2071,"href":"https:\/\/thebetsamuro.com\/pl\/wp-json\/wp\/v2\/pages\/1486\/revisions\/2071"}],"wp:attachment":[{"href":"https:\/\/thebetsamuro.com\/pl\/wp-json\/wp\/v2\/media?parent=1486"}],"curies":[{"name":"wp","href":"https:\/\/api.w.org\/{rel}","templated":true}]}}