{"id":1447,"date":"2026-01-20T12:08:23","date_gmt":"2026-01-20T12:08:23","guid":{"rendered":"https:\/\/bonuskongcasino.com\/app\/"},"modified":"2026-03-20T14:04:25","modified_gmt":"2026-03-20T14:04:25","slug":"aplikacja","status":"publish","type":"page","link":"https:\/\/thebetsamuro.com\/pl\/aplikacja\/","title":{"rendered":"Aplikacja"},"content":{"rendered":"<h1>Platforma mobilna Betsamuro<\/h1>\n<p>Betsamuro app to przyjazna dla graczy platforma mobilna, kt\u00f3ra zapewnia bezpieczny, wygodny i kompletny ekosystem. Polscy gracze mog\u0105 cieszy\u0107 si\u0119 tak\u0105 sam\u0105 jako\u015bci\u0105 rozgrywki na smartfonach, tabletach i komputerach stacjonarnych \u2013 zapewniamy zaawansowane zabezpieczenia i obs\u0142ug\u0119 klienta. Uwierzytelnianie jest proste, a infrastruktura platformy zosta\u0142a zaprojektowana tak, by zapewni\u0107 p\u0142ynn\u0105 rozgrywk\u0119 i szybkie p\u0142atno\u015bci. Szanse na wygran\u0105 dzi\u0119ki bonusom i turniejom w naszej aplikacji poprawiaj\u0105 og\u00f3lne wra\u017cenia i zapewniaj\u0105 ci\u0105g\u0142\u0105 rozrywk\u0119.<\/p>\n<div class=\"banner-wrap\" aria-label=\"Banner\"><img src=\"https:\/\/thebetsamuro.com\/wp-content\/uploads\/2026\/03\/banner-desktop.webp\" class=\"w-100 d-none d-lg-block img-pc main-banner-img\" alt=\"banner desktop\" fetchpriority=\"high\" decoding=\"async\"><img src=\"https:\/\/thebetsamuro.com\/wp-content\/uploads\/2026\/03\/banner-mobile.webp\" class=\"w-100 d-none d-md-block d-lg-none main-banner-img\" alt=\"banner mobile\" fetchpriority=\"high\" decoding=\"async\"><img src=\"https:\/\/thebetsamuro.com\/wp-content\/uploads\/2026\/03\/banner-mobile.webp\" class=\"w-100 d-md-none\" alt=\"banner mobile\" fetchpriority=\"high\" decoding=\"async\"><div class=\"banner-description\">\n<div class=\"banner-title\">Bonusy powitalne<\/div>\n<p class=\"banner-header-title\">1500 \u20ac<\/p>\n<div class=\"banner-header-AdditionalText\">+ 250 Darmowe spiny<\/div>\n<button data-item=\"homepage_banner_link\" class=\"goto m-button m-gradient-border m-button--primary m-button--large banner-button btn-orange\">\n            <div class=\"m-button-content\">\n                <span>Zarejestruj si\u0119 teraz<\/span>\n                <span><\/span>\n            <\/div>\n        <\/button>\n<\/div>\n<div class=\"WelcomePack\">\n<p><img loading=\"lazy\" decoding=\"async\" class=\"alignnone size-full wp-image-1856\" src=\"https:\/\/thebetsamuro.com\/wp-content\/uploads\/2026\/03\/welcome-crown.png\" alt=\"welcome crown\" width=\"25\" height=\"26\" \/><\/p>\n<div class=\"WelcomePack-Info\">Cotygodniowy zwrot got\u00f3wki do 25%<\/div>\n<p><img loading=\"lazy\" decoding=\"async\" class=\"alignnone size-full wp-image-1856\" src=\"https:\/\/thebetsamuro.com\/wp-content\/uploads\/2026\/03\/welcome-crown.png\" alt=\"welcome crown\" width=\"25\" height=\"26\" \/><\/p>\n<\/div>\n<\/div>\n<h2>Dost\u0119p mobilny w Bet Samuro<\/h2>\n<p>Oferujemy zintegrowan\u0105 platform\u0119 do gier, kt\u00f3ra jest kompatybilna z r\u00f3\u017cnymi urz\u0105dzeniami, dzi\u0119ki czemu mo\u017cesz gra\u0107 w swoje ulubione gry kasynowe w aplikacji Betsamuro. Ale co tak naprawd\u0119 daje Ci nasza aplikacja?<\/p>\n<ul>\n<li>Aplikacja Bet Samuro jest bardzo zaawansowana technologicznie.<\/li>\n<li>Dost\u0119p do czatu na \u017cywo 24\/7.<\/li>\n<li>Dost\u0119p do wszystkich funkcji aplikacji jest szybki i stabilny.<\/li>\n<li>Zapewniamy u\u017cytkownikom bezpieczne i niezawodne \u015brodowisko.<\/li>\n<li>Kasyno Betsamuro stawia na wysok\u0105 wydajno\u015b\u0107, bezpiecze\u0144stwo i zadowolenie u\u017cytkownik\u00f3w zar\u00f3wno na urz\u0105dzeniach mobilnych, jak i stacjonarnych.<\/li>\n<li>Stawiamy na wygod\u0119.<\/li>\n<li>W kasynie Betsamuro oferujemy kompletn\u0105 platform\u0119 mobiln\u0105, kt\u00f3r\u0105 mo\u017cna dostosowa\u0107 do potrzeb wsp\u00f3\u0142czesnych graczy.<\/li>\n<\/ul>\n<p>Granie na smartfonach i tabletach to bu\u0142ka z mas\u0142em, bo nasze mobilne kasyno jest zaprojektowane tak, \u017ceby \u0142atwo si\u0119 po nim porusza\u0107, szybko si\u0119 \u0142adowa\u0142o i mia\u0142o przyjazne funkcje. Mamy ogromny katalog gier \u2013 ponad 6000 interaktywnych tytu\u0142\u00f3w, ca\u0142\u0105 bibliotek\u0119 automat\u00f3w online, gry sto\u0142owe, kasyno na \u017cywo i mn\u00f3stwo fajnych gier.<\/p>\n<p>U\u017cytkownicy mog\u0105 uzyska\u0107 dost\u0119p do wszystkich naszych gier na \u017cywo i online za po\u015brednictwem przegl\u0105darek mobilnych bez utraty jako\u015bci i bezpiecze\u0144stwa. Aplikacja jest obs\u0142ugiwana na urz\u0105dzeniach z systemem iOS i Android, co zapewnia sp\u00f3jne wra\u017cenia niezale\u017cnie od systemu operacyjnego.<\/p>\n<p><div class=\"scrollable-content-wrap my-5\"><div class=\"scrollable-content-inner\"><h2>Aplikacja Betsamuro Casino na iOS i Androida<\/h2>\n<p>Nasza aplikacja kasynowa jest dost\u0119pna w formie PWA na telefony z systemem iOS i Android. To ekskluzywna aplikacja, kt\u00f3ra poprawia wra\u017cenia z gry na urz\u0105dzeniach mobilnych. Aplikacja Betsamuro to po prostu ikona skr\u00f3tu \u2013 nie zajmuje dodatkowego miejsca w pami\u0119ci ani nie zu\u017cywa wi\u0119cej baterii!<\/p>\n<p>Aplikacj\u0119 kasyna Betsamuro mo\u017cesz pobra\u0107 bezpo\u015brednio z naszej strony, a nie zajmuje ona du\u017co miejsca. Posiada te\u017c wszystkie wa\u017cne funkcje aplikacji, takie jak automatyczne aktualizacje i powiadomienia push, dzi\u0119ki czemu gracze mog\u0105 by\u0107 na bie\u017c\u0105co z wydarzeniami, takimi jak promocje, turnieje i aktywno\u015b\u0107 na koncie, bez konieczno\u015bci otwierania aplikacji.<\/p>\n<p>Aplikacja ma wygodny uk\u0142ad, dzi\u0119ki czemu poruszanie si\u0119 po ogromnym wyborze gier jest \u0142atwe i przyjemne. Gracze mog\u0105 te\u017c dostosowywa\u0107 wielko\u015b\u0107 zak\u0142ad\u00f3w, kr\u0119ci\u0107 na automatach i komunikowa\u0107 si\u0119 z krupierami na \u017cywo dzi\u0119ki zoptymalizowanym kontrolkom dotykowym. Aplikacja Betsamuro jest bardzo bezpieczna dzi\u0119ki protoko\u0142owi TLS 1.3 i zaporom sieciowym dla aplikacji internetowych, kt\u00f3re s\u0105 tak mocne, \u017ce \u017cadne cyberataki nie s\u0105 mo\u017cliwe. A do tego korzystamy z bezpiecznych metod p\u0142atno\u015bci, co sprawia, \u017ce \u015brodowisko gry jest bezpieczne.<\/p>\n<p><img loading=\"lazy\" decoding=\"async\" class=\"alignnone size-full wp-image-1936\" src=\"https:\/\/thebetsamuro.com\/wp-content\/uploads\/2026\/03\/Betsamuro-Casino-for-iOS.webp\" alt=\"Betsamuro Casino for iOS\" width=\"1248\" height=\"536\" srcset=\"https:\/\/thebetsamuro.com\/wp-content\/uploads\/2026\/03\/Betsamuro-Casino-for-iOS.webp 1248w, https:\/\/thebetsamuro.com\/wp-content\/uploads\/2026\/03\/Betsamuro-Casino-for-iOS-300x129.webp 300w, https:\/\/thebetsamuro.com\/wp-content\/uploads\/2026\/03\/Betsamuro-Casino-for-iOS-1024x440.webp 1024w, https:\/\/thebetsamuro.com\/wp-content\/uploads\/2026\/03\/Betsamuro-Casino-for-iOS-768x330.webp 768w\" sizes=\"auto, (max-width: 1248px) 100vw, 1248px\" \/><\/p>\n<\/div><\/div><div style=\"clear: both\"><\/div><div class=\"d-flex justify-content-center\"><button data-item=\"decouvrez_link\" data-group=\"website_links\" class=\"goto fw-bold rounded-pill btn btn-orange\" aria-label=\"Pobierz aplikacj\u0119 Betsamuro\" >Pobierz aplikacj\u0119 Betsamuro<\/button><\/div><div class=\"scrollable-content-wrap my-5\"><div class=\"scrollable-content-inner\"><h2>Aplikacja Betsamuro na Windows i Mac<\/h2>\n<p>Gracze, kt\u00f3rzy lubi\u0105 gra\u0107 na komputerach stacjonarnych, maj\u0105 do dyspozycji osobne aplikacje Betsamuro Casino na Windows i Mac. Te aplikacje na komputery stacjonarne oferuj\u0105 szerszy widok platformy, tryb pe\u0142noekranowy i lepsz\u0105 grafik\u0119. Wersje na komputery stacjonarne zapewniaj\u0105 te\u017c wysok\u0105 wydajno\u015b\u0107 i funkcje bezpiecze\u0144stwa. Nasza wersja mobilna nigdy nie by\u0142a lepsza! Mo\u017cesz mie\u0107 pewno\u015b\u0107, \u017ce je\u015bli korzystasz z naszej aplikacji Betsamuro, Twoje wra\u017cenia z gry b\u0119d\u0105 bezb\u0142\u0119dne i bezpieczne. Dlaczego tak uwa\u017camy? Oce\u0144 sam:<\/p>\n<ul>\n<li>Nie ma \u017cadnych problem\u00f3w z instalacj\u0105 ani aktualizacj\u0105 aplikacji na komputery stacjonarne.<\/li>\n<li>Zawsze \u2013 i na czas \u2013 masz dost\u0119p do najnowszych funkcji i premier gier, a tak\u017ce ofert promocyjnych.<\/li>\n<li>Nasz zesp\u00f3\u0142 wsparcia pomaga we wszystkim, co mo\u017cna zrobi\u0107 na stronie internetowej, w tym w zarz\u0105dzaniu kontem, wyp\u0142atach, wp\u0142atach i weryfikacji.<\/li>\n<\/ul>\n<p>Nasza aplikacja Betsamuro jest bezpieczna i wygodna, je\u015bli chcesz gra\u0107 na du\u017cym ekranie. Nic nie zak\u0142\u00f3ci Twojej rozgrywki, wi\u0119c jeste\u015bmy dobrym wyborem, je\u015bli chodzi o regularn\u0105 gr\u0119.<\/p>\n<p><img loading=\"lazy\" decoding=\"async\" class=\"alignnone size-full wp-image-1944\" src=\"https:\/\/thebetsamuro.com\/wp-content\/uploads\/2026\/03\/Betsamuro-Application-for-PC.webp\" alt=\"Betsamuro Application for PC\" width=\"1248\" height=\"536\" srcset=\"https:\/\/thebetsamuro.com\/wp-content\/uploads\/2026\/03\/Betsamuro-Application-for-PC.webp 1248w, https:\/\/thebetsamuro.com\/wp-content\/uploads\/2026\/03\/Betsamuro-Application-for-PC-300x129.webp 300w, https:\/\/thebetsamuro.com\/wp-content\/uploads\/2026\/03\/Betsamuro-Application-for-PC-1024x440.webp 1024w, https:\/\/thebetsamuro.com\/wp-content\/uploads\/2026\/03\/Betsamuro-Application-for-PC-768x330.webp 768w\" sizes=\"auto, (max-width: 1248px) 100vw, 1248px\" \/><\/p>\n<\/div><\/div><div style=\"clear: both\"><\/div><div class=\"d-flex justify-content-center\"><button data-item=\"decouvrez_link\" data-group=\"website_links\" class=\"goto fw-bold rounded-pill btn btn-orange\" aria-label=\"Pobierz Betsamuro\" >Pobierz Betsamuro<\/button><\/div><div class=\"scrollable-content-wrap my-5\"><div class=\"scrollable-content-inner\"><h2>Bezpiecze\u0144stwo i zalety PWA<\/h2>\n<p>Progresywna aplikacja internetowa Betsamuro \u0142\u0105czy w sobie zalety aplikacji internetowych i natywnych. Ma dla Ciebie kilka zalet:<\/p>\n<ul>\n<li>szybkie \u0142adowanie;<\/li>\n<li>gry w trybie offline;<\/li>\n<li>oraz automatyczne aktualizacje.<\/li>\n<\/ul>\n<p>Stosujemy najwy\u017csze standardy bezpiecze\u0144stwa. Technologia Transport Layer Security (TLS) oraz szyfrowanie danych chroni\u0105 informacje dotycz\u0105ce p\u0142atno\u015bci i dane osobowe podczas transakcji. System WAF chroni przed atakami wirus\u00f3w i oszust\u00f3w. Sprawd\u017a tabel\u0119 por\u00f3wnawcz\u0105, kt\u00f3ra pomo\u017ce Ci zdecydowa\u0107, na kt\u00f3rym z Twoich urz\u0105dze\u0144 lepiej zainstalowa\u0107 aplikacj\u0119 Betsamuro:<\/p>\n<table>\n<tbody>\n<tr>\n<td>Funkcja<\/td>\n<td>Aplikacja na iOS i Androida<\/td>\n<td>Aplikacja Betsamuro na Windows i Mac<\/td>\n<\/tr>\n<tr>\n<td>Spos\u00f3b instalacji<\/td>\n<td>Instalacja \u201eCasino App\u201d<\/td>\n<td>Skr\u00f3t na pulpit<\/td>\n<\/tr>\n<tr>\n<td>Optymalizacja pod k\u0105tem urz\u0105dze\u0144<\/td>\n<td>Zoptymalizowana pod k\u0105tem smartfon\u00f3w i tablet\u00f3w z ekranem dotykowym, a nie dla urz\u0105dze\u0144 z przyciskami lub starszych wersji Androida<\/td>\n<td>Zaprojektowana z my\u015bl\u0105 o wi\u0119kszych ekranach z pe\u0142nym interfejsem pulpitu, nie dla starych telewizor\u00f3w<\/td>\n<\/tr>\n<tr>\n<td>Interfejs<\/td>\n<td>Przyjazny dla u\u017cytkownika interfejs zoptymalizowany pod k\u0105tem ekran\u00f3w dotykowych<\/td>\n<td>Pe\u0142noekranowy, rozleg\u0142y widok z zaawansowan\u0105 grafik\u0105<\/td>\n<\/tr>\n<tr>\n<td>Wydajno\u015b\u0107<\/td>\n<td>Szybka, p\u0142ynna rozgrywka zoptymalizowana pod k\u0105tem sprz\u0119tu mobilnego<\/td>\n<td>Wysoka wydajno\u015b\u0107 z ulepszon\u0105 grafik\u0105 i obs\u0142ug\u0105 wielozadaniowo\u015bci<\/td>\n<\/tr>\n<tr>\n<td>Powiadomienia push<\/td>\n<td>Obs\u0142ugiwane, powiadomienia o promocjach, aktualizacjach, SMS-ach<\/td>\n<td>Nie dotyczy; g\u0142\u00f3wnie poprzez powiadomienia na komputerze<\/td>\n<\/tr>\n<tr>\n<td>\u015arodki bezpiecze\u0144stwa<\/td>\n<td>Szyfrowanie danych, protok\u00f3\u0142 SSL (TLS), proces weryfikacji<\/td>\n<td>Te same standardy bezpiecze\u0144stwa, szyfrowanie i weryfikacja<\/td>\n<\/tr>\n<tr>\n<td>Wygoda<\/td>\n<td>Graj w podr\u00f3\u017cy, tryb wyciszenia<\/td>\n<td>Pe\u0142ny dost\u0119p na komputerze, brak mo\u017cliwo\u015bci gry offline<\/td>\n<\/tr>\n<\/tbody>\n<\/table>\n<p>Korzystaj\u0105c z aplikacji Betsamuro, masz pewno\u015b\u0107, \u017ce \u015brodowisko gry jest bezpieczne i stabilne. Funkcje zabezpiecze\u0144 platformy obejmuj\u0105 regularne audyty, certyfikacj\u0119 generatora liczb losowych (RNG) gwarantuj\u0105c\u0105 uczciwo\u015b\u0107 dzia\u0142ania oraz \u015bcis\u0142e przestrzeganie norm regulacyjnych. Gracze mog\u0105 zadawa\u0107 pytania lub prosi\u0107 o pomoc techniczn\u0105, kontaktuj\u0105c si\u0119 z obs\u0142ug\u0105 klienta za po\u015brednictwem czatu na \u017cywo; dzi\u0119ki temu zawsze mog\u0105 liczy\u0107 na wsparcie.<\/p>\n<h2>FAQ<\/h2>\n<h3>Czy bonusy i turnieje s\u0105 dost\u0119pne r\u00f3wnie\u017c w aplikacji?<\/h3>\n<p>Tak, wszystkie bonusy, oferty powitalne, darmowe spiny i turnieje s\u0105 r\u00f3wnie\u017c dost\u0119pne w aplikacji Betsamuro. Wszyscy nasi cz\u0142onkowie mog\u0105 bra\u0107 udzia\u0142 w aktualnych promocjach i turniejach bezpo\u015brednio na swoich smartfonach, zachowuj\u0105c ten sam poziom zaanga\u017cowania, co na platformie na komputery stacjonarne.<\/p>\n<h3>Czy na telefonie mog\u0119 gra\u0107 w te same gry, co na komputerze?<\/h3>\n<p>Kasyno Bet Samuro dba o to, \u017ceby wszystko, co jest w naszej pe\u0142nej wersji, by\u0142o zawsze zsynchronizowane z aplikacj\u0105 mobiln\u0105. W obu wersjach kasyna mamy ten sam katalog, kampanie promocyjne oraz pokazy na \u017cywo i gry. Nic nie przegapisz, nie martw si\u0119. Elastyczno\u015b\u0107 platformy gwarantuje, \u017ce rozgrywka b\u0119dzie dzia\u0142a\u0107 najlepiej na ka\u017cdym urz\u0105dzeniu.<\/p>\n<h3>Czy aplikacja obs\u0142uguje powiadomienia push?<\/h3>\n<p>Aplikacja Betsamuro ma powiadomienia push! Wszystkie alerty i wiadomo\u015bci docieraj\u0105 do Ciebie tak, jak powinny. Ta funkcja poprawia wra\u017cenia z gry i interakcj\u0119, informuj\u0105c graczy o nadchodz\u0105cych turniejach, specjalnych promocjach i innych wa\u017cnych aktualizacjach konta.<\/p>\n<\/div><\/div><\/p>\n","protected":false},"excerpt":{"rendered":"<p>Platforma mobilna Betsamuro Betsamuro app to przyjazna dla graczy platforma mobilna, kt\u00f3ra zapewnia bezpieczny, wygodny i kompletny ekosystem. Polscy gracze mog\u0105 cieszy\u0107 si\u0119 tak\u0105 sam\u0105 jako\u015bci\u0105 rozgrywki na smartfonach, tabletach i komputerach stacjonarnych \u2013 zapewniamy zaawansowane zabezpieczenia i obs\u0142ug\u0119 klienta. Uwierzytelnianie jest proste, a infrastruktura platformy zosta\u0142a zaprojektowana tak, by zapewni\u0107 p\u0142ynn\u0105 rozgrywk\u0119 i szybkie [&hellip;]<\/p>\n","protected":false},"author":1,"featured_media":0,"parent":0,"menu_order":0,"comment_status":"closed","ping_status":"closed","template":"template-builder.php","meta":{"_acf_changed":false,"inline_featured_image":false,"footnotes":""},"class_list":["post-1447","page","type-page","status-publish","hentry"],"acf":[],"yoast_head":"<!-- This site is optimized with the Yoast SEO plugin v27.3 - https:\/\/yoast.com\/product\/yoast-seo-wordpress\/ -->\n<title>Pobierz aplikacj\u0119 Betsamuro | iOS, Android i komputery stacjonarne<\/title>\n<meta name=\"description\" content=\"Zainstaluj aplikacj\u0119 Betsamuro na iOS, Androidzie, Windowsie i macOS, \u017ceby gra\u0107 w ponad 6000 gier kasynowych gdziekolwiek jeste\u015b. P\u0142ynne dzia\u0142anie, synchronizacja konta i wsparcie 24\/7 \u2013 wszystko to w Betsamuro.\" \/>\n<meta name=\"robots\" content=\"index, follow, max-snippet:-1, max-image-preview:large, max-video-preview:-1\" \/>\n<link rel=\"canonical\" href=\"https:\/\/thebetsamuro.com\/pl\/aplikacja\/\" \/>\n<meta property=\"og:locale\" content=\"pl_PL\" \/>\n<meta property=\"og:type\" content=\"article\" \/>\n<meta property=\"og:title\" content=\"Pobierz aplikacj\u0119 Betsamuro | iOS, Android i komputery stacjonarne\" \/>\n<meta property=\"og:description\" content=\"Zainstaluj aplikacj\u0119 Betsamuro na iOS, Androidzie, Windowsie i macOS, \u017ceby gra\u0107 w ponad 6000 gier kasynowych gdziekolwiek jeste\u015b. P\u0142ynne dzia\u0142anie, synchronizacja konta i wsparcie 24\/7 \u2013 wszystko to w Betsamuro.\" \/>\n<meta property=\"og:url\" content=\"https:\/\/thebetsamuro.com\/pl\/aplikacja\/\" \/>\n<meta property=\"og:site_name\" content=\"betsamuro\" \/>\n<meta property=\"article:modified_time\" content=\"2026-03-20T14:04:25+00:00\" \/>\n<meta name=\"twitter:card\" content=\"summary_large_image\" \/>\n<meta name=\"twitter:label1\" content=\"Est. reading time\" \/>\n\t<meta name=\"twitter:data1\" content=\"2 minutes\" \/>\n<script type=\"application\/ld+json\" class=\"yoast-schema-graph\">{\"@context\":\"https:\\\/\\\/schema.org\",\"@graph\":[{\"@type\":\"WebPage\",\"@id\":\"https:\\\/\\\/thebetsamuro.com\\\/pl\\\/aplikacja\\\/\",\"url\":\"https:\\\/\\\/thebetsamuro.com\\\/pl\\\/aplikacja\\\/\",\"name\":\"Pobierz aplikacj\u0119 Betsamuro | iOS, Android i komputery stacjonarne\",\"isPartOf\":{\"@id\":\"https:\\\/\\\/thebetsamuro.com\\\/pl\\\/#website\"},\"datePublished\":\"2026-01-20T12:08:23+00:00\",\"dateModified\":\"2026-03-20T14:04:25+00:00\",\"description\":\"Zainstaluj aplikacj\u0119 Betsamuro na iOS, Androidzie, Windowsie i macOS, \u017ceby gra\u0107 w ponad 6000 gier kasynowych gdziekolwiek jeste\u015b. P\u0142ynne dzia\u0142anie, synchronizacja konta i wsparcie 24\\\/7 \u2013 wszystko to w Betsamuro.\",\"breadcrumb\":{\"@id\":\"https:\\\/\\\/thebetsamuro.com\\\/pl\\\/aplikacja\\\/#breadcrumb\"},\"inLanguage\":\"pl-PL\",\"potentialAction\":[{\"@type\":\"ReadAction\",\"target\":[\"https:\\\/\\\/thebetsamuro.com\\\/pl\\\/aplikacja\\\/\"]}]},{\"@type\":\"BreadcrumbList\",\"@id\":\"https:\\\/\\\/thebetsamuro.com\\\/pl\\\/aplikacja\\\/#breadcrumb\",\"itemListElement\":[{\"@type\":\"ListItem\",\"position\":1,\"name\":\"Betsamuro\",\"item\":\"https:\\\/\\\/thebetsamuro.com\\\/pl\\\/\"},{\"@type\":\"ListItem\",\"position\":2,\"name\":\"Aplikacja\"}]},{\"@type\":\"WebSite\",\"@id\":\"https:\\\/\\\/thebetsamuro.com\\\/pl\\\/#website\",\"url\":\"https:\\\/\\\/thebetsamuro.com\\\/pl\\\/\",\"name\":\"Betsamuro\",\"description\":\"\",\"publisher\":{\"@id\":\"https:\\\/\\\/thebetsamuro.com\\\/pl\\\/#organization\"},\"potentialAction\":[{\"@type\":\"SearchAction\",\"target\":{\"@type\":\"EntryPoint\",\"urlTemplate\":\"https:\\\/\\\/thebetsamuro.com\\\/pl\\\/?s={search_term_string}\"},\"query-input\":{\"@type\":\"PropertyValueSpecification\",\"valueRequired\":true,\"valueName\":\"search_term_string\"}}],\"inLanguage\":\"pl-PL\"},{\"@type\":\"Organization\",\"@id\":\"https:\\\/\\\/thebetsamuro.com\\\/pl\\\/#organization\",\"name\":\"Betsamuro\",\"url\":\"https:\\\/\\\/thebetsamuro.com\\\/pl\\\/\",\"logo\":{\"@type\":\"ImageObject\",\"inLanguage\":\"pl-PL\",\"@id\":\"https:\\\/\\\/thebetsamuro.com\\\/pl\\\/#\\\/schema\\\/logo\\\/image\\\/\",\"url\":\"https:\\\/\\\/thebetsamuro.com\\\/wp-content\\\/uploads\\\/2026\\\/03\\\/betsamuro-logo.png\",\"contentUrl\":\"https:\\\/\\\/thebetsamuro.com\\\/wp-content\\\/uploads\\\/2026\\\/03\\\/betsamuro-logo.png\",\"width\":150,\"height\":29,\"caption\":\"Betsamuro\"},\"image\":{\"@id\":\"https:\\\/\\\/thebetsamuro.com\\\/pl\\\/#\\\/schema\\\/logo\\\/image\\\/\"}}]}<\/script>\n<!-- \/ Yoast SEO plugin. -->","yoast_head_json":{"title":"Pobierz aplikacj\u0119 Betsamuro | iOS, Android i komputery stacjonarne","description":"Zainstaluj aplikacj\u0119 Betsamuro na iOS, Androidzie, Windowsie i macOS, \u017ceby gra\u0107 w ponad 6000 gier kasynowych gdziekolwiek jeste\u015b. P\u0142ynne dzia\u0142anie, synchronizacja konta i wsparcie 24\/7 \u2013 wszystko to w Betsamuro.","robots":{"index":"index","follow":"follow","max-snippet":"max-snippet:-1","max-image-preview":"max-image-preview:large","max-video-preview":"max-video-preview:-1"},"canonical":"https:\/\/thebetsamuro.com\/pl\/aplikacja\/","og_locale":"pl_PL","og_type":"article","og_title":"Pobierz aplikacj\u0119 Betsamuro | iOS, Android i komputery stacjonarne","og_description":"Zainstaluj aplikacj\u0119 Betsamuro na iOS, Androidzie, Windowsie i macOS, \u017ceby gra\u0107 w ponad 6000 gier kasynowych gdziekolwiek jeste\u015b. P\u0142ynne dzia\u0142anie, synchronizacja konta i wsparcie 24\/7 \u2013 wszystko to w Betsamuro.","og_url":"https:\/\/thebetsamuro.com\/pl\/aplikacja\/","og_site_name":"betsamuro","article_modified_time":"2026-03-20T14:04:25+00:00","twitter_card":"summary_large_image","twitter_misc":{"Est. reading time":"2 minutes"},"schema":{"@context":"https:\/\/schema.org","@graph":[{"@type":"WebPage","@id":"https:\/\/thebetsamuro.com\/pl\/aplikacja\/","url":"https:\/\/thebetsamuro.com\/pl\/aplikacja\/","name":"Pobierz aplikacj\u0119 Betsamuro | iOS, Android i komputery stacjonarne","isPartOf":{"@id":"https:\/\/thebetsamuro.com\/pl\/#website"},"datePublished":"2026-01-20T12:08:23+00:00","dateModified":"2026-03-20T14:04:25+00:00","description":"Zainstaluj aplikacj\u0119 Betsamuro na iOS, Androidzie, Windowsie i macOS, \u017ceby gra\u0107 w ponad 6000 gier kasynowych gdziekolwiek jeste\u015b. P\u0142ynne dzia\u0142anie, synchronizacja konta i wsparcie 24\/7 \u2013 wszystko to w Betsamuro.","breadcrumb":{"@id":"https:\/\/thebetsamuro.com\/pl\/aplikacja\/#breadcrumb"},"inLanguage":"pl-PL","potentialAction":[{"@type":"ReadAction","target":["https:\/\/thebetsamuro.com\/pl\/aplikacja\/"]}]},{"@type":"BreadcrumbList","@id":"https:\/\/thebetsamuro.com\/pl\/aplikacja\/#breadcrumb","itemListElement":[{"@type":"ListItem","position":1,"name":"Betsamuro","item":"https:\/\/thebetsamuro.com\/pl\/"},{"@type":"ListItem","position":2,"name":"Aplikacja"}]},{"@type":"WebSite","@id":"https:\/\/thebetsamuro.com\/pl\/#website","url":"https:\/\/thebetsamuro.com\/pl\/","name":"Betsamuro","description":"","publisher":{"@id":"https:\/\/thebetsamuro.com\/pl\/#organization"},"potentialAction":[{"@type":"SearchAction","target":{"@type":"EntryPoint","urlTemplate":"https:\/\/thebetsamuro.com\/pl\/?s={search_term_string}"},"query-input":{"@type":"PropertyValueSpecification","valueRequired":true,"valueName":"search_term_string"}}],"inLanguage":"pl-PL"},{"@type":"Organization","@id":"https:\/\/thebetsamuro.com\/pl\/#organization","name":"Betsamuro","url":"https:\/\/thebetsamuro.com\/pl\/","logo":{"@type":"ImageObject","inLanguage":"pl-PL","@id":"https:\/\/thebetsamuro.com\/pl\/#\/schema\/logo\/image\/","url":"https:\/\/thebetsamuro.com\/wp-content\/uploads\/2026\/03\/betsamuro-logo.png","contentUrl":"https:\/\/thebetsamuro.com\/wp-content\/uploads\/2026\/03\/betsamuro-logo.png","width":150,"height":29,"caption":"Betsamuro"},"image":{"@id":"https:\/\/thebetsamuro.com\/pl\/#\/schema\/logo\/image\/"}}]}},"_links":{"self":[{"href":"https:\/\/thebetsamuro.com\/pl\/wp-json\/wp\/v2\/pages\/1447","targetHints":{"allow":["GET"]}}],"collection":[{"href":"https:\/\/thebetsamuro.com\/pl\/wp-json\/wp\/v2\/pages"}],"about":[{"href":"https:\/\/thebetsamuro.com\/pl\/wp-json\/wp\/v2\/types\/page"}],"author":[{"embeddable":true,"href":"https:\/\/thebetsamuro.com\/pl\/wp-json\/wp\/v2\/users\/1"}],"replies":[{"embeddable":true,"href":"https:\/\/thebetsamuro.com\/pl\/wp-json\/wp\/v2\/comments?post=1447"}],"version-history":[{"count":3,"href":"https:\/\/thebetsamuro.com\/pl\/wp-json\/wp\/v2\/pages\/1447\/revisions"}],"predecessor-version":[{"id":1791,"href":"https:\/\/thebetsamuro.com\/pl\/wp-json\/wp\/v2\/pages\/1447\/revisions\/1791"}],"wp:attachment":[{"href":"https:\/\/thebetsamuro.com\/pl\/wp-json\/wp\/v2\/media?parent=1447"}],"curies":[{"name":"wp","href":"https:\/\/api.w.org\/{rel}","templated":true}]}}