{"id":1485,"date":"2026-01-20T12:11:11","date_gmt":"2026-01-20T12:11:11","guid":{"rendered":"https:\/\/bonuskongcasino.com\/login-and-registration\/"},"modified":"2026-03-20T13:48:46","modified_gmt":"2026-03-20T13:48:46","slug":"accesso-e-registrazione","status":"publish","type":"page","link":"https:\/\/thebetsamuro.com\/it\/accesso-e-registrazione\/","title":{"rendered":"Accesso e registrazione"},"content":{"rendered":"<h1>Accesso e registrazione a Betsamuro<\/h1>\n<p>Betsamuro login offre un ambiente responsabile e sicuro per giocare online quando accedi al tuo account per la prima volta o aggiorni il tuo profilo gi\u00e0 esistente. Il nostro casin\u00f2 \u00e8 un sito sicuro e senza complicazioni dove i giocatori italiani possono trovare una vasta scelta di giochi. Accedere a Betsamuro \u00e8 semplice, poich\u00e9 consente agli utenti verificati di accedere rapidamente al sito, mentre i nuovi arrivati possono utilizzare la registrazione per nuovi utenti della nostra piattaforma per accedere all&#8217;intera esperienza di gioco.<\/p>\n<p><div class=\"banner-wrap\" aria-label=\"Banner\"><img src=\"https:\/\/thebetsamuro.com\/wp-content\/uploads\/2026\/03\/banner-desktop.webp\" class=\"w-100 d-none d-lg-block img-pc main-banner-img\" alt=\"banner desktop\" fetchpriority=\"high\" decoding=\"async\"><img src=\"https:\/\/thebetsamuro.com\/wp-content\/uploads\/2026\/03\/banner-mobile.webp\" class=\"w-100 d-none d-md-block d-lg-none main-banner-img\" alt=\"banner mobile\" fetchpriority=\"high\" decoding=\"async\"><img src=\"https:\/\/thebetsamuro.com\/wp-content\/uploads\/2026\/03\/banner-mobile.webp\" class=\"w-100 d-md-none\" alt=\"banner mobile\" fetchpriority=\"high\" decoding=\"async\"><div class=\"banner-description\">\n<div class=\"banner-title\">Bonus di benvenuto<\/div>\n<p class=\"banner-header-title\">1500 \u20ac<\/p>\n<div class=\"banner-header-AdditionalText\">+ 250 Giri gratuiti<\/div>\n<button data-item=\"homepage_banner_link\" class=\"goto m-button m-gradient-border m-button--primary m-button--large banner-button btn-orange\">\n            <div class=\"m-button-content\">\n                <span>Iscriviti ora<\/span>\n                <span><\/span>\n            <\/div>\n        <\/button>\n<\/div>\n<div class=\"WelcomePack\">\n<p><img loading=\"lazy\" decoding=\"async\" class=\"alignnone size-full wp-image-1855\" src=\"https:\/\/thebetsamuro.com\/wp-content\/uploads\/2026\/03\/welcome-crown.png\" alt=\"welcome crown\" width=\"25\" height=\"26\" \/><\/p>\n<div class=\"WelcomePack-Info\">Cashback settimanale fino al 25%<\/div>\n<p><img loading=\"lazy\" decoding=\"async\" class=\"alignnone size-full wp-image-1855\" src=\"https:\/\/thebetsamuro.com\/wp-content\/uploads\/2026\/03\/welcome-crown.png\" alt=\"welcome crown\" width=\"25\" height=\"26\" \/><\/p>\n<\/div>\n<\/div><div class=\"scrollable-content-wrap my-5\"><div class=\"scrollable-content-inner\"><h2>Registrazione di un nuovo utente su Betsamuro Casino<\/h2>\n<p>La registrazione di un account su Betsamuro Casino consente l&#8217;accesso all&#8217;intero pacchetto di funzionalit\u00e0 quali giochi con denaro reale, bonus e offerte speciali. Il processo di registrazione \u00e8 rapido e semplice, in modo che i nuovi utenti possano creare i propri profili in modo sicuro e senza ritardi. Ti guideremo ora attraverso la procedura:<\/p>\n<ol>\n<li>Individua il pulsante \u201cRegistrati\u201d in un punto ben visibile nell&#8217;angolo in alto a destra della home page di Bet Samuro Casino.<\/li>\n<li>Inserisci la tua e-mail, crea una password sicura e aggiungi un codice promozionale (non obbligatorio).<\/li>\n<li>Assicurati di avere almeno 18 anni e di accettare i termini e le condizioni della piattaforma.<\/li>\n<li>Dopo aver compilato tutti i campi, procedi con la registrazione.<\/li>\n<\/ol>\n<p>Una volta compilato il modulo di registrazione, Bet Samuro ti invier\u00e0 un&#8217;e-mail di verifica all&#8217;indirizzo di posta elettronica registrato. Basta cliccare sul link contenuto nell&#8217;e-mail per attivare il tuo account. Se l&#8217;e-mail non arriva immediatamente, controlla la cartella dello spam o della posta indesiderata.<\/p>\n<h3>Processo di verifica<\/h3>\n<p>Dopo l&#8217;attivazione dell&#8217;account, la piattaforma chieder\u00e0 ai nuovi utenti di fornire ulteriori informazioni personali. Sebbene a questo punto siano facoltative, queste informazioni renderanno l&#8217;account pi\u00f9 sicuro e consentiranno un&#8217;elaborazione pi\u00f9 rapida dei prelievi. Il processo di verifica di Betsamuro deve essere completato quando si effettuano prelievi e depositi. Ci auguriamo che accetti di eseguire la verifica dell&#8217;account.<\/p>\n<table>\n<tbody>\n<tr>\n<td>Cosa ci serve per la verifica<\/td>\n<td>Documenti da fornire<\/td>\n<\/tr>\n<tr>\n<td>Passaporto o altro documento di identit\u00e0<\/td>\n<td>Carta d&#8217;identit\u00e0, patente di guida<\/td>\n<\/tr>\n<tr>\n<td>Prova della tua residenza<\/td>\n<td>Bolletta, estratto conto bancario, certificato di residenza<\/td>\n<\/tr>\n<tr>\n<td>Solvibilit\u00e0<\/td>\n<td>Prova della tua capacit\u00e0 di pagamento<\/td>\n<\/tr>\n<\/tbody>\n<\/table>\n<p><img loading=\"lazy\" decoding=\"async\" class=\"alignnone size-full wp-image-1959\" src=\"https:\/\/thebetsamuro.com\/wp-content\/uploads\/2026\/03\/Betsamuro-Login-Page.webp\" alt=\"Betsamuro Login Page\" width=\"1248\" height=\"536\" srcset=\"https:\/\/thebetsamuro.com\/wp-content\/uploads\/2026\/03\/Betsamuro-Login-Page.webp 1248w, https:\/\/thebetsamuro.com\/wp-content\/uploads\/2026\/03\/Betsamuro-Login-Page-300x129.webp 300w, https:\/\/thebetsamuro.com\/wp-content\/uploads\/2026\/03\/Betsamuro-Login-Page-1024x440.webp 1024w, https:\/\/thebetsamuro.com\/wp-content\/uploads\/2026\/03\/Betsamuro-Login-Page-768x330.webp 768w\" sizes=\"auto, (max-width: 1248px) 100vw, 1248px\" \/><\/p>\n<h2>Primo accesso a Betsamuro<\/h2>\n<p>Accedere a Betsamuro Casino per la prima volta \u00e8 veloce. Ecco come fare (i passaggi sono simili a quelli della procedura di registrazione).<\/p>\n<ol>\n<li>Vai alla pagina di accesso di Betsamuro (vicino al pulsante \u201cRegistrati\u201d);<\/li>\n<li>Inserisci l&#8217;indirizzo e-mail e la password registrati per accedere al tuo account.<\/li>\n<li>Agli utenti che utilizzano l&#8217;autenticazione a due fattori (2FA) potrebbe essere richiesto di inserire un codice di verifica generato da un&#8217;applicazione di autenticazione o inviato tramite SMS per aumentare la sicurezza.<\/li>\n<\/ol>\n<p>Fatto! Sei nel nostro sistema.<\/p>\n<p>Un consiglio: mantieni segreti i tuoi dati di accesso. Il team di assistenza clienti \u00e8 sempre a tua disposizione tramite live chat o e-mail in caso di problemi relativi all&#8217;accesso. Per garantire un&#8217;esperienza utente impeccabile, il team di assistenza risolver\u00e0 qualsiasi problema di accesso il prima possibile quando ci contatterai.<\/p>\n<h2>Gestione di un account Betsamuro Casino<\/h2>\n<p>Una volta effettuato l&#8217;accesso al tuo account, avrai pieno accesso alla tua dashboard di gioco. Gli utenti possono visualizzare il saldo attuale, effettuare depositi e prelievi, nonch\u00e9 tenere sotto controllo le offerte bonus. La dashboard garantisce trasparenza e la possibilit\u00e0 di gestire tutti i bonus, le transazioni recenti, la cronologia dei giochi e persino i depositi. Hai il controllo su tutto.<\/p>\n<p>Nel nostro casin\u00f2 utilizziamo diversi livelli di protezione per garantire la sicurezza dell&#8217;account. L&#8217;autenticazione a due fattori \u00e8 una funzionalit\u00e0 aggiuntiva che aggiunge un ulteriore passaggio per proteggere il tuo account, utilizzando Google o messaggi SMS (se utilizzi un numero di telefono). Ricorda per\u00f2 che in questo modo non potrai effettuare l&#8217;accesso a Bet Samuro senza ricevere il codice di verifica, quindi tieni sempre il tuo dispositivo a portata di mano. Si tratta di un&#8217;ottima misura di sicurezza contro gli accessi non autorizzati.<\/p>\n<p>Inoltre, una delle cose pi\u00f9 importanti su Betsamuro, fondamentale per ogni giocatore, \u00e8 il processo di verifica chiamato KYC (Know Your Customer). Come funziona?<\/p>\n<p>Ci invii i tuoi documenti, la prova di residenza e i documenti di identit\u00e0 \u2192 li controlliamo entro 48 ore \u2192 ricevi l&#8217;e-mail di conferma \u2192 effettui il login su Betsamuro \u2192 i tuoi conti sono attivi e funzionanti \u2192 ti godi l&#8217;esperienza di casin\u00f2 al completo.<\/p>\n<p>Oltre a questo, hai a disposizione la tua dashboard e speriamo che tu possa gestire il tuo account con facilit\u00e0 e piacere!<\/p>\n<h3>Recupero password<\/h3>\n<p>Hai perso la password? Non preoccuparti! Il processo di recupero della password \u00e8 semplice. Nella pagina di accesso a Betsamuro, una delle opzioni \u00e8 &#8220;Hai dimenticato la password?&#8221;, che ti chiede di inserire il tuo indirizzo e-mail registrato. Poco dopo, ti invieremo un link per reimpostare la password. Cliccaci sopra e ripristina le tue informazioni.<\/p>\n<h2>Misure di sicurezza<\/h2>\n<p>Betsamuro Casino dispone di rigorose misure di sicurezza per proteggere i dati degli utenti e le transazioni finanziarie. Queste misure prevedono un processo di verifica che include l&#8217;invio di documenti di identit\u00e0 rilasciati dal governo, la verifica degli indirizzi e l&#8217;utilizzo di metodi di pagamento sicuri.<\/p>\n<p>Ci\u00f2 contribuir\u00e0 a prevenire frodi e furti di identit\u00e0, poich\u00e9 ogni transazione e attivit\u00e0 dell&#8217;account verr\u00e0 controllata due volte e convalidata. Il processo di verifica richiede in genere non pi\u00f9 di 48 ore, dopodich\u00e9 il team di assistenza verificher\u00e0 la tua identit\u00e0 tramite e-mail. Inoltre, l&#8217;assistenza multilingue \u00e8 disponibile tramite una speciale chat live e via e-mail, in molte lingue! Questa funzione garantisce un&#8217;assistenza tempestiva e competente per qualsiasi problema relativo alla sicurezza per gli utenti delle diverse regioni.<\/p>\n<h2>Domande frequenti<\/h2>\n<h3>Posso provare i giochi in modalit\u00e0 demo prima della registrazione?<\/h3>\n<p>S\u00ec, Betsamuro Casino dispone di una versione demo. Ogni utente curioso pu\u00f2 giocare ai giochi scelti senza registrarsi, semplicemente per conoscerci. Questo \u00e8 il modo migliore per abituarsi alle meccaniche e alle caratteristiche dei giochi prima di investire denaro reale. Sei pronto a scommettere fondi reali e vincere alla grande? Registrati con noi.<\/p>\n<h3>Posso effettuare l&#8217;accesso a Betsamuro pi\u00f9 volte?<\/h3>\n<p>Se le credenziali sono corrette, \u00e8 possibile. In caso contrario, in genere puoi effettuare l&#8217;accesso tutte le volte che desideri su diversi dispositivi e da diverse localit\u00e0. La piattaforma garantir\u00e0 che tutte le attivit\u00e0 dell&#8217;account siano sincronizzate su tutti i dispositivi. L&#8217;accesso a Betsamuro dovrebbe essere privo di problemi, a meno che non lo faccia un centinaio di volte!<\/p>\n<h3>Quanto tempo richiede il processo di verifica?<\/h3>\n<p>Non richiede mai molto tempo. Il processo di verifica su Betsamuro Casino di solito non richiede pi\u00f9 di 48 ore. I documenti caricati durante questo lasso di tempo vengono solitamente esaminati dal nostro team di assistenza per verificare la tua identit\u00e0, il tuo indirizzo e la titolarit\u00e0 del metodo di pagamento.<\/p>\n<\/div><\/div><\/p>\n","protected":false},"excerpt":{"rendered":"<p>Accesso e registrazione a Betsamuro Betsamuro login offre un ambiente responsabile e sicuro per giocare online quando accedi al tuo account per la prima volta o aggiorni il tuo profilo gi\u00e0 esistente. Il nostro casin\u00f2 \u00e8 un sito sicuro e senza complicazioni dove i giocatori italiani possono trovare una vasta scelta di giochi. Accedere a [&hellip;]<\/p>\n","protected":false},"author":1,"featured_media":0,"parent":0,"menu_order":0,"comment_status":"closed","ping_status":"closed","template":"template-builder.php","meta":{"_acf_changed":false,"inline_featured_image":false,"footnotes":""},"class_list":["post-1485","page","type-page","status-publish","hentry"],"acf":[],"yoast_head":"<!-- This site is optimized with the Yoast SEO plugin v27.3 - https:\/\/yoast.com\/product\/yoast-seo-wordpress\/ -->\n<title>Betsamuro Login - Accesso sicuro alla registrazione e al login<\/title>\n<meta name=\"description\" content=\"Accesso a Betsamuro: accedi al tuo account in modo sicuro o creane uno nuovo in pochi minuti. Gestisci facilmente la verifica, il recupero della password e le impostazioni dell&#039;account in Betsamuro.\" \/>\n<meta name=\"robots\" content=\"index, follow, max-snippet:-1, max-image-preview:large, max-video-preview:-1\" \/>\n<link rel=\"canonical\" href=\"https:\/\/thebetsamuro.com\/it\/accesso-e-registrazione\/\" \/>\n<meta property=\"og:locale\" content=\"it_IT\" \/>\n<meta property=\"og:type\" content=\"article\" \/>\n<meta property=\"og:title\" content=\"Betsamuro Login - Accesso sicuro alla registrazione e al login\" \/>\n<meta property=\"og:description\" content=\"Accesso a Betsamuro: accedi al tuo account in modo sicuro o creane uno nuovo in pochi minuti. Gestisci facilmente la verifica, il recupero della password e le impostazioni dell&#039;account in Betsamuro.\" \/>\n<meta property=\"og:url\" content=\"https:\/\/thebetsamuro.com\/it\/accesso-e-registrazione\/\" \/>\n<meta property=\"og:site_name\" content=\"betsamuro\" \/>\n<meta property=\"article:modified_time\" content=\"2026-03-20T13:48:46+00:00\" \/>\n<meta name=\"twitter:card\" content=\"summary_large_image\" \/>\n<meta name=\"twitter:label1\" content=\"Est. reading time\" \/>\n\t<meta name=\"twitter:data1\" content=\"1 minute\" \/>\n<script type=\"application\/ld+json\" class=\"yoast-schema-graph\">{\"@context\":\"https:\\\/\\\/schema.org\",\"@graph\":[{\"@type\":\"WebPage\",\"@id\":\"https:\\\/\\\/thebetsamuro.com\\\/it\\\/accesso-e-registrazione\\\/\",\"url\":\"https:\\\/\\\/thebetsamuro.com\\\/it\\\/accesso-e-registrazione\\\/\",\"name\":\"Betsamuro Login - Accesso sicuro alla registrazione e al login\",\"isPartOf\":{\"@id\":\"https:\\\/\\\/thebetsamuro.com\\\/it\\\/#website\"},\"datePublished\":\"2026-01-20T12:11:11+00:00\",\"dateModified\":\"2026-03-20T13:48:46+00:00\",\"description\":\"Accesso a Betsamuro: accedi al tuo account in modo sicuro o creane uno nuovo in pochi minuti. Gestisci facilmente la verifica, il recupero della password e le impostazioni dell'account in Betsamuro.\",\"breadcrumb\":{\"@id\":\"https:\\\/\\\/thebetsamuro.com\\\/it\\\/accesso-e-registrazione\\\/#breadcrumb\"},\"inLanguage\":\"it-IT\",\"potentialAction\":[{\"@type\":\"ReadAction\",\"target\":[\"https:\\\/\\\/thebetsamuro.com\\\/it\\\/accesso-e-registrazione\\\/\"]}]},{\"@type\":\"BreadcrumbList\",\"@id\":\"https:\\\/\\\/thebetsamuro.com\\\/it\\\/accesso-e-registrazione\\\/#breadcrumb\",\"itemListElement\":[{\"@type\":\"ListItem\",\"position\":1,\"name\":\"Betsamuro\",\"item\":\"https:\\\/\\\/thebetsamuro.com\\\/it\\\/\"},{\"@type\":\"ListItem\",\"position\":2,\"name\":\"Accesso e registrazione\"}]},{\"@type\":\"WebSite\",\"@id\":\"https:\\\/\\\/thebetsamuro.com\\\/it\\\/#website\",\"url\":\"https:\\\/\\\/thebetsamuro.com\\\/it\\\/\",\"name\":\"Betsamuro\",\"description\":\"\",\"publisher\":{\"@id\":\"https:\\\/\\\/thebetsamuro.com\\\/it\\\/#organization\"},\"potentialAction\":[{\"@type\":\"SearchAction\",\"target\":{\"@type\":\"EntryPoint\",\"urlTemplate\":\"https:\\\/\\\/thebetsamuro.com\\\/it\\\/?s={search_term_string}\"},\"query-input\":{\"@type\":\"PropertyValueSpecification\",\"valueRequired\":true,\"valueName\":\"search_term_string\"}}],\"inLanguage\":\"it-IT\"},{\"@type\":\"Organization\",\"@id\":\"https:\\\/\\\/thebetsamuro.com\\\/it\\\/#organization\",\"name\":\"Betsamuro\",\"url\":\"https:\\\/\\\/thebetsamuro.com\\\/it\\\/\",\"logo\":{\"@type\":\"ImageObject\",\"inLanguage\":\"it-IT\",\"@id\":\"https:\\\/\\\/thebetsamuro.com\\\/it\\\/#\\\/schema\\\/logo\\\/image\\\/\",\"url\":\"https:\\\/\\\/thebetsamuro.com\\\/wp-content\\\/uploads\\\/2026\\\/03\\\/betsamuro-logo.png\",\"contentUrl\":\"https:\\\/\\\/thebetsamuro.com\\\/wp-content\\\/uploads\\\/2026\\\/03\\\/betsamuro-logo.png\",\"width\":150,\"height\":29,\"caption\":\"Betsamuro\"},\"image\":{\"@id\":\"https:\\\/\\\/thebetsamuro.com\\\/it\\\/#\\\/schema\\\/logo\\\/image\\\/\"}}]}<\/script>\n<!-- \/ Yoast SEO plugin. -->","yoast_head_json":{"title":"Betsamuro Login - Accesso sicuro alla registrazione e al login","description":"Accesso a Betsamuro: accedi al tuo account in modo sicuro o creane uno nuovo in pochi minuti. Gestisci facilmente la verifica, il recupero della password e le impostazioni dell'account in Betsamuro.","robots":{"index":"index","follow":"follow","max-snippet":"max-snippet:-1","max-image-preview":"max-image-preview:large","max-video-preview":"max-video-preview:-1"},"canonical":"https:\/\/thebetsamuro.com\/it\/accesso-e-registrazione\/","og_locale":"it_IT","og_type":"article","og_title":"Betsamuro Login - Accesso sicuro alla registrazione e al login","og_description":"Accesso a Betsamuro: accedi al tuo account in modo sicuro o creane uno nuovo in pochi minuti. Gestisci facilmente la verifica, il recupero della password e le impostazioni dell'account in Betsamuro.","og_url":"https:\/\/thebetsamuro.com\/it\/accesso-e-registrazione\/","og_site_name":"betsamuro","article_modified_time":"2026-03-20T13:48:46+00:00","twitter_card":"summary_large_image","twitter_misc":{"Est. reading time":"1 minute"},"schema":{"@context":"https:\/\/schema.org","@graph":[{"@type":"WebPage","@id":"https:\/\/thebetsamuro.com\/it\/accesso-e-registrazione\/","url":"https:\/\/thebetsamuro.com\/it\/accesso-e-registrazione\/","name":"Betsamuro Login - Accesso sicuro alla registrazione e al login","isPartOf":{"@id":"https:\/\/thebetsamuro.com\/it\/#website"},"datePublished":"2026-01-20T12:11:11+00:00","dateModified":"2026-03-20T13:48:46+00:00","description":"Accesso a Betsamuro: accedi al tuo account in modo sicuro o creane uno nuovo in pochi minuti. Gestisci facilmente la verifica, il recupero della password e le impostazioni dell'account in Betsamuro.","breadcrumb":{"@id":"https:\/\/thebetsamuro.com\/it\/accesso-e-registrazione\/#breadcrumb"},"inLanguage":"it-IT","potentialAction":[{"@type":"ReadAction","target":["https:\/\/thebetsamuro.com\/it\/accesso-e-registrazione\/"]}]},{"@type":"BreadcrumbList","@id":"https:\/\/thebetsamuro.com\/it\/accesso-e-registrazione\/#breadcrumb","itemListElement":[{"@type":"ListItem","position":1,"name":"Betsamuro","item":"https:\/\/thebetsamuro.com\/it\/"},{"@type":"ListItem","position":2,"name":"Accesso e registrazione"}]},{"@type":"WebSite","@id":"https:\/\/thebetsamuro.com\/it\/#website","url":"https:\/\/thebetsamuro.com\/it\/","name":"Betsamuro","description":"","publisher":{"@id":"https:\/\/thebetsamuro.com\/it\/#organization"},"potentialAction":[{"@type":"SearchAction","target":{"@type":"EntryPoint","urlTemplate":"https:\/\/thebetsamuro.com\/it\/?s={search_term_string}"},"query-input":{"@type":"PropertyValueSpecification","valueRequired":true,"valueName":"search_term_string"}}],"inLanguage":"it-IT"},{"@type":"Organization","@id":"https:\/\/thebetsamuro.com\/it\/#organization","name":"Betsamuro","url":"https:\/\/thebetsamuro.com\/it\/","logo":{"@type":"ImageObject","inLanguage":"it-IT","@id":"https:\/\/thebetsamuro.com\/it\/#\/schema\/logo\/image\/","url":"https:\/\/thebetsamuro.com\/wp-content\/uploads\/2026\/03\/betsamuro-logo.png","contentUrl":"https:\/\/thebetsamuro.com\/wp-content\/uploads\/2026\/03\/betsamuro-logo.png","width":150,"height":29,"caption":"Betsamuro"},"image":{"@id":"https:\/\/thebetsamuro.com\/it\/#\/schema\/logo\/image\/"}}]}},"_links":{"self":[{"href":"https:\/\/thebetsamuro.com\/it\/wp-json\/wp\/v2\/pages\/1485","targetHints":{"allow":["GET"]}}],"collection":[{"href":"https:\/\/thebetsamuro.com\/it\/wp-json\/wp\/v2\/pages"}],"about":[{"href":"https:\/\/thebetsamuro.com\/it\/wp-json\/wp\/v2\/types\/page"}],"author":[{"embeddable":true,"href":"https:\/\/thebetsamuro.com\/it\/wp-json\/wp\/v2\/users\/1"}],"replies":[{"embeddable":true,"href":"https:\/\/thebetsamuro.com\/it\/wp-json\/wp\/v2\/comments?post=1485"}],"version-history":[{"count":3,"href":"https:\/\/thebetsamuro.com\/it\/wp-json\/wp\/v2\/pages\/1485\/revisions"}],"predecessor-version":[{"id":2064,"href":"https:\/\/thebetsamuro.com\/it\/wp-json\/wp\/v2\/pages\/1485\/revisions\/2064"}],"wp:attachment":[{"href":"https:\/\/thebetsamuro.com\/it\/wp-json\/wp\/v2\/media?parent=1485"}],"curies":[{"name":"wp","href":"https:\/\/api.w.org\/{rel}","templated":true}]}}