{"id":1445,"date":"2026-01-20T12:08:23","date_gmt":"2026-01-20T12:08:23","guid":{"rendered":"https:\/\/bonuskongcasino.com\/app\/"},"modified":"2026-03-20T13:47:07","modified_gmt":"2026-03-20T13:47:07","slug":"applicazione","status":"publish","type":"page","link":"https:\/\/thebetsamuro.com\/it\/applicazione\/","title":{"rendered":"Applicazione"},"content":{"rendered":"<h1>Piattaforma mobile Betsamuro<\/h1>\n<p>Betsamuro app \u00e8 la nostra piattaforma mobile a misura di giocatore che offre un ecosistema sicuro, comodo e completo. I giocatori italiani possono godere della stessa esperienza di gioco di qualit\u00e0 sui loro smartphone, tablet e desktop: forniamo sicurezza avanzata e assistenza clienti. L&#8217;autenticazione \u00e8 semplice e l&#8217;infrastruttura della piattaforma \u00e8 progettata per supportare l&#8217;esecuzione fluida dei giochi e pagamenti rapidi. Le possibilit\u00e0 di vincita attraverso bonus e tornei nella nostra app migliorano l&#8217;esperienza complessiva e offrono intrattenimento costante.<\/p>\n<div class=\"banner-wrap\" aria-label=\"Banner\"><img src=\"https:\/\/thebetsamuro.com\/wp-content\/uploads\/2026\/03\/banner-desktop.webp\" class=\"w-100 d-none d-lg-block img-pc main-banner-img\" alt=\"banner desktop\" fetchpriority=\"high\" decoding=\"async\"><img src=\"https:\/\/thebetsamuro.com\/wp-content\/uploads\/2026\/03\/banner-mobile.webp\" class=\"w-100 d-none d-md-block d-lg-none main-banner-img\" alt=\"banner mobile\" fetchpriority=\"high\" decoding=\"async\"><img src=\"https:\/\/thebetsamuro.com\/wp-content\/uploads\/2026\/03\/banner-mobile.webp\" class=\"w-100 d-md-none\" alt=\"banner mobile\" fetchpriority=\"high\" decoding=\"async\"><div class=\"banner-description\">\n<div class=\"banner-title\">Bonus di benvenuto<\/div>\n<p class=\"banner-header-title\">1500 \u20ac<\/p>\n<div class=\"banner-header-AdditionalText\">+ 250 Giri gratuiti<\/div>\n<button data-item=\"homepage_banner_link\" class=\"goto m-button m-gradient-border m-button--primary m-button--large banner-button btn-orange\">\n            <div class=\"m-button-content\">\n                <span>Iscriviti ora<\/span>\n                <span><\/span>\n            <\/div>\n        <\/button>\n<\/div>\n<div class=\"WelcomePack\">\n<p><img loading=\"lazy\" decoding=\"async\" class=\"alignnone size-full wp-image-1855\" src=\"https:\/\/thebetsamuro.com\/wp-content\/uploads\/2026\/03\/welcome-crown.png\" alt=\"welcome crown\" width=\"25\" height=\"26\" \/><\/p>\n<div class=\"WelcomePack-Info\">Cashback settimanale fino al 25%<\/div>\n<p><img loading=\"lazy\" decoding=\"async\" class=\"alignnone size-full wp-image-1855\" src=\"https:\/\/thebetsamuro.com\/wp-content\/uploads\/2026\/03\/welcome-crown.png\" alt=\"welcome crown\" width=\"25\" height=\"26\" \/><\/p>\n<\/div>\n<\/div>\n<h2>Accesso mobile su Bet Samuro<\/h2>\n<p>Forniamo una piattaforma di gioco integrata compatibile con vari dispositivi, in modo che sia possibile giocare ai propri giochi da casin\u00f2 preferiti nell&#8217;app Betsamuro. Ma cosa offre la nostra applicazione?<\/p>\n<ul>\n<li>L&#8217;app Bet Samuro \u00e8 tecnologicamente all&#8217;avanguardia.<\/li>\n<li>Accesso alla live chat 24 ore su 24, 7 giorni su 7.<\/li>\n<li>L&#8217;accesso a tutte le funzionalit\u00e0 dell&#8217;app \u00e8 veloce e stabile.<\/li>\n<li>Offriamo ai visitatori un ambiente sicuro e affidabile.<\/li>\n<li>Betsamuro Casino garantisce prestazioni elevate, sicurezza e soddisfazione degli utenti sia su dispositivi mobili che su computer.<\/li>\n<li>Puntiamo sulla praticit\u00e0.<\/li>\n<li>Presentiamo una piattaforma mobile completa che pu\u00f2 essere personalizzata in base alle esigenze dei giocatori di oggi su Bet Samuro Casino.<\/li>\n<\/ul>\n<p>Giocare con smartphone e tablet \u00e8 un gioco da ragazzi perch\u00e9 il casin\u00f2 mobile \u00e8 progettato per essere navigabile facilmente, caricarsi rapidamente e allinearsi con funzionalit\u00e0 intuitive. Abbiamo un catalogo enorme di giochi: pi\u00f9 di 6.000 titoli interattivi, l&#8217;intera libreria di slot online, giochi da tavolo, casin\u00f2 dal vivo e molti giochi fantastici.<\/p>\n<p>Gli utenti possono accedere a tutti i nostri giochi live e online tramite i loro browser mobili senza alcun compromesso in termini di qualit\u00e0 e sicurezza. \u00c8 supportato su dispositivi iOS e Android, garantendo un&#8217;esperienza standard tra i sistemi operativi.<\/p>\n<p><div class=\"scrollable-content-wrap my-5\"><div class=\"scrollable-content-inner\"><h2>App Betsamuro Casino per iOS e Android<\/h2>\n<p>La nostra applicazione del casin\u00f2 \u00e8 disponibile sotto forma di PWA per telefoni iOS e Android. Si tratta di un&#8217;app esclusiva che migliora l&#8217;esperienza di gioco mobile. L&#8217;app Betsamuro \u00e8 fondamentalmente solo un&#8217;icona di collegamento: non occupa spazio extra nella memoria e non consuma pi\u00f9 batteria!<\/p>\n<p>Puoi scaricare Betsamuro Casino direttamente dal nostro sito e non richiede una grande quantit\u00e0 di spazio di archiviazione. Dispone inoltre di tutte le funzionalit\u00e0 importanti per le app, come gli aggiornamenti automatici e le notifiche push, in modo che i giocatori possano rimanere informati su eventi come promozioni, tornei e attivit\u00e0 dell&#8217;account senza dover aprire l&#8217;app.<\/p>\n<p>L&#8217;applicazione ha un layout intuitivo che rende la navigazione tra una vasta selezione di giochi facile e divertente. I giocatori possono anche regolare l&#8217;importo della puntata, far girare le slot e comunicare con i croupier dal vivo grazie ai comandi touch ottimizzati. L&#8217;app Betsamuro \u00e8 molto sicura grazie al protocollo TLS 1.3 e a firewall per applicazioni web cos\u00ec potenti da rendere impossibili gli attacchi informatici. Inoltre, utilizziamo metodi di pagamento sicuri, il che rende l&#8217;ambiente di gioco protetto.<\/p>\n<p><img loading=\"lazy\" decoding=\"async\" class=\"alignnone size-full wp-image-1935\" src=\"https:\/\/thebetsamuro.com\/wp-content\/uploads\/2026\/03\/Betsamuro-Casino-for-iOS.webp\" alt=\"Betsamuro Casino for iOS\" width=\"1248\" height=\"536\" srcset=\"https:\/\/thebetsamuro.com\/wp-content\/uploads\/2026\/03\/Betsamuro-Casino-for-iOS.webp 1248w, https:\/\/thebetsamuro.com\/wp-content\/uploads\/2026\/03\/Betsamuro-Casino-for-iOS-300x129.webp 300w, https:\/\/thebetsamuro.com\/wp-content\/uploads\/2026\/03\/Betsamuro-Casino-for-iOS-1024x440.webp 1024w, https:\/\/thebetsamuro.com\/wp-content\/uploads\/2026\/03\/Betsamuro-Casino-for-iOS-768x330.webp 768w\" sizes=\"auto, (max-width: 1248px) 100vw, 1248px\" \/><\/p>\n<\/div><\/div><div style=\"clear: both\"><\/div><div class=\"d-flex justify-content-center\"><button data-item=\"decouvrez_link\" data-group=\"website_links\" class=\"goto fw-bold rounded-pill btn btn-orange\" aria-label=\"Scarica l&#039;app Betsamuro\" >Scarica l&#039;app Betsamuro<\/button><\/div><div class=\"scrollable-content-wrap my-5\"><div class=\"scrollable-content-inner\"><h2>App Betsamuro per Windows e Mac<\/h2>\n<p>I giocatori che amano giocare sui desktop hanno a disposizione applicazioni dedicate per Windows e Mac per Betsamuro Casino. Queste applicazioni desktop offrono una prospettiva pi\u00f9 ampia della piattaforma, la possibilit\u00e0 di giocare a schermo intero e una grafica di qualit\u00e0. Le versioni desktop offrono inoltre prestazioni elevate e funzionalit\u00e0 di sicurezza. La nostra versione mobile non \u00e8 mai stata migliore! Se scegli l&#8217;app Betsamuro, la tua esperienza di gioco sar\u00e0 impeccabile e sicura. Perch\u00e9 lo pensiamo? Giudica tu stesso:<\/p>\n<ul>\n<li>Non ci sono problemi con l&#8217;installazione o l&#8217;aggiornamento dell&#8217;applicazione desktop.<\/li>\n<li>Puoi sempre, e in tempo, accedere alle funzionalit\u00e0 pi\u00f9 recenti, alle nuove uscite di giochi e alle offerte promozionali.<\/li>\n<li>Il nostro team di assistenza ti aiuta con tutto ci\u00f2 che \u00e8 possibile fare sul sito web, compresa la gestione dell&#8217;account, i prelievi, i depositi e la verifica.<\/li>\n<\/ul>\n<p>La nostra app Betsamuro \u00e8 sicura e comoda se vuoi giocare su uno schermo grande. Niente pu\u00f2 interrompere il tuo gioco, quindi siamo un&#8217;ottima opzione per giocare regolarmente.<\/p>\n<p><img loading=\"lazy\" decoding=\"async\" class=\"alignnone size-full wp-image-1943\" src=\"https:\/\/thebetsamuro.com\/wp-content\/uploads\/2026\/03\/Betsamuro-Application-for-PC.webp\" alt=\"Betsamuro Application for PC\" width=\"1248\" height=\"536\" srcset=\"https:\/\/thebetsamuro.com\/wp-content\/uploads\/2026\/03\/Betsamuro-Application-for-PC.webp 1248w, https:\/\/thebetsamuro.com\/wp-content\/uploads\/2026\/03\/Betsamuro-Application-for-PC-300x129.webp 300w, https:\/\/thebetsamuro.com\/wp-content\/uploads\/2026\/03\/Betsamuro-Application-for-PC-1024x440.webp 1024w, https:\/\/thebetsamuro.com\/wp-content\/uploads\/2026\/03\/Betsamuro-Application-for-PC-768x330.webp 768w\" sizes=\"auto, (max-width: 1248px) 100vw, 1248px\" \/><\/p>\n<\/div><\/div><div style=\"clear: both\"><\/div><div class=\"d-flex justify-content-center\"><button data-item=\"decouvrez_link\" data-group=\"website_links\" class=\"goto fw-bold rounded-pill btn btn-orange\" aria-label=\"Scarica Betsamuro\" >Scarica Betsamuro<\/button><\/div><div class=\"scrollable-content-wrap my-5\"><div class=\"scrollable-content-inner\"><h2>Sicurezza e vantaggi della PWA<\/h2>\n<p>L&#8217;applicazione web progressiva di Betsamuro \u00e8 una combinazione dei vantaggi delle applicazioni web e native. Offre diversi vantaggi:<\/p>\n<ul>\n<li>capacit\u00e0 di caricarsi rapidamente;<\/li>\n<li>giocare offline;<\/li>\n<li>e aggiornamento automatico.<\/li>\n<\/ul>\n<p>Abbiamo i pi\u00f9 alti standard di sicurezza. La tecnologia Transport Layer Security (TLS) e la crittografia dei dati proteggono i dati di pagamento e le informazioni personali durante le transazioni. Un sistema WAF respinge gli attacchi di virus e truffatori. Dai un&#8217;occhiata alla tabella comparativa che pu\u00f2 aiutarti a decidere su quale dei tuoi dispositivi \u00e8 meglio installare l&#8217;app Betsamuro:<\/p>\n<table>\n<tbody>\n<tr>\n<td>Caratteristica<\/td>\n<td>App per iOS e Android<\/td>\n<td>App Betsamuro per Windows e Mac<\/td>\n<\/tr>\n<tr>\n<td>Metodo di installazione<\/td>\n<td>\u201cApp Casin\u00f2\u201d installazione<\/td>\n<td>Collegamento per desktop dedicato<\/td>\n<\/tr>\n<tr>\n<td>Ottimizzazione del dispositivo<\/td>\n<td>Ottimizzata per smartphone e tablet con comandi touch, non per dispositivi con tasti o vecchie versioni di Android<\/td>\n<td>Progettato per schermi pi\u00f9 grandi con interfaccia utente desktop completa, non per vecchi televisori<\/td>\n<\/tr>\n<tr>\n<td>Interfaccia utente<\/td>\n<td>Interfaccia intuitiva e ottimizzata per il touch<\/td>\n<td>Visualizzazione a schermo intero con grafica avanzata<\/td>\n<\/tr>\n<tr>\n<td>Prestazioni<\/td>\n<td>Gameplay veloce e fluido ottimizzato per l&#8217;hardware mobile<\/td>\n<td>Prestazioni elevate con grafica migliorata e multitasking<\/td>\n<\/tr>\n<tr>\n<td>Notifiche push<\/td>\n<td>Supportate, avvisi per promozioni, aggiornamenti, SMS<\/td>\n<td>Non applicabile; principalmente tramite notifiche desktop<\/td>\n<\/tr>\n<tr>\n<td>Misure di sicurezza<\/td>\n<td>Crittografia dei dati, Secure Socket Layer (TLS), processo di verifica<\/td>\n<td>Stessi standard di sicurezza, crittografia e verifica<\/td>\n<\/tr>\n<tr>\n<td>Comodit\u00e0<\/td>\n<td>Gioca ovunque ti trovi, modalit\u00e0 silenziosa<\/td>\n<td>Accesso completo su desktop, nessuna riproduzione offline<\/td>\n<\/tr>\n<\/tbody>\n<\/table>\n<p>Utilizzando l&#8217;app Betsamuro, puoi stare certo che l&#8217;ambiente di gioco \u00e8 sicuro e stabile. Le misure di sicurezza della piattaforma comprendono controlli periodici, la certificazione RNG a garanzia di un funzionamento equo e il rigoroso rispetto degli standard normativi. I giocatori possono porre domande o richiedere assistenza tecnica contattando il servizio clienti tramite la funzione di chat live; il personale \u00e8 quindi a disposizione per fornire assistenza.<\/p>\n<h2>Domande frequenti<\/h2>\n<h3>I bonus e i tornei sono disponibili anche sull&#8217;app?<\/h3>\n<p>S\u00ec, tutti i bonus, le offerte di benvenuto, i giri gratuiti e i tornei sono disponibili anche tramite l&#8217;app Betsamuro. Tutti i nostri membri possono partecipare alle promozioni in corso e ai tornei direttamente dai loro smartphone, mantenendo lo stesso livello di coinvolgimento della piattaforma desktop.<\/p>\n<h3>Posso giocare agli stessi giochi su dispositivo mobile e su desktop?<\/h3>\n<p>Bet Samuro Casino si assicura inoltre che tutto ci\u00f2 che \u00e8 presente nella nostra versione completa sia sempre sincronizzato con l&#8217;app mobile. Abbiamo lo stesso catalogo, le stesse campagne promozionali, gli stessi spettacoli dal vivo e gli stessi giochi in entrambe le varianti del casin\u00f2. Non ti perderai nulla; non preoccuparti. L&#8217;adattabilit\u00e0 della piattaforma garantisce un&#8217;esperienza di gioco ottimale su qualsiasi dispositivo.<\/p>\n<h3>L&#8217;app supporta le notifiche push?<\/h3>\n<p>L&#8217;app Betsamuro dispone di notifiche push! Tutti gli avvisi e tutti i messaggi ti vengono inviati come previsto. Questa funzione migliora l&#8217;esperienza di gioco e l&#8217;interazione informando i giocatori sui tornei in programma, sulle promozioni speciali e su altri importanti aggiornamenti dell&#8217;account.<\/p>\n<\/div><\/div>Content not found for the specified IDContent not found for the specified ID<\/p>\n","protected":false},"excerpt":{"rendered":"<p>Piattaforma mobile Betsamuro Betsamuro app \u00e8 la nostra piattaforma mobile a misura di giocatore che offre un ecosistema sicuro, comodo e completo. I giocatori italiani possono godere della stessa esperienza di gioco di qualit\u00e0 sui loro smartphone, tablet e desktop: forniamo sicurezza avanzata e assistenza clienti. L&#8217;autenticazione \u00e8 semplice e l&#8217;infrastruttura della piattaforma \u00e8 progettata [&hellip;]<\/p>\n","protected":false},"author":1,"featured_media":0,"parent":0,"menu_order":0,"comment_status":"closed","ping_status":"closed","template":"template-builder.php","meta":{"_acf_changed":false,"inline_featured_image":false,"footnotes":""},"class_list":["post-1445","page","type-page","status-publish","hentry"],"acf":[],"yoast_head":"<!-- This site is optimized with the Yoast SEO plugin v27.3 - https:\/\/yoast.com\/product\/yoast-seo-wordpress\/ -->\n<title>Scarica l&#039;app Betsamuro | iOS, Android e desktop<\/title>\n<meta name=\"description\" content=\"Installa l&#039;app Betsamuro su iOS, Android, Windows e macOS per giocare a oltre 6000 giochi da casin\u00f2 ovunque ti trovi. Prestazioni fluide, sincronizzazione dell&#039;account e assistenza 24 ore su 24, 7 giorni su 7: tutto questo in Betsamuro.\" \/>\n<meta name=\"robots\" content=\"index, follow, max-snippet:-1, max-image-preview:large, max-video-preview:-1\" \/>\n<link rel=\"canonical\" href=\"https:\/\/thebetsamuro.com\/it\/applicazione\/\" \/>\n<meta property=\"og:locale\" content=\"it_IT\" \/>\n<meta property=\"og:type\" content=\"article\" \/>\n<meta property=\"og:title\" content=\"Scarica l&#039;app Betsamuro | iOS, Android e desktop\" \/>\n<meta property=\"og:description\" content=\"Installa l&#039;app Betsamuro su iOS, Android, Windows e macOS per giocare a oltre 6000 giochi da casin\u00f2 ovunque ti trovi. Prestazioni fluide, sincronizzazione dell&#039;account e assistenza 24 ore su 24, 7 giorni su 7: tutto questo in Betsamuro.\" \/>\n<meta property=\"og:url\" content=\"https:\/\/thebetsamuro.com\/it\/applicazione\/\" \/>\n<meta property=\"og:site_name\" content=\"betsamuro\" \/>\n<meta property=\"article:modified_time\" content=\"2026-03-20T13:47:07+00:00\" \/>\n<meta name=\"twitter:card\" content=\"summary_large_image\" \/>\n<meta name=\"twitter:label1\" content=\"Est. reading time\" \/>\n\t<meta name=\"twitter:data1\" content=\"2 minutes\" \/>\n<script type=\"application\/ld+json\" class=\"yoast-schema-graph\">{\"@context\":\"https:\\\/\\\/schema.org\",\"@graph\":[{\"@type\":\"WebPage\",\"@id\":\"https:\\\/\\\/thebetsamuro.com\\\/it\\\/applicazione\\\/\",\"url\":\"https:\\\/\\\/thebetsamuro.com\\\/it\\\/applicazione\\\/\",\"name\":\"Scarica l'app Betsamuro | iOS, Android e desktop\",\"isPartOf\":{\"@id\":\"https:\\\/\\\/thebetsamuro.com\\\/it\\\/#website\"},\"datePublished\":\"2026-01-20T12:08:23+00:00\",\"dateModified\":\"2026-03-20T13:47:07+00:00\",\"description\":\"Installa l'app Betsamuro su iOS, Android, Windows e macOS per giocare a oltre 6000 giochi da casin\u00f2 ovunque ti trovi. Prestazioni fluide, sincronizzazione dell'account e assistenza 24 ore su 24, 7 giorni su 7: tutto questo in Betsamuro.\",\"breadcrumb\":{\"@id\":\"https:\\\/\\\/thebetsamuro.com\\\/it\\\/applicazione\\\/#breadcrumb\"},\"inLanguage\":\"it-IT\",\"potentialAction\":[{\"@type\":\"ReadAction\",\"target\":[\"https:\\\/\\\/thebetsamuro.com\\\/it\\\/applicazione\\\/\"]}]},{\"@type\":\"BreadcrumbList\",\"@id\":\"https:\\\/\\\/thebetsamuro.com\\\/it\\\/applicazione\\\/#breadcrumb\",\"itemListElement\":[{\"@type\":\"ListItem\",\"position\":1,\"name\":\"Betsamuro\",\"item\":\"https:\\\/\\\/thebetsamuro.com\\\/it\\\/\"},{\"@type\":\"ListItem\",\"position\":2,\"name\":\"Applicazione\"}]},{\"@type\":\"WebSite\",\"@id\":\"https:\\\/\\\/thebetsamuro.com\\\/it\\\/#website\",\"url\":\"https:\\\/\\\/thebetsamuro.com\\\/it\\\/\",\"name\":\"Betsamuro\",\"description\":\"\",\"publisher\":{\"@id\":\"https:\\\/\\\/thebetsamuro.com\\\/it\\\/#organization\"},\"potentialAction\":[{\"@type\":\"SearchAction\",\"target\":{\"@type\":\"EntryPoint\",\"urlTemplate\":\"https:\\\/\\\/thebetsamuro.com\\\/it\\\/?s={search_term_string}\"},\"query-input\":{\"@type\":\"PropertyValueSpecification\",\"valueRequired\":true,\"valueName\":\"search_term_string\"}}],\"inLanguage\":\"it-IT\"},{\"@type\":\"Organization\",\"@id\":\"https:\\\/\\\/thebetsamuro.com\\\/it\\\/#organization\",\"name\":\"Betsamuro\",\"url\":\"https:\\\/\\\/thebetsamuro.com\\\/it\\\/\",\"logo\":{\"@type\":\"ImageObject\",\"inLanguage\":\"it-IT\",\"@id\":\"https:\\\/\\\/thebetsamuro.com\\\/it\\\/#\\\/schema\\\/logo\\\/image\\\/\",\"url\":\"https:\\\/\\\/thebetsamuro.com\\\/wp-content\\\/uploads\\\/2026\\\/03\\\/betsamuro-logo.png\",\"contentUrl\":\"https:\\\/\\\/thebetsamuro.com\\\/wp-content\\\/uploads\\\/2026\\\/03\\\/betsamuro-logo.png\",\"width\":150,\"height\":29,\"caption\":\"Betsamuro\"},\"image\":{\"@id\":\"https:\\\/\\\/thebetsamuro.com\\\/it\\\/#\\\/schema\\\/logo\\\/image\\\/\"}}]}<\/script>\n<!-- \/ Yoast SEO plugin. -->","yoast_head_json":{"title":"Scarica l'app Betsamuro | iOS, Android e desktop","description":"Installa l'app Betsamuro su iOS, Android, Windows e macOS per giocare a oltre 6000 giochi da casin\u00f2 ovunque ti trovi. Prestazioni fluide, sincronizzazione dell'account e assistenza 24 ore su 24, 7 giorni su 7: tutto questo in Betsamuro.","robots":{"index":"index","follow":"follow","max-snippet":"max-snippet:-1","max-image-preview":"max-image-preview:large","max-video-preview":"max-video-preview:-1"},"canonical":"https:\/\/thebetsamuro.com\/it\/applicazione\/","og_locale":"it_IT","og_type":"article","og_title":"Scarica l'app Betsamuro | iOS, Android e desktop","og_description":"Installa l'app Betsamuro su iOS, Android, Windows e macOS per giocare a oltre 6000 giochi da casin\u00f2 ovunque ti trovi. Prestazioni fluide, sincronizzazione dell'account e assistenza 24 ore su 24, 7 giorni su 7: tutto questo in Betsamuro.","og_url":"https:\/\/thebetsamuro.com\/it\/applicazione\/","og_site_name":"betsamuro","article_modified_time":"2026-03-20T13:47:07+00:00","twitter_card":"summary_large_image","twitter_misc":{"Est. reading time":"2 minutes"},"schema":{"@context":"https:\/\/schema.org","@graph":[{"@type":"WebPage","@id":"https:\/\/thebetsamuro.com\/it\/applicazione\/","url":"https:\/\/thebetsamuro.com\/it\/applicazione\/","name":"Scarica l'app Betsamuro | iOS, Android e desktop","isPartOf":{"@id":"https:\/\/thebetsamuro.com\/it\/#website"},"datePublished":"2026-01-20T12:08:23+00:00","dateModified":"2026-03-20T13:47:07+00:00","description":"Installa l'app Betsamuro su iOS, Android, Windows e macOS per giocare a oltre 6000 giochi da casin\u00f2 ovunque ti trovi. Prestazioni fluide, sincronizzazione dell'account e assistenza 24 ore su 24, 7 giorni su 7: tutto questo in Betsamuro.","breadcrumb":{"@id":"https:\/\/thebetsamuro.com\/it\/applicazione\/#breadcrumb"},"inLanguage":"it-IT","potentialAction":[{"@type":"ReadAction","target":["https:\/\/thebetsamuro.com\/it\/applicazione\/"]}]},{"@type":"BreadcrumbList","@id":"https:\/\/thebetsamuro.com\/it\/applicazione\/#breadcrumb","itemListElement":[{"@type":"ListItem","position":1,"name":"Betsamuro","item":"https:\/\/thebetsamuro.com\/it\/"},{"@type":"ListItem","position":2,"name":"Applicazione"}]},{"@type":"WebSite","@id":"https:\/\/thebetsamuro.com\/it\/#website","url":"https:\/\/thebetsamuro.com\/it\/","name":"Betsamuro","description":"","publisher":{"@id":"https:\/\/thebetsamuro.com\/it\/#organization"},"potentialAction":[{"@type":"SearchAction","target":{"@type":"EntryPoint","urlTemplate":"https:\/\/thebetsamuro.com\/it\/?s={search_term_string}"},"query-input":{"@type":"PropertyValueSpecification","valueRequired":true,"valueName":"search_term_string"}}],"inLanguage":"it-IT"},{"@type":"Organization","@id":"https:\/\/thebetsamuro.com\/it\/#organization","name":"Betsamuro","url":"https:\/\/thebetsamuro.com\/it\/","logo":{"@type":"ImageObject","inLanguage":"it-IT","@id":"https:\/\/thebetsamuro.com\/it\/#\/schema\/logo\/image\/","url":"https:\/\/thebetsamuro.com\/wp-content\/uploads\/2026\/03\/betsamuro-logo.png","contentUrl":"https:\/\/thebetsamuro.com\/wp-content\/uploads\/2026\/03\/betsamuro-logo.png","width":150,"height":29,"caption":"Betsamuro"},"image":{"@id":"https:\/\/thebetsamuro.com\/it\/#\/schema\/logo\/image\/"}}]}},"_links":{"self":[{"href":"https:\/\/thebetsamuro.com\/it\/wp-json\/wp\/v2\/pages\/1445","targetHints":{"allow":["GET"]}}],"collection":[{"href":"https:\/\/thebetsamuro.com\/it\/wp-json\/wp\/v2\/pages"}],"about":[{"href":"https:\/\/thebetsamuro.com\/it\/wp-json\/wp\/v2\/types\/page"}],"author":[{"embeddable":true,"href":"https:\/\/thebetsamuro.com\/it\/wp-json\/wp\/v2\/users\/1"}],"replies":[{"embeddable":true,"href":"https:\/\/thebetsamuro.com\/it\/wp-json\/wp\/v2\/comments?post=1445"}],"version-history":[{"count":3,"href":"https:\/\/thebetsamuro.com\/it\/wp-json\/wp\/v2\/pages\/1445\/revisions"}],"predecessor-version":[{"id":2062,"href":"https:\/\/thebetsamuro.com\/it\/wp-json\/wp\/v2\/pages\/1445\/revisions\/2062"}],"wp:attachment":[{"href":"https:\/\/thebetsamuro.com\/it\/wp-json\/wp\/v2\/media?parent=1445"}],"curies":[{"name":"wp","href":"https:\/\/api.w.org\/{rel}","templated":true}]}}