{"id":1482,"date":"2026-01-20T12:11:11","date_gmt":"2026-01-20T12:11:11","guid":{"rendered":"https:\/\/bonuskongcasino.com\/login-and-registration\/"},"modified":"2026-03-20T12:28:39","modified_gmt":"2026-03-20T12:28:39","slug":"connexion-et-inscription","status":"publish","type":"page","link":"https:\/\/thebetsamuro.com\/fr\/connexion-et-inscription\/","title":{"rendered":"Connexion et inscription"},"content":{"rendered":"<h1>Connexion et inscription sur Betsamuro<\/h1>\n<p>Betsamuro login offre un environnement responsable et s\u00e9curis\u00e9 pour jouer \u00e0 des jeux en ligne, que vous vous connectiez \u00e0 votre compte pour la premi\u00e8re fois ou que vous mettiez \u00e0 jour votre profil existant. Notre casino est un site simple d&rsquo;utilisation et s\u00e9curis\u00e9 o\u00f9 les joueurs peuvent profiter d&rsquo;un large choix de jeux. La connexion \u00e0 Betsamuro est simple, car elle permet aux utilisateurs v\u00e9rifi\u00e9s d&rsquo;acc\u00e9der rapidement au site, et les nouveaux venus peuvent utiliser la fonction d&rsquo;inscription de notre plateforme pour profiter pleinement de l&rsquo;exp\u00e9rience de jeu.<\/p>\n<p><div class=\"banner-wrap\" aria-label=\"Banner\"><img src=\"https:\/\/thebetsamuro.com\/wp-content\/uploads\/2026\/03\/banner-desktop.webp\" class=\"w-100 d-none d-lg-block img-pc main-banner-img\" alt=\"banner desktop\" fetchpriority=\"high\" decoding=\"async\"><img src=\"https:\/\/thebetsamuro.com\/wp-content\/uploads\/2026\/03\/banner-mobile.webp\" class=\"w-100 d-none d-md-block d-lg-none main-banner-img\" alt=\"banner mobile\" fetchpriority=\"high\" decoding=\"async\"><img src=\"https:\/\/thebetsamuro.com\/wp-content\/uploads\/2026\/03\/banner-mobile.webp\" class=\"w-100 d-md-none\" alt=\"banner mobile\" fetchpriority=\"high\" decoding=\"async\"><div class=\"banner-description\">\n<div class=\"banner-title\">Bonus de bienvenue<\/div>\n<p class=\"banner-header-title\">1500 \u20ac<\/p>\n<div class=\"banner-header-AdditionalText\">+ 250 Tours gratuits<\/div>\n<button data-item=\"homepage_banner_link\" class=\"goto m-button m-gradient-border m-button--primary m-button--large banner-button btn-orange\">\n            <div class=\"m-button-content\">\n                <span>Inscrivez-vous d\u00e8s maintenant<\/span>\n                <span><\/span>\n            <\/div>\n        <\/button>\n<\/div>\n<div class=\"WelcomePack\">\n<p><img loading=\"lazy\" decoding=\"async\" class=\"alignnone size-full wp-image-1852\" src=\"https:\/\/thebetsamuro.com\/wp-content\/uploads\/2026\/03\/welcome-crown.png\" alt=\"welcome crown\" width=\"25\" height=\"26\" \/><\/p>\n<div class=\"WelcomePack-Info\">Cashback hebdomadaire jusqu&rsquo;\u00e0 25 %<\/div>\n<p><img loading=\"lazy\" decoding=\"async\" class=\"alignnone size-full wp-image-1852\" src=\"https:\/\/thebetsamuro.com\/wp-content\/uploads\/2026\/03\/welcome-crown.png\" alt=\"welcome crown\" width=\"25\" height=\"26\" \/><\/p>\n<\/div>\n<\/div><div class=\"scrollable-content-wrap my-5\"><div class=\"scrollable-content-inner\"><h2>Inscription des nouveaux utilisateurs au casino Betsamuro<\/h2>\n<p>L&rsquo;inscription d&rsquo;un compte sur Betsamuro Casino permet d&rsquo;acc\u00e9der \u00e0 l&rsquo;ensemble des fonctionnalit\u00e9s telles que les jeux en argent r\u00e9el, les bonus et les offres sp\u00e9ciales. Ce processus d&rsquo;inscription est rapide et facile afin que les nouveaux utilisateurs puissent cr\u00e9er leur profil en toute s\u00e9curit\u00e9 et sans d\u00e9lai. Nous allons vous guider \u00e0 travers cette proc\u00e9dure d\u00e8s maintenant :<\/p>\n<ol>\n<li>Rep\u00e9rez le bouton \u00ab S&rsquo;inscrire \u00bb situ\u00e9 bien en \u00e9vidence dans le coin sup\u00e9rieur droit de la page d&rsquo;accueil de Bet Samuro Casino.<\/li>\n<li>Saisissez votre adresse e-mail, cr\u00e9ez un mot de passe fort et ajoutez un code promotionnel (facultatif).<\/li>\n<li>Assurez-vous d&rsquo;avoir au moins 18 ans et acceptez les conditions g\u00e9n\u00e9rales de la plateforme.<\/li>\n<li>Une fois tous les champs remplis, proc\u00e9dez \u00e0 l&rsquo;inscription.<\/li>\n<\/ol>\n<p>Une fois le formulaire d&rsquo;inscription rempli, Bet Samuro vous envoie un e-mail de v\u00e9rification \u00e0 l&rsquo;adresse e-mail que vous avez indiqu\u00e9e. Il vous suffit de cliquer sur le lien contenu dans l&rsquo;e-mail pour activer votre compte. Si vous ne recevez pas l&rsquo;e-mail rapidement, v\u00e9rifiez votre dossier de courrier ind\u00e9sirable ou de spam.<\/p>\n<h3>Processus de v\u00e9rification<\/h3>\n<p>Une fois le compte activ\u00e9, la plateforme demandera aux nouveaux utilisateurs de fournir des informations personnelles suppl\u00e9mentaires. Bien que facultatives \u00e0 ce stade, ces informations renforceront la s\u00e9curit\u00e9 du compte et permettront un traitement plus rapide des retraits. Le processus de v\u00e9rification de Betsamuro doit \u00eatre effectu\u00e9 lors des retraits et des d\u00e9p\u00f4ts. Nous esp\u00e9rons que vous accepterez de proc\u00e9der \u00e0 la v\u00e9rification de votre compte.<\/p>\n<table>\n<tbody>\n<tr>\n<td>Ce dont nous avons besoin pour la v\u00e9rification<\/td>\n<td>Documents \u00e0 fournir<\/td>\n<\/tr>\n<tr>\n<td>Passeport ou autre pi\u00e8ce d&rsquo;identit\u00e9<\/td>\n<td>Votre carte d&rsquo;identit\u00e9, permis de conduire<\/td>\n<\/tr>\n<tr>\n<td>Justificatif de domicile<\/td>\n<td>Facture de services publics, relev\u00e9 bancaire, certificat de r\u00e9sidence<\/td>\n<\/tr>\n<tr>\n<td>Solvabilit\u00e9<\/td>\n<td>Justificatif de vos capacit\u00e9s de paiement<\/td>\n<\/tr>\n<\/tbody>\n<\/table>\n<p><img loading=\"lazy\" decoding=\"async\" class=\"alignnone size-full wp-image-1956\" src=\"https:\/\/thebetsamuro.com\/wp-content\/uploads\/2026\/03\/Betsamuro-Login-Page.webp\" alt=\"Betsamuro Login Page\" width=\"1248\" height=\"536\" srcset=\"https:\/\/thebetsamuro.com\/wp-content\/uploads\/2026\/03\/Betsamuro-Login-Page.webp 1248w, https:\/\/thebetsamuro.com\/wp-content\/uploads\/2026\/03\/Betsamuro-Login-Page-300x129.webp 300w, https:\/\/thebetsamuro.com\/wp-content\/uploads\/2026\/03\/Betsamuro-Login-Page-1024x440.webp 1024w, https:\/\/thebetsamuro.com\/wp-content\/uploads\/2026\/03\/Betsamuro-Login-Page-768x330.webp 768w\" sizes=\"auto, (max-width: 1248px) 100vw, 1248px\" \/><\/p>\n<h2>Premi\u00e8re connexion \u00e0 Betsamuro<\/h2>\n<p>La premi\u00e8re connexion au casino Betsamuro est rapide. Voici comment proc\u00e9der (les \u00e9tapes sont similaires \u00e0 celles de l&rsquo;inscription).<\/p>\n<ol>\n<li>Rendez-vous sur la page de connexion de Betsamuro (\u00e0 c\u00f4t\u00e9 du bouton \u00ab S&rsquo;inscrire \u00bb) ;<\/li>\n<li>Saisissez votre adresse e-mail et votre mot de passe pour vous connecter \u00e0 votre compte.<\/li>\n<li>Les utilisateurs de l&rsquo;authentification \u00e0 deux facteurs (2FA) peuvent \u00eatre invit\u00e9s \u00e0 saisir un code de v\u00e9rification g\u00e9n\u00e9r\u00e9 par une application d&rsquo;authentification ou envoy\u00e9 par SMS afin de renforcer la s\u00e9curit\u00e9.<\/li>\n<\/ol>\n<p>C&rsquo;est fait ! Vous \u00eates connect\u00e9 \u00e0 notre syst\u00e8me.<\/p>\n<p>Un bon conseil : gardez vos identifiants secrets. L&rsquo;\u00e9quipe du service client est toujours \u00e0 votre disposition via le chat en direct ou par e-mail en cas de probl\u00e8mes d&rsquo;acc\u00e8s. Afin de garantir une exp\u00e9rience utilisateur irr\u00e9prochable, l&rsquo;\u00e9quipe d&rsquo;assistance r\u00e9soudra tout probl\u00e8me de connexion d\u00e8s que possible lorsque vous nous contacterez.<\/p>\n<h2>G\u00e9rer un compte Betsamuro Casino<\/h2>\n<p>Une fois connect\u00e9 \u00e0 votre compte, vous avez un acc\u00e8s complet \u00e0 votre tableau de bord de jeu. Les utilisateurs peuvent consulter leur solde actuel, effectuer des d\u00e9p\u00f4ts et des retraits, ainsi que suivre les offres de bonus. La transparence et la possibilit\u00e9 de g\u00e9rer tous les bonus, les transactions r\u00e9centes, l&rsquo;historique des jeux et m\u00eame les d\u00e9p\u00f4ts sont toutes disponibles dans le tableau de bord. Vous avez le contr\u00f4le sur tout.<\/p>\n<p>Nous utilisons plusieurs niveaux de protection sur notre casino pour garantir la s\u00e9curit\u00e9 des comptes. L&rsquo;authentification \u00e0 deux facteurs est une fonctionnalit\u00e9 suppl\u00e9mentaire qui ajoute une \u00e9tape suppl\u00e9mentaire pour prot\u00e9ger votre compte, via Google ou des SMS (si vous utilisez un num\u00e9ro de t\u00e9l\u00e9phone). Mais n&rsquo;oubliez pas que, de cette mani\u00e8re, vous ne pouvez pas vous connecter \u00e0 Bet Samuro sans recevoir le code de v\u00e9rification ; veillez donc \u00e0 toujours avoir votre appareil \u00e0 port\u00e9e de main. Il s&rsquo;agit d&rsquo;une bonne mesure de s\u00e9curit\u00e9 contre les acc\u00e8s non autoris\u00e9s.<\/p>\n<p>Par ailleurs, l&rsquo;un des aspects les plus importants chez Betsamuro, et crucial pour chaque joueur, est le processus de v\u00e9rification appel\u00e9 KYC (Know Your Customer). Comment cela se passe-t-il ?<\/p>\n<p>Vous nous envoyez vos documents, un justificatif de domicile et vos pi\u00e8ces d&rsquo;identit\u00e9 \u2192 nous les v\u00e9rifions dans les 48 heures \u2192 vous recevez un e-mail de confirmation \u2192 vous vous connectez \u00e0 Betsamuro \u2192 vos comptes sont activ\u00e9s et op\u00e9rationnels \u2192 vous profitez pleinement de l&rsquo;exp\u00e9rience du casino.<\/p>\n<p>En outre, vous disposez de votre propre tableau de bord, et nous esp\u00e9rons que vous g\u00e9rerez votre compte avec facilit\u00e9 et plaisir !<\/p>\n<h3>R\u00e9cup\u00e9ration du mot de passe<\/h3>\n<p>Vous avez perdu votre mot de passe ? Pas de souci ! Le processus de r\u00e9cup\u00e9ration du mot de passe est simple. Sur la page de connexion de Betsamuro, l&rsquo;une des options est \u00ab Mot de passe oubli\u00e9 ? \u00bb, qui vous demande de saisir votre adresse e-mail enregistr\u00e9e. Peu apr\u00e8s, nous vous enverrons un lien de r\u00e9initialisation du mot de passe. Cliquez dessus et r\u00e9cup\u00e9rez vos informations.<\/p>\n<h2>Mesures de s\u00e9curit\u00e9<\/h2>\n<p>Betsamuro Casino a mis en place des mesures de s\u00e9curit\u00e9 strictes pour prot\u00e9ger les donn\u00e9es des utilisateurs et les transactions financi\u00e8res. Ces mesures comprennent un processus de v\u00e9rification, qui inclut la soumission de pi\u00e8ces d&rsquo;identit\u00e9 officielles, la v\u00e9rification d&rsquo;adresse et l&rsquo;utilisation de m\u00e9thodes de paiement s\u00e9curis\u00e9es.<\/p>\n<p>Cela permet de pr\u00e9venir la fraude et l&rsquo;usurpation d&rsquo;identit\u00e9, car chaque transaction et chaque activit\u00e9 sur le compte sont v\u00e9rifi\u00e9es deux fois et valid\u00e9es. Le processus de v\u00e9rification ne prend g\u00e9n\u00e9ralement pas plus de 48 heures, apr\u00e8s quoi l&rsquo;\u00e9quipe d&rsquo;assistance v\u00e9rifiera votre identit\u00e9 par e-mail. De plus, l&rsquo;assistance multilingue est disponible via un chat en direct et par e-mail, dans de nombreuses langues ! Cette fonctionnalit\u00e9 garantit une assistance rapide et experte pour toute question li\u00e9e \u00e0 la s\u00e9curit\u00e9 aux utilisateurs des diff\u00e9rentes r\u00e9gions.<\/p>\n<h2>FAQ<\/h2>\n<h3>Puis-je essayer les jeux en mode d\u00e9mo avant de m&rsquo;inscrire ?<\/h3>\n<p>Oui, Betsamuro Casino propose une version d\u00e9mo. Tout utilisateur curieux peut jouer aux jeux de son choix sans s&rsquo;inscrire, simplement pour faire connaissance avec nous. C&rsquo;est le meilleur moyen de se familiariser avec les m\u00e9canismes et les fonctionnalit\u00e9s des jeux avant d&rsquo;y investir de l&rsquo;argent r\u00e9el. Pr\u00eat \u00e0 miser de l&rsquo;argent r\u00e9el et \u00e0 gagner gros ? Inscrivez-vous chez nous.<\/p>\n<h3>Puis-je me connecter \u00e0 Betsamuro plusieurs fois ?<\/h3>\n<p>Tant que vos identifiants sont corrects, cela est possible. Sinon, vous pouvez g\u00e9n\u00e9ralement vous connecter aussi souvent que vous le souhaitez sur plusieurs appareils et depuis diff\u00e9rents endroits. La plateforme veillera \u00e0 ce que toutes les activit\u00e9s de votre compte soient synchronis\u00e9es entre les appareils. La connexion \u00e0 Betsamuro est cens\u00e9e se faire sans probl\u00e8me, \u00e0 moins que vous ne la tentiez une centaine de fois !<\/p>\n<h3>Combien de temps dure le processus de v\u00e9rification ?<\/h3>\n<p>Cela ne prend jamais longtemps. Le processus de v\u00e9rification chez Betsamuro Casino ne prend g\u00e9n\u00e9ralement pas plus de 48 heures. Les documents t\u00e9l\u00e9charg\u00e9s pendant cette p\u00e9riode sont g\u00e9n\u00e9ralement examin\u00e9s par notre \u00e9quipe d&rsquo;assistance afin de v\u00e9rifier votre identit\u00e9, votre adresse et la propri\u00e9t\u00e9 du moyen de paiement.<\/p>\n<\/div><\/div><\/p>\n","protected":false},"excerpt":{"rendered":"<p>Connexion et inscription sur Betsamuro Betsamuro login offre un environnement responsable et s\u00e9curis\u00e9 pour jouer \u00e0 des jeux en ligne, que vous vous connectiez \u00e0 votre compte pour la premi\u00e8re fois ou que vous mettiez \u00e0 jour votre profil existant. Notre casino est un site simple d&rsquo;utilisation et s\u00e9curis\u00e9 o\u00f9 les joueurs peuvent profiter d&rsquo;un [&hellip;]<\/p>\n","protected":false},"author":1,"featured_media":0,"parent":0,"menu_order":0,"comment_status":"closed","ping_status":"closed","template":"template-builder.php","meta":{"_acf_changed":false,"inline_featured_image":false,"footnotes":""},"class_list":["post-1482","page","type-page","status-publish","hentry"],"acf":[],"yoast_head":"<!-- This site is optimized with the Yoast SEO plugin v27.3 - https:\/\/yoast.com\/product\/yoast-seo-wordpress\/ -->\n<title>Betsamuro Login - Acc\u00e8s s\u00e9curis\u00e9 \u00e0 l&#039;inscription et \u00e0 la connexion<\/title>\n<meta name=\"description\" content=\"Connexion \u00e0 Betsamuro : acc\u00e9dez \u00e0 votre compte en toute s\u00e9curit\u00e9 ou cr\u00e9ez-en un nouveau en quelques minutes. G\u00e9rez facilement la v\u00e9rification, la r\u00e9cup\u00e9ration de mot de passe et les param\u00e8tres de votre compte dans Betsamuro.\" \/>\n<meta name=\"robots\" content=\"index, follow, max-snippet:-1, max-image-preview:large, max-video-preview:-1\" \/>\n<link rel=\"canonical\" href=\"https:\/\/thebetsamuro.com\/fr\/connexion-et-inscription\/\" \/>\n<meta property=\"og:locale\" content=\"fr_FR\" \/>\n<meta property=\"og:type\" content=\"article\" \/>\n<meta property=\"og:title\" content=\"Betsamuro Login - Acc\u00e8s s\u00e9curis\u00e9 \u00e0 l&#039;inscription et \u00e0 la connexion\" \/>\n<meta property=\"og:description\" content=\"Connexion \u00e0 Betsamuro : acc\u00e9dez \u00e0 votre compte en toute s\u00e9curit\u00e9 ou cr\u00e9ez-en un nouveau en quelques minutes. G\u00e9rez facilement la v\u00e9rification, la r\u00e9cup\u00e9ration de mot de passe et les param\u00e8tres de votre compte dans Betsamuro.\" \/>\n<meta property=\"og:url\" content=\"https:\/\/thebetsamuro.com\/fr\/connexion-et-inscription\/\" \/>\n<meta property=\"og:site_name\" content=\"betsamuro\" \/>\n<meta property=\"article:modified_time\" content=\"2026-03-20T12:28:39+00:00\" \/>\n<meta name=\"twitter:card\" content=\"summary_large_image\" \/>\n<meta name=\"twitter:label1\" content=\"Dur\u00e9e de lecture estim\u00e9e\" \/>\n\t<meta name=\"twitter:data1\" content=\"1 minute\" \/>\n<script type=\"application\/ld+json\" class=\"yoast-schema-graph\">{\"@context\":\"https:\\\/\\\/schema.org\",\"@graph\":[{\"@type\":\"WebPage\",\"@id\":\"https:\\\/\\\/thebetsamuro.com\\\/fr\\\/connexion-et-inscription\\\/\",\"url\":\"https:\\\/\\\/thebetsamuro.com\\\/fr\\\/connexion-et-inscription\\\/\",\"name\":\"Betsamuro Login - Acc\u00e8s s\u00e9curis\u00e9 \u00e0 l'inscription et \u00e0 la connexion\",\"isPartOf\":{\"@id\":\"https:\\\/\\\/thebetsamuro.com\\\/fr\\\/#website\"},\"datePublished\":\"2026-01-20T12:11:11+00:00\",\"dateModified\":\"2026-03-20T12:28:39+00:00\",\"description\":\"Connexion \u00e0 Betsamuro : acc\u00e9dez \u00e0 votre compte en toute s\u00e9curit\u00e9 ou cr\u00e9ez-en un nouveau en quelques minutes. G\u00e9rez facilement la v\u00e9rification, la r\u00e9cup\u00e9ration de mot de passe et les param\u00e8tres de votre compte dans Betsamuro.\",\"breadcrumb\":{\"@id\":\"https:\\\/\\\/thebetsamuro.com\\\/fr\\\/connexion-et-inscription\\\/#breadcrumb\"},\"inLanguage\":\"fr-FR\",\"potentialAction\":[{\"@type\":\"ReadAction\",\"target\":[\"https:\\\/\\\/thebetsamuro.com\\\/fr\\\/connexion-et-inscription\\\/\"]}]},{\"@type\":\"BreadcrumbList\",\"@id\":\"https:\\\/\\\/thebetsamuro.com\\\/fr\\\/connexion-et-inscription\\\/#breadcrumb\",\"itemListElement\":[{\"@type\":\"ListItem\",\"position\":1,\"name\":\"Betsamuro\",\"item\":\"https:\\\/\\\/thebetsamuro.com\\\/fr\\\/\"},{\"@type\":\"ListItem\",\"position\":2,\"name\":\"Connexion et inscription\"}]},{\"@type\":\"WebSite\",\"@id\":\"https:\\\/\\\/thebetsamuro.com\\\/fr\\\/#website\",\"url\":\"https:\\\/\\\/thebetsamuro.com\\\/fr\\\/\",\"name\":\"Betsamuro\",\"description\":\"\",\"publisher\":{\"@id\":\"https:\\\/\\\/thebetsamuro.com\\\/fr\\\/#organization\"},\"potentialAction\":[{\"@type\":\"SearchAction\",\"target\":{\"@type\":\"EntryPoint\",\"urlTemplate\":\"https:\\\/\\\/thebetsamuro.com\\\/fr\\\/?s={search_term_string}\"},\"query-input\":{\"@type\":\"PropertyValueSpecification\",\"valueRequired\":true,\"valueName\":\"search_term_string\"}}],\"inLanguage\":\"fr-FR\"},{\"@type\":\"Organization\",\"@id\":\"https:\\\/\\\/thebetsamuro.com\\\/fr\\\/#organization\",\"name\":\"Betsamuro\",\"url\":\"https:\\\/\\\/thebetsamuro.com\\\/fr\\\/\",\"logo\":{\"@type\":\"ImageObject\",\"inLanguage\":\"fr-FR\",\"@id\":\"https:\\\/\\\/thebetsamuro.com\\\/fr\\\/#\\\/schema\\\/logo\\\/image\\\/\",\"url\":\"https:\\\/\\\/thebetsamuro.com\\\/wp-content\\\/uploads\\\/2026\\\/03\\\/betsamuro-logo.png\",\"contentUrl\":\"https:\\\/\\\/thebetsamuro.com\\\/wp-content\\\/uploads\\\/2026\\\/03\\\/betsamuro-logo.png\",\"width\":150,\"height\":29,\"caption\":\"Betsamuro\"},\"image\":{\"@id\":\"https:\\\/\\\/thebetsamuro.com\\\/fr\\\/#\\\/schema\\\/logo\\\/image\\\/\"}}]}<\/script>\n<!-- \/ Yoast SEO plugin. -->","yoast_head_json":{"title":"Betsamuro Login - Acc\u00e8s s\u00e9curis\u00e9 \u00e0 l'inscription et \u00e0 la connexion","description":"Connexion \u00e0 Betsamuro : acc\u00e9dez \u00e0 votre compte en toute s\u00e9curit\u00e9 ou cr\u00e9ez-en un nouveau en quelques minutes. G\u00e9rez facilement la v\u00e9rification, la r\u00e9cup\u00e9ration de mot de passe et les param\u00e8tres de votre compte dans Betsamuro.","robots":{"index":"index","follow":"follow","max-snippet":"max-snippet:-1","max-image-preview":"max-image-preview:large","max-video-preview":"max-video-preview:-1"},"canonical":"https:\/\/thebetsamuro.com\/fr\/connexion-et-inscription\/","og_locale":"fr_FR","og_type":"article","og_title":"Betsamuro Login - Acc\u00e8s s\u00e9curis\u00e9 \u00e0 l'inscription et \u00e0 la connexion","og_description":"Connexion \u00e0 Betsamuro : acc\u00e9dez \u00e0 votre compte en toute s\u00e9curit\u00e9 ou cr\u00e9ez-en un nouveau en quelques minutes. G\u00e9rez facilement la v\u00e9rification, la r\u00e9cup\u00e9ration de mot de passe et les param\u00e8tres de votre compte dans Betsamuro.","og_url":"https:\/\/thebetsamuro.com\/fr\/connexion-et-inscription\/","og_site_name":"betsamuro","article_modified_time":"2026-03-20T12:28:39+00:00","twitter_card":"summary_large_image","twitter_misc":{"Dur\u00e9e de lecture estim\u00e9e":"1 minute"},"schema":{"@context":"https:\/\/schema.org","@graph":[{"@type":"WebPage","@id":"https:\/\/thebetsamuro.com\/fr\/connexion-et-inscription\/","url":"https:\/\/thebetsamuro.com\/fr\/connexion-et-inscription\/","name":"Betsamuro Login - Acc\u00e8s s\u00e9curis\u00e9 \u00e0 l'inscription et \u00e0 la connexion","isPartOf":{"@id":"https:\/\/thebetsamuro.com\/fr\/#website"},"datePublished":"2026-01-20T12:11:11+00:00","dateModified":"2026-03-20T12:28:39+00:00","description":"Connexion \u00e0 Betsamuro : acc\u00e9dez \u00e0 votre compte en toute s\u00e9curit\u00e9 ou cr\u00e9ez-en un nouveau en quelques minutes. G\u00e9rez facilement la v\u00e9rification, la r\u00e9cup\u00e9ration de mot de passe et les param\u00e8tres de votre compte dans Betsamuro.","breadcrumb":{"@id":"https:\/\/thebetsamuro.com\/fr\/connexion-et-inscription\/#breadcrumb"},"inLanguage":"fr-FR","potentialAction":[{"@type":"ReadAction","target":["https:\/\/thebetsamuro.com\/fr\/connexion-et-inscription\/"]}]},{"@type":"BreadcrumbList","@id":"https:\/\/thebetsamuro.com\/fr\/connexion-et-inscription\/#breadcrumb","itemListElement":[{"@type":"ListItem","position":1,"name":"Betsamuro","item":"https:\/\/thebetsamuro.com\/fr\/"},{"@type":"ListItem","position":2,"name":"Connexion et inscription"}]},{"@type":"WebSite","@id":"https:\/\/thebetsamuro.com\/fr\/#website","url":"https:\/\/thebetsamuro.com\/fr\/","name":"Betsamuro","description":"","publisher":{"@id":"https:\/\/thebetsamuro.com\/fr\/#organization"},"potentialAction":[{"@type":"SearchAction","target":{"@type":"EntryPoint","urlTemplate":"https:\/\/thebetsamuro.com\/fr\/?s={search_term_string}"},"query-input":{"@type":"PropertyValueSpecification","valueRequired":true,"valueName":"search_term_string"}}],"inLanguage":"fr-FR"},{"@type":"Organization","@id":"https:\/\/thebetsamuro.com\/fr\/#organization","name":"Betsamuro","url":"https:\/\/thebetsamuro.com\/fr\/","logo":{"@type":"ImageObject","inLanguage":"fr-FR","@id":"https:\/\/thebetsamuro.com\/fr\/#\/schema\/logo\/image\/","url":"https:\/\/thebetsamuro.com\/wp-content\/uploads\/2026\/03\/betsamuro-logo.png","contentUrl":"https:\/\/thebetsamuro.com\/wp-content\/uploads\/2026\/03\/betsamuro-logo.png","width":150,"height":29,"caption":"Betsamuro"},"image":{"@id":"https:\/\/thebetsamuro.com\/fr\/#\/schema\/logo\/image\/"}}]}},"_links":{"self":[{"href":"https:\/\/thebetsamuro.com\/fr\/wp-json\/wp\/v2\/pages\/1482","targetHints":{"allow":["GET"]}}],"collection":[{"href":"https:\/\/thebetsamuro.com\/fr\/wp-json\/wp\/v2\/pages"}],"about":[{"href":"https:\/\/thebetsamuro.com\/fr\/wp-json\/wp\/v2\/types\/page"}],"author":[{"embeddable":true,"href":"https:\/\/thebetsamuro.com\/fr\/wp-json\/wp\/v2\/users\/1"}],"replies":[{"embeddable":true,"href":"https:\/\/thebetsamuro.com\/fr\/wp-json\/wp\/v2\/comments?post=1482"}],"version-history":[{"count":3,"href":"https:\/\/thebetsamuro.com\/fr\/wp-json\/wp\/v2\/pages\/1482\/revisions"}],"predecessor-version":[{"id":2040,"href":"https:\/\/thebetsamuro.com\/fr\/wp-json\/wp\/v2\/pages\/1482\/revisions\/2040"}],"wp:attachment":[{"href":"https:\/\/thebetsamuro.com\/fr\/wp-json\/wp\/v2\/media?parent=1482"}],"curies":[{"name":"wp","href":"https:\/\/api.w.org\/{rel}","templated":true}]}}