{"id":1440,"date":"2026-01-20T12:08:23","date_gmt":"2026-01-20T12:08:23","guid":{"rendered":"https:\/\/bonuskongcasino.com\/app\/"},"modified":"2026-03-20T12:24:27","modified_gmt":"2026-03-20T12:24:27","slug":"app","status":"publish","type":"page","link":"https:\/\/thebetsamuro.com\/fr\/app\/","title":{"rendered":"App"},"content":{"rendered":"<h1>Plateforme mobile Betsamuro<\/h1>\n<p>Betsamuro app est notre plateforme mobile conviviale qui offre un \u00e9cosyst\u00e8me s\u00fbr, pratique et complet. Les joueurs peuvent profiter d&rsquo;une exp\u00e9rience de jeu de m\u00eame qualit\u00e9 sur leurs smartphones, tablettes et ordinateurs de bureau \u2014 nous fournissons une s\u00e9curit\u00e9 avanc\u00e9e et un service client de qualit\u00e9. L&rsquo;authentification est simple, et l&rsquo;infrastructure de la plateforme est con\u00e7ue pour garantir un fonctionnement fluide des jeux et des paiements rapides. Les chances de gagner gr\u00e2ce aux bonus et aux tournois de notre application am\u00e9liorent l&rsquo;exp\u00e9rience globale et offrent un divertissement constant.<\/p>\n<div class=\"banner-wrap\" aria-label=\"Banner\"><img src=\"https:\/\/thebetsamuro.com\/wp-content\/uploads\/2026\/03\/banner-desktop.webp\" class=\"w-100 d-none d-lg-block img-pc main-banner-img\" alt=\"banner desktop\" fetchpriority=\"high\" decoding=\"async\"><img src=\"https:\/\/thebetsamuro.com\/wp-content\/uploads\/2026\/03\/banner-mobile.webp\" class=\"w-100 d-none d-md-block d-lg-none main-banner-img\" alt=\"banner mobile\" fetchpriority=\"high\" decoding=\"async\"><img src=\"https:\/\/thebetsamuro.com\/wp-content\/uploads\/2026\/03\/banner-mobile.webp\" class=\"w-100 d-md-none\" alt=\"banner mobile\" fetchpriority=\"high\" decoding=\"async\"><div class=\"banner-description\">\n<div class=\"banner-title\">Bonus de bienvenue<\/div>\n<p class=\"banner-header-title\">1500 \u20ac<\/p>\n<div class=\"banner-header-AdditionalText\">+ 250 Tours gratuits<\/div>\n<button data-item=\"homepage_banner_link\" class=\"goto m-button m-gradient-border m-button--primary m-button--large banner-button btn-orange\">\n            <div class=\"m-button-content\">\n                <span>Inscrivez-vous d\u00e8s maintenant<\/span>\n                <span><\/span>\n            <\/div>\n        <\/button>\n<\/div>\n<div class=\"WelcomePack\">\n<p><img loading=\"lazy\" decoding=\"async\" class=\"alignnone size-full wp-image-1852\" src=\"https:\/\/thebetsamuro.com\/wp-content\/uploads\/2026\/03\/welcome-crown.png\" alt=\"welcome crown\" width=\"25\" height=\"26\" \/><\/p>\n<div class=\"WelcomePack-Info\">Cashback hebdomadaire jusqu&rsquo;\u00e0 25 %<\/div>\n<p><img loading=\"lazy\" decoding=\"async\" class=\"alignnone size-full wp-image-1852\" src=\"https:\/\/thebetsamuro.com\/wp-content\/uploads\/2026\/03\/welcome-crown.png\" alt=\"welcome crown\" width=\"25\" height=\"26\" \/><\/p>\n<\/div>\n<\/div>\n<h2>Acc\u00e8s mobile sur Bet Samuro<\/h2>\n<p>Nous proposons une plateforme de jeu int\u00e9gr\u00e9e compatible avec divers appareils, permettant ainsi de jouer \u00e0 ses jeux de casino pr\u00e9f\u00e9r\u00e9s dans l&rsquo;application Betsamuro. Mais qu&rsquo;est-ce que notre application peut vous apporter ?<\/p>\n<ul>\n<li>L&rsquo;application Bet Samuro est \u00e0 la pointe de la technologie.<\/li>\n<li>Acc\u00e8s au chat en direct 24h\/24 et 7j\/7.<\/li>\n<li>L&rsquo;acc\u00e8s \u00e0 toutes les fonctionnalit\u00e9s de l&rsquo;application est rapide et stable.<\/li>\n<li>Nous offrons \u00e0 nos visiteurs un environnement s\u00e9curis\u00e9 et fiable.<\/li>\n<li>Betsamuro Casino applique des normes \u00e9lev\u00e9es en mati\u00e8re de performances, de s\u00e9curit\u00e9 et de satisfaction des utilisateurs, tant sur mobile que sur ordinateur.<\/li>\n<li>Nous mettons l&rsquo;accent sur la commodit\u00e9.<\/li>\n<li>Nous proposons une plateforme mobile compl\u00e8te qui peut \u00eatre personnalis\u00e9e pour r\u00e9pondre aux besoins des joueurs d&rsquo;aujourd&rsquo;hui sur Bet Samuro Casino.<\/li>\n<\/ul>\n<p>Jouer sur smartphone ou tablette est un jeu d&rsquo;enfant, car le casino mobile est con\u00e7u pour offrir une navigation fluide, un chargement rapide et des fonctionnalit\u00e9s conviviales. Nous proposons un catalogue gigantesque de jeux : plus de 6 000 titres interactifs, comprenant l&rsquo;int\u00e9gralit\u00e9 de notre gamme de machines \u00e0 sous en ligne, de jeux de table, de casino en direct et de nombreux jeux sympas.<\/p>\n<p>Les utilisateurs peuvent acc\u00e9der \u00e0 tous nos jeux en direct et en ligne via leur navigateur mobile sans aucun compromis sur la qualit\u00e9 et la s\u00e9curit\u00e9. L&rsquo;application est compatible avec les appareils iOS et Android, garantissant une exp\u00e9rience identique sur tous les syst\u00e8mes d&rsquo;exploitation.<\/p>\n<p><div class=\"scrollable-content-wrap my-5\"><div class=\"scrollable-content-inner\"><h2>Application Betsamuro Casino pour iOS et Android<\/h2>\n<p>Notre application de casino se pr\u00e9sente sous la forme d&rsquo;une PWA pour les t\u00e9l\u00e9phones iOS et Android. Il s&rsquo;agit d&rsquo;une application exclusive qui am\u00e9liore l&rsquo;exp\u00e9rience de jeu sur mobile. L&rsquo;application Betsamuro n&rsquo;est en fait qu&rsquo;une ic\u00f4ne de raccourci : elle ne prend pas de place suppl\u00e9mentaire dans votre m\u00e9moire et ne consomme pas de batterie !<\/p>\n<p>Vous pouvez t\u00e9l\u00e9charger l&rsquo;application Betsamuro Casino directement sur notre site, et elle ne n\u00e9cessite pas beaucoup d&rsquo;espace de stockage. Elle dispose \u00e9galement de toutes les fonctionnalit\u00e9s importantes pour une application, telles que les mises \u00e0 jour automatiques et les notifications push, afin que les joueurs puissent rester inform\u00e9s des \u00e9v\u00e9nements comme les promotions, les tournois et l&rsquo;activit\u00e9 de leur compte sans avoir \u00e0 ouvrir l&rsquo;application.<\/p>\n<p>L&rsquo;application pr\u00e9sente une interface pratique qui rend la navigation parmi une vaste s\u00e9lection de jeux facile et agr\u00e9able. Les joueurs peuvent \u00e9galement ajuster la taille de leur mise, faire tourner les machines \u00e0 sous et communiquer avec les croupiers en direct gr\u00e2ce \u00e0 des commandes tactiles optimis\u00e9es. L&rsquo;application Betsamuro est tr\u00e8s s\u00e9curis\u00e9e gr\u00e2ce au protocole TLS 1.3 et \u00e0 des pare-feu d&rsquo;application web si puissants qu&rsquo;aucune cyberattaque n&rsquo;est possible. De plus, nous utilisons des m\u00e9thodes de paiement s\u00e9curis\u00e9es, ce qui rend l&rsquo;environnement de jeu s\u00fbr.<\/p>\n<p><img loading=\"lazy\" decoding=\"async\" class=\"alignnone size-full wp-image-1932\" src=\"https:\/\/thebetsamuro.com\/wp-content\/uploads\/2026\/03\/Betsamuro-Casino-for-iOS.webp\" alt=\"Betsamuro Casino for iOS\" width=\"1248\" height=\"536\" srcset=\"https:\/\/thebetsamuro.com\/wp-content\/uploads\/2026\/03\/Betsamuro-Casino-for-iOS.webp 1248w, https:\/\/thebetsamuro.com\/wp-content\/uploads\/2026\/03\/Betsamuro-Casino-for-iOS-300x129.webp 300w, https:\/\/thebetsamuro.com\/wp-content\/uploads\/2026\/03\/Betsamuro-Casino-for-iOS-1024x440.webp 1024w, https:\/\/thebetsamuro.com\/wp-content\/uploads\/2026\/03\/Betsamuro-Casino-for-iOS-768x330.webp 768w\" sizes=\"auto, (max-width: 1248px) 100vw, 1248px\" \/><\/p>\n<\/div><\/div><div style=\"clear: both\"><\/div><div class=\"d-flex justify-content-center\"><button data-item=\"decouvrez_link\" data-group=\"website_links\" class=\"goto fw-bold rounded-pill btn btn-orange\" aria-label=\"T\u00e9l\u00e9chargez l&#039;application Betsamuro\" >T\u00e9l\u00e9chargez l&#039;application Betsamuro<\/button><\/div><div class=\"scrollable-content-wrap my-5\"><div class=\"scrollable-content-inner\"><h2>Application Betsamuro pour Windows et Mac<\/h2>\n<p>Les joueurs qui aiment jouer sur ordinateur de bureau disposent d&rsquo;applications Windows et Mac distinctes et d\u00e9di\u00e9es pour Betsamuro Casino. Ces applications de bureau offrent une vue d&rsquo;ensemble plus large de la plateforme, un mode plein \u00e9cran et des graphismes optimis\u00e9s. Les versions de bureau offrent \u00e9galement des performances \u00e9lev\u00e9es et des fonctionnalit\u00e9s de s\u00e9curit\u00e9. Notre version mobile n&rsquo;a jamais \u00e9t\u00e9 aussi performante ! Soyez assur\u00e9 que si vous utilisez notre application Betsamuro, votre exp\u00e9rience de jeu sera fluide et s\u00e9curis\u00e9e. Pourquoi pensons-nous cela ? Jugez par vous-m\u00eame :<\/p>\n<ul>\n<li>L&rsquo;installation ou la mise \u00e0 jour de l&rsquo;application de bureau ne pose aucun probl\u00e8me.<\/li>\n<li>Vous pouvez toujours, et en temps voulu, acc\u00e9der aux derni\u00e8res fonctionnalit\u00e9s et aux nouvelles sorties de jeux, ainsi qu&rsquo;aux offres promotionnelles.<\/li>\n<li>Notre \u00e9quipe d&rsquo;assistance vous aide pour tout ce qui peut \u00eatre effectu\u00e9 sur le site web, y compris la gestion de compte, les retraits, les d\u00e9p\u00f4ts et la v\u00e9rification.<\/li>\n<\/ul>\n<p>Notre application Betsamuro est s\u00fbre et pratique si vous souhaitez jouer sur grand \u00e9cran. Rien ne peut interrompre votre partie, ce qui en fait un excellent choix pour jouer r\u00e9guli\u00e8rement.<\/p>\n<p><img loading=\"lazy\" decoding=\"async\" class=\"alignnone size-full wp-image-1940\" src=\"https:\/\/thebetsamuro.com\/wp-content\/uploads\/2026\/03\/Betsamuro-Application-for-PC.webp\" alt=\"Betsamuro Application for PC\" width=\"1248\" height=\"536\" srcset=\"https:\/\/thebetsamuro.com\/wp-content\/uploads\/2026\/03\/Betsamuro-Application-for-PC.webp 1248w, https:\/\/thebetsamuro.com\/wp-content\/uploads\/2026\/03\/Betsamuro-Application-for-PC-300x129.webp 300w, https:\/\/thebetsamuro.com\/wp-content\/uploads\/2026\/03\/Betsamuro-Application-for-PC-1024x440.webp 1024w, https:\/\/thebetsamuro.com\/wp-content\/uploads\/2026\/03\/Betsamuro-Application-for-PC-768x330.webp 768w\" sizes=\"auto, (max-width: 1248px) 100vw, 1248px\" \/><\/p>\n<\/div><\/div><div style=\"clear: both\"><\/div><div class=\"d-flex justify-content-center\"><button data-item=\"decouvrez_link\" data-group=\"website_links\" class=\"goto fw-bold rounded-pill btn btn-orange\" aria-label=\"T\u00e9l\u00e9charger Betsamuro\" >T\u00e9l\u00e9charger Betsamuro<\/button><\/div><div class=\"scrollable-content-wrap my-5\"><div class=\"scrollable-content-inner\"><h2>S\u00e9curit\u00e9 et avantages des PWA<\/h2>\n<p>L&rsquo;application web progressive Betsamuro combine les avantages des applications web et des applications natives. Elle pr\u00e9sente plusieurs avantages pour vous :<\/p>\n<ul>\n<li>un chargement rapide ;<\/li>\n<li>jeu hors ligne ;<\/li>\n<li>et mise \u00e0 jour automatique.<\/li>\n<\/ul>\n<p>Nous appliquons les normes de s\u00e9curit\u00e9 les plus strictes. La technologie TLS (Transport Layer Security) et le chiffrement des donn\u00e9es prot\u00e8gent les informations de paiement et les donn\u00e9es personnelles lors des transactions. Un syst\u00e8me WAF bloque les attaques de virus et d&rsquo;escrocs. Consultez le tableau comparatif qui vous aidera \u00e0 d\u00e9terminer sur quel appareil il est pr\u00e9f\u00e9rable d&rsquo;installer l&rsquo;application Betsamuro :<\/p>\n<table>\n<tbody>\n<tr>\n<td>Fonctionnalit\u00e9<\/td>\n<td>Application iOS et Android<\/td>\n<td>Application Betsamuro pour Windows et Mac<\/td>\n<\/tr>\n<tr>\n<td>M\u00e9thode d&rsquo;installation<\/td>\n<td>Installation de \u00ab Casino App \u00bb<\/td>\n<td>Raccourci pour bureau d\u00e9di\u00e9<\/td>\n<\/tr>\n<tr>\n<td>Optimisation pour les appareils<\/td>\n<td>Optimis\u00e9e pour les smartphones et les tablettes \u00e0 commande tactile, non compatible avec les appareils \u00e0 boutons ou les anciennes versions d&rsquo;Android<\/td>\n<td>Con\u00e7u pour les grands \u00e9crans avec une interface utilisateur de bureau compl\u00e8te, non compatible avec les anciens t\u00e9l\u00e9viseurs<\/td>\n<\/tr>\n<tr>\n<td>Interface utilisateur<\/td>\n<td>Interface conviviale et optimis\u00e9e pour le tactile<\/td>\n<td>Affichage plein \u00e9cran avec des graphismes avanc\u00e9s<\/td>\n<\/tr>\n<tr>\n<td>Performances<\/td>\n<td>Gameplay rapide et fluide, optimis\u00e9 pour le mat\u00e9riel mobile<\/td>\n<td>Haute performance avec des graphismes am\u00e9lior\u00e9s et le multit\u00e2che<\/td>\n<\/tr>\n<tr>\n<td>Notifications push<\/td>\n<td>Prise en charge, alertes pour les promotions, les mises \u00e0 jour, les SMS<\/td>\n<td>Sans objet ; principalement via des notifications sur ordinateur<\/td>\n<\/tr>\n<tr>\n<td>Mesures de s\u00e9curit\u00e9<\/td>\n<td>Chiffrement des donn\u00e9es, protocole SSL (TLS), processus de v\u00e9rification<\/td>\n<td>M\u00eames normes de s\u00e9curit\u00e9, cryptage et v\u00e9rification<\/td>\n<\/tr>\n<tr>\n<td>Commodit\u00e9<\/td>\n<td>Jouez o\u00f9 que vous soyez, mode silencieux<\/td>\n<td>Acc\u00e8s complet sur ordinateur, pas de jeu hors ligne<\/td>\n<\/tr>\n<\/tbody>\n<\/table>\n<p>En utilisant l&rsquo;application Betsamuro, vous pouvez \u00eatre s\u00fbr que l&rsquo;environnement de jeu est s\u00e9curis\u00e9 et stable. Les fonctionnalit\u00e9s de s\u00e9curit\u00e9 de la plateforme comprennent des audits r\u00e9guliers, une certification RNG pour garantir un fonctionnement \u00e9quitable et un respect strict des normes r\u00e9glementaires. Les joueurs peuvent poser des questions ou demander une assistance technique en contactant le service client via la fonctionnalit\u00e9 de chat en direct ; celui-ci est ainsi disponible pour les aider.<\/p>\n<h2>FAQ<\/h2>\n<h3>Les bonus et les tournois sont-ils \u00e9galement disponibles sur l&rsquo;application ?<\/h3>\n<p>Oui, tous les bonus, offres de bienvenue, tours gratuits et tournois sont \u00e9galement disponibles via l&rsquo;application Betsamuro. Tous nos membres peuvent participer aux promotions en cours et aux tournois directement depuis leur smartphone, tout en b\u00e9n\u00e9ficiant du m\u00eame niveau d&rsquo;exp\u00e9rience que sur la plateforme pour ordinateur.<\/p>\n<h3>Puis-je jouer aux m\u00eames jeux sur mobile que sur ordinateur ?<\/h3>\n<p>Bet Samuro Casino veille \u00e9galement \u00e0 ce que tout ce qui se trouve dans notre version compl\u00e8te soit toujours synchronis\u00e9 avec l&rsquo;application mobile. Nous proposons le m\u00eame catalogue, les m\u00eames campagnes promotionnelles, ainsi que les m\u00eames spectacles et jeux en direct dans les deux versions du casino. Vous ne manquez rien ; ne vous inqui\u00e9tez pas. L&rsquo;adaptabilit\u00e9 de la plateforme garantit une exp\u00e9rience de jeu optimale sur n&rsquo;importe quel appareil.<\/p>\n<h3>L&rsquo;application prend-elle en charge les notifications push ?<\/h3>\n<p>L&rsquo;application Betsamuro dispose bien de notifications push ! Toutes les alertes et tous les messages vous parviennent comme il se doit. Cette fonctionnalit\u00e9 am\u00e9liore l&rsquo;exp\u00e9rience de jeu et l&rsquo;interaction en informant les joueurs des tournois \u00e0 venir, des promotions sp\u00e9ciales et d&rsquo;autres mises \u00e0 jour importantes concernant leur compte.<\/p>\n<\/div><\/div><\/p>\n","protected":false},"excerpt":{"rendered":"<p>Plateforme mobile Betsamuro Betsamuro app est notre plateforme mobile conviviale qui offre un \u00e9cosyst\u00e8me s\u00fbr, pratique et complet. Les joueurs peuvent profiter d&rsquo;une exp\u00e9rience de jeu de m\u00eame qualit\u00e9 sur leurs smartphones, tablettes et ordinateurs de bureau \u2014 nous fournissons une s\u00e9curit\u00e9 avanc\u00e9e et un service client de qualit\u00e9. L&rsquo;authentification est simple, et l&rsquo;infrastructure de [&hellip;]<\/p>\n","protected":false},"author":1,"featured_media":0,"parent":0,"menu_order":0,"comment_status":"closed","ping_status":"closed","template":"template-builder.php","meta":{"_acf_changed":false,"inline_featured_image":false,"footnotes":""},"class_list":["post-1440","page","type-page","status-publish","hentry"],"acf":[],"yoast_head":"<!-- This site is optimized with the Yoast SEO plugin v27.3 - https:\/\/yoast.com\/product\/yoast-seo-wordpress\/ -->\n<title>T\u00e9l\u00e9chargement de l&#039;application Betsamuro | iOS, Android et ordinateur de bureau<\/title>\n<meta name=\"description\" content=\"Installez l&#039;application Betsamuro sur iOS, Android, Windows et macOS pour jouer \u00e0 plus de 6 000 jeux de casino o\u00f9 que vous soyez. Performances fluides, synchronisation des comptes et assistance 24 h\/24, 7 j\/7 : tout cela dans Betsamuro.\" \/>\n<meta name=\"robots\" content=\"index, follow, max-snippet:-1, max-image-preview:large, max-video-preview:-1\" \/>\n<link rel=\"canonical\" href=\"https:\/\/thebetsamuro.com\/fr\/app\/\" \/>\n<meta property=\"og:locale\" content=\"fr_FR\" \/>\n<meta property=\"og:type\" content=\"article\" \/>\n<meta property=\"og:title\" content=\"T\u00e9l\u00e9chargement de l&#039;application Betsamuro | iOS, Android et ordinateur de bureau\" \/>\n<meta property=\"og:description\" content=\"Installez l&#039;application Betsamuro sur iOS, Android, Windows et macOS pour jouer \u00e0 plus de 6 000 jeux de casino o\u00f9 que vous soyez. Performances fluides, synchronisation des comptes et assistance 24 h\/24, 7 j\/7 : tout cela dans Betsamuro.\" \/>\n<meta property=\"og:url\" content=\"https:\/\/thebetsamuro.com\/fr\/app\/\" \/>\n<meta property=\"og:site_name\" content=\"betsamuro\" \/>\n<meta property=\"article:modified_time\" content=\"2026-03-20T12:24:27+00:00\" \/>\n<meta name=\"twitter:card\" content=\"summary_large_image\" \/>\n<meta name=\"twitter:label1\" content=\"Dur\u00e9e de lecture estim\u00e9e\" \/>\n\t<meta name=\"twitter:data1\" content=\"2 minutes\" \/>\n<script type=\"application\/ld+json\" class=\"yoast-schema-graph\">{\"@context\":\"https:\\\/\\\/schema.org\",\"@graph\":[{\"@type\":\"WebPage\",\"@id\":\"https:\\\/\\\/thebetsamuro.com\\\/fr\\\/app\\\/\",\"url\":\"https:\\\/\\\/thebetsamuro.com\\\/fr\\\/app\\\/\",\"name\":\"T\u00e9l\u00e9chargement de l'application Betsamuro | iOS, Android et ordinateur de bureau\",\"isPartOf\":{\"@id\":\"https:\\\/\\\/thebetsamuro.com\\\/fr\\\/#website\"},\"datePublished\":\"2026-01-20T12:08:23+00:00\",\"dateModified\":\"2026-03-20T12:24:27+00:00\",\"description\":\"Installez l'application Betsamuro sur iOS, Android, Windows et macOS pour jouer \u00e0 plus de 6 000 jeux de casino o\u00f9 que vous soyez. Performances fluides, synchronisation des comptes et assistance 24 h\\\/24, 7 j\\\/7 : tout cela dans Betsamuro.\",\"breadcrumb\":{\"@id\":\"https:\\\/\\\/thebetsamuro.com\\\/fr\\\/app\\\/#breadcrumb\"},\"inLanguage\":\"fr-FR\",\"potentialAction\":[{\"@type\":\"ReadAction\",\"target\":[\"https:\\\/\\\/thebetsamuro.com\\\/fr\\\/app\\\/\"]}]},{\"@type\":\"BreadcrumbList\",\"@id\":\"https:\\\/\\\/thebetsamuro.com\\\/fr\\\/app\\\/#breadcrumb\",\"itemListElement\":[{\"@type\":\"ListItem\",\"position\":1,\"name\":\"Betsamuro\",\"item\":\"https:\\\/\\\/thebetsamuro.com\\\/fr\\\/\"},{\"@type\":\"ListItem\",\"position\":2,\"name\":\"App\"}]},{\"@type\":\"WebSite\",\"@id\":\"https:\\\/\\\/thebetsamuro.com\\\/fr\\\/#website\",\"url\":\"https:\\\/\\\/thebetsamuro.com\\\/fr\\\/\",\"name\":\"Betsamuro\",\"description\":\"\",\"publisher\":{\"@id\":\"https:\\\/\\\/thebetsamuro.com\\\/fr\\\/#organization\"},\"potentialAction\":[{\"@type\":\"SearchAction\",\"target\":{\"@type\":\"EntryPoint\",\"urlTemplate\":\"https:\\\/\\\/thebetsamuro.com\\\/fr\\\/?s={search_term_string}\"},\"query-input\":{\"@type\":\"PropertyValueSpecification\",\"valueRequired\":true,\"valueName\":\"search_term_string\"}}],\"inLanguage\":\"fr-FR\"},{\"@type\":\"Organization\",\"@id\":\"https:\\\/\\\/thebetsamuro.com\\\/fr\\\/#organization\",\"name\":\"Betsamuro\",\"url\":\"https:\\\/\\\/thebetsamuro.com\\\/fr\\\/\",\"logo\":{\"@type\":\"ImageObject\",\"inLanguage\":\"fr-FR\",\"@id\":\"https:\\\/\\\/thebetsamuro.com\\\/fr\\\/#\\\/schema\\\/logo\\\/image\\\/\",\"url\":\"https:\\\/\\\/thebetsamuro.com\\\/wp-content\\\/uploads\\\/2026\\\/03\\\/betsamuro-logo.png\",\"contentUrl\":\"https:\\\/\\\/thebetsamuro.com\\\/wp-content\\\/uploads\\\/2026\\\/03\\\/betsamuro-logo.png\",\"width\":150,\"height\":29,\"caption\":\"Betsamuro\"},\"image\":{\"@id\":\"https:\\\/\\\/thebetsamuro.com\\\/fr\\\/#\\\/schema\\\/logo\\\/image\\\/\"}}]}<\/script>\n<!-- \/ Yoast SEO plugin. -->","yoast_head_json":{"title":"T\u00e9l\u00e9chargement de l'application Betsamuro | iOS, Android et ordinateur de bureau","description":"Installez l'application Betsamuro sur iOS, Android, Windows et macOS pour jouer \u00e0 plus de 6 000 jeux de casino o\u00f9 que vous soyez. Performances fluides, synchronisation des comptes et assistance 24 h\/24, 7 j\/7 : tout cela dans Betsamuro.","robots":{"index":"index","follow":"follow","max-snippet":"max-snippet:-1","max-image-preview":"max-image-preview:large","max-video-preview":"max-video-preview:-1"},"canonical":"https:\/\/thebetsamuro.com\/fr\/app\/","og_locale":"fr_FR","og_type":"article","og_title":"T\u00e9l\u00e9chargement de l'application Betsamuro | iOS, Android et ordinateur de bureau","og_description":"Installez l'application Betsamuro sur iOS, Android, Windows et macOS pour jouer \u00e0 plus de 6 000 jeux de casino o\u00f9 que vous soyez. Performances fluides, synchronisation des comptes et assistance 24 h\/24, 7 j\/7 : tout cela dans Betsamuro.","og_url":"https:\/\/thebetsamuro.com\/fr\/app\/","og_site_name":"betsamuro","article_modified_time":"2026-03-20T12:24:27+00:00","twitter_card":"summary_large_image","twitter_misc":{"Dur\u00e9e de lecture estim\u00e9e":"2 minutes"},"schema":{"@context":"https:\/\/schema.org","@graph":[{"@type":"WebPage","@id":"https:\/\/thebetsamuro.com\/fr\/app\/","url":"https:\/\/thebetsamuro.com\/fr\/app\/","name":"T\u00e9l\u00e9chargement de l'application Betsamuro | iOS, Android et ordinateur de bureau","isPartOf":{"@id":"https:\/\/thebetsamuro.com\/fr\/#website"},"datePublished":"2026-01-20T12:08:23+00:00","dateModified":"2026-03-20T12:24:27+00:00","description":"Installez l'application Betsamuro sur iOS, Android, Windows et macOS pour jouer \u00e0 plus de 6 000 jeux de casino o\u00f9 que vous soyez. Performances fluides, synchronisation des comptes et assistance 24 h\/24, 7 j\/7 : tout cela dans Betsamuro.","breadcrumb":{"@id":"https:\/\/thebetsamuro.com\/fr\/app\/#breadcrumb"},"inLanguage":"fr-FR","potentialAction":[{"@type":"ReadAction","target":["https:\/\/thebetsamuro.com\/fr\/app\/"]}]},{"@type":"BreadcrumbList","@id":"https:\/\/thebetsamuro.com\/fr\/app\/#breadcrumb","itemListElement":[{"@type":"ListItem","position":1,"name":"Betsamuro","item":"https:\/\/thebetsamuro.com\/fr\/"},{"@type":"ListItem","position":2,"name":"App"}]},{"@type":"WebSite","@id":"https:\/\/thebetsamuro.com\/fr\/#website","url":"https:\/\/thebetsamuro.com\/fr\/","name":"Betsamuro","description":"","publisher":{"@id":"https:\/\/thebetsamuro.com\/fr\/#organization"},"potentialAction":[{"@type":"SearchAction","target":{"@type":"EntryPoint","urlTemplate":"https:\/\/thebetsamuro.com\/fr\/?s={search_term_string}"},"query-input":{"@type":"PropertyValueSpecification","valueRequired":true,"valueName":"search_term_string"}}],"inLanguage":"fr-FR"},{"@type":"Organization","@id":"https:\/\/thebetsamuro.com\/fr\/#organization","name":"Betsamuro","url":"https:\/\/thebetsamuro.com\/fr\/","logo":{"@type":"ImageObject","inLanguage":"fr-FR","@id":"https:\/\/thebetsamuro.com\/fr\/#\/schema\/logo\/image\/","url":"https:\/\/thebetsamuro.com\/wp-content\/uploads\/2026\/03\/betsamuro-logo.png","contentUrl":"https:\/\/thebetsamuro.com\/wp-content\/uploads\/2026\/03\/betsamuro-logo.png","width":150,"height":29,"caption":"Betsamuro"},"image":{"@id":"https:\/\/thebetsamuro.com\/fr\/#\/schema\/logo\/image\/"}}]}},"_links":{"self":[{"href":"https:\/\/thebetsamuro.com\/fr\/wp-json\/wp\/v2\/pages\/1440","targetHints":{"allow":["GET"]}}],"collection":[{"href":"https:\/\/thebetsamuro.com\/fr\/wp-json\/wp\/v2\/pages"}],"about":[{"href":"https:\/\/thebetsamuro.com\/fr\/wp-json\/wp\/v2\/types\/page"}],"author":[{"embeddable":true,"href":"https:\/\/thebetsamuro.com\/fr\/wp-json\/wp\/v2\/users\/1"}],"replies":[{"embeddable":true,"href":"https:\/\/thebetsamuro.com\/fr\/wp-json\/wp\/v2\/comments?post=1440"}],"version-history":[{"count":3,"href":"https:\/\/thebetsamuro.com\/fr\/wp-json\/wp\/v2\/pages\/1440\/revisions"}],"predecessor-version":[{"id":2038,"href":"https:\/\/thebetsamuro.com\/fr\/wp-json\/wp\/v2\/pages\/1440\/revisions\/2038"}],"wp:attachment":[{"href":"https:\/\/thebetsamuro.com\/fr\/wp-json\/wp\/v2\/media?parent=1440"}],"curies":[{"name":"wp","href":"https:\/\/api.w.org\/{rel}","templated":true}]}}