{"id":1487,"date":"2026-01-20T12:11:11","date_gmt":"2026-01-20T12:11:11","guid":{"rendered":"https:\/\/bonuskongcasino.com\/login-and-registration\/"},"modified":"2026-03-20T14:18:56","modified_gmt":"2026-03-20T14:18:56","slug":"inicio-de-sesion-y-registro","status":"publish","type":"page","link":"https:\/\/thebetsamuro.com\/es\/inicio-de-sesion-y-registro\/","title":{"rendered":"Inicio de sesi\u00f3n y Registro"},"content":{"rendered":"<h1>Inicio de sesi\u00f3n y registro en Betsamuro<\/h1>\n<p>El Betsamuro login ofrece un entorno responsable y seguro para jugar a juegos online, tanto si accedes a tu cuenta por primera vez como si actualizas tu perfil ya existente. Nuestro casino es un sitio seguro y sin complicaciones donde los jugadores espa\u00f1oles pueden disfrutar de una amplia variedad de opciones de juego. Iniciar sesi\u00f3n en Betsamuro es muy sencillo, ya que permite a los usuarios verificados acceder r\u00e1pidamente al sitio, y los nuevos usuarios pueden utilizar el registro de nuevos usuarios de nuestra plataforma para acceder a toda la experiencia de juego.<\/p>\n<p><div class=\"banner-wrap\" aria-label=\"Banner\"><img src=\"https:\/\/thebetsamuro.com\/wp-content\/uploads\/2026\/03\/banner-desktop.webp\" class=\"w-100 d-none d-lg-block img-pc main-banner-img\" alt=\"banner desktop\" fetchpriority=\"high\" decoding=\"async\"><img src=\"https:\/\/thebetsamuro.com\/wp-content\/uploads\/2026\/03\/banner-mobile.webp\" class=\"w-100 d-none d-md-block d-lg-none main-banner-img\" alt=\"banner mobile\" fetchpriority=\"high\" decoding=\"async\"><img src=\"https:\/\/thebetsamuro.com\/wp-content\/uploads\/2026\/03\/banner-mobile.webp\" class=\"w-100 d-md-none\" alt=\"banner mobile\" fetchpriority=\"high\" decoding=\"async\"><div class=\"banner-description\">\n<div class=\"banner-title\">Bonos de bienvenida<\/div>\n<p class=\"banner-header-title\">1500 \u20ac<\/p>\n<div class=\"banner-header-AdditionalText\">+ 250 Tiradas gratis<\/div>\n<button data-item=\"homepage_banner_link\" class=\"goto m-button m-gradient-border m-button--primary m-button--large banner-button btn-orange\">\n            <div class=\"m-button-content\">\n                <span>Reg\u00edstrate ahora<\/span>\n                <span><\/span>\n            <\/div>\n        <\/button>\n<\/div>\n<div class=\"WelcomePack\">\n<p><img loading=\"lazy\" decoding=\"async\" class=\"alignnone size-full wp-image-1857\" src=\"https:\/\/thebetsamuro.com\/wp-content\/uploads\/2026\/03\/welcome-crown.png\" alt=\"welcome crown\" width=\"25\" height=\"26\" \/><\/p>\n<div class=\"WelcomePack-Info\">Reembolso semanal de hasta el 25 %<\/div>\n<p><img loading=\"lazy\" decoding=\"async\" class=\"alignnone size-full wp-image-1857\" src=\"https:\/\/thebetsamuro.com\/wp-content\/uploads\/2026\/03\/welcome-crown.png\" alt=\"welcome crown\" width=\"25\" height=\"26\" \/><\/p>\n<\/div>\n<\/div><div class=\"scrollable-content-wrap my-5\"><div class=\"scrollable-content-inner\"><h2>Registro de nuevos usuarios en Betsamuro Casino<\/h2>\n<p>Registrar una cuenta en Betsamuro Casino te permite acceder a todo el paquete de funciones, como juegos con dinero real, bonos y ofertas especiales. El proceso de registro es r\u00e1pido y sencillo, para que los nuevos usuarios puedan crear sus perfiles de forma segura y sin demoras. Te guiaremos a trav\u00e9s de \u00e9l ahora mismo:<\/p>\n<ol>\n<li>Busca el bot\u00f3n \u00abReg\u00edstrate\u00bb en un lugar destacado de la esquina superior derecha de la p\u00e1gina de inicio de Bet Samuro Casino.<\/li>\n<li>Introduce tu correo electr\u00f3nico, crea una contrase\u00f1a segura y a\u00f1ade un c\u00f3digo promocional (no es obligatorio).<\/li>\n<li>Aseg\u00farate de tener 18 a\u00f1os o m\u00e1s y acepta los t\u00e9rminos y condiciones de la plataforma.<\/li>\n<li>Una vez rellenados todos los campos, sigue adelante y reg\u00edstrate.<\/li>\n<\/ol>\n<p>Una vez completado el formulario de registro, Bet Samuro te enviar\u00e1 un correo electr\u00f3nico de verificaci\u00f3n a la direcci\u00f3n de correo que hayas registrado. Solo tienes que hacer clic en el enlace del correo para activar tu cuenta. Si el correo no llega enseguida, revisa tu carpeta de spam o correo no deseado.<\/p>\n<h3>Proceso de verificaci\u00f3n<\/h3>\n<p>Tras activar la cuenta, la plataforma pedir\u00e1 a los nuevos usuarios que faciliten informaci\u00f3n personal adicional. Aunque es opcional en este momento, esta informaci\u00f3n har\u00e1 que la cuenta sea m\u00e1s segura y permitir\u00e1 un procesamiento m\u00e1s r\u00e1pido de los retiros. El proceso de verificaci\u00f3n de Betsamuro debe completarse al realizar retiros y dep\u00f3sitos. Esperamos que aceptes realizar la verificaci\u00f3n de la cuenta.<\/p>\n<table>\n<tbody>\n<tr>\n<td>Lo que necesitamos para verificar<\/td>\n<td>Documentos que debes proporcionar<\/td>\n<\/tr>\n<tr>\n<td>Pasaporte u otra prueba de identidad<\/td>\n<td>Tu documento de identidad, permiso de conducir<\/td>\n<\/tr>\n<tr>\n<td>Prueba de tu domicilio<\/td>\n<td>Factura de servicios p\u00fablicos, extracto bancario, certificado de residencia<\/td>\n<\/tr>\n<tr>\n<td>Solvencia<\/td>\n<td>Prueba de tu capacidad de pago<\/td>\n<\/tr>\n<\/tbody>\n<\/table>\n<p><img loading=\"lazy\" decoding=\"async\" class=\"alignnone size-full wp-image-1961\" src=\"https:\/\/thebetsamuro.com\/wp-content\/uploads\/2026\/03\/Betsamuro-Login-Page.webp\" alt=\"Betsamuro Login Page\" width=\"1248\" height=\"536\" srcset=\"https:\/\/thebetsamuro.com\/wp-content\/uploads\/2026\/03\/Betsamuro-Login-Page.webp 1248w, https:\/\/thebetsamuro.com\/wp-content\/uploads\/2026\/03\/Betsamuro-Login-Page-300x129.webp 300w, https:\/\/thebetsamuro.com\/wp-content\/uploads\/2026\/03\/Betsamuro-Login-Page-1024x440.webp 1024w, https:\/\/thebetsamuro.com\/wp-content\/uploads\/2026\/03\/Betsamuro-Login-Page-768x330.webp 768w\" sizes=\"auto, (max-width: 1248px) 100vw, 1248px\" \/><\/p>\n<h2>Primer inicio de sesi\u00f3n en Betsamuro<\/h2>\n<p>Iniciar sesi\u00f3n en Betsamuro Casino por primera vez es r\u00e1pido. As\u00ed es como se hace (los pasos son similares a los del proceso de registro).<\/p>\n<ol>\n<li>Ve al \u00e1rea de inicio de sesi\u00f3n de Betsamuro (cerca del bot\u00f3n \u00abReg\u00edstrate\u00bb);<\/li>\n<li>Introduce tu correo electr\u00f3nico y contrase\u00f1a registrados para iniciar sesi\u00f3n en tu cuenta.<\/li>\n<li>A los usuarios de la autenticaci\u00f3n de dos factores (2FA) se les puede pedir que introduzcan un c\u00f3digo de verificaci\u00f3n generado en una aplicaci\u00f3n de autenticaci\u00f3n o enviado por SMS para aumentar la seguridad.<\/li>\n<\/ol>\n<p>\u00a1Listo! Ya est\u00e1s en nuestro sistema.<\/p>\n<p>Un buen consejo: mant\u00e9n tus datos de inicio de sesi\u00f3n en secreto. El equipo de atenci\u00f3n al cliente est\u00e1 siempre a tu disposici\u00f3n a trav\u00e9s del chat en vivo o por correo electr\u00f3nico en caso de cualquier problema relacionado con el acceso. Para mantener una experiencia de usuario impecable, el equipo de soporte resolver\u00e1 cualquier problema de inicio de sesi\u00f3n lo antes posible cuando te pongas en contacto con nosotros.<\/p>\n<h2>Gestionar una cuenta de Betsamuro Casino<\/h2>\n<p>Al iniciar sesi\u00f3n en tu cuenta, tendr\u00e1s acceso completo a tu panel de control de juego. Los usuarios pueden ver su saldo actual, ingresar y retirar dinero, as\u00ed como consultar las ofertas de bonos. La transparencia y la posibilidad de gestionar todos los bonos, las transacciones recientes, el historial de juegos e incluso los dep\u00f3sitos est\u00e1n disponibles en el panel de control. T\u00fa tienes el control de todo.<\/p>\n<p>En nuestro casino utilizamos varias capas de protecci\u00f3n para garantizar la seguridad de las cuentas. La autenticaci\u00f3n de dos factores es una funci\u00f3n adicional que a\u00f1ade un paso m\u00e1s para proteger tu cuenta, utilizando Google o mensajes SMS (si utilizas un n\u00famero de tel\u00e9fono). Pero recuerda, de esta forma no podr\u00e1s iniciar sesi\u00f3n en Bet Samuro sin recibir el c\u00f3digo de verificaci\u00f3n, as\u00ed que ten siempre tu dispositivo a mano. Es una buena medida de seguridad contra el acceso no autorizado.<\/p>\n<p>Adem\u00e1s, una de las cosas m\u00e1s importantes en Betsamuro, crucial para todos los jugadores, es el proceso de verificaci\u00f3n llamado KYC (Know Your Customer). \u00bfC\u00f3mo funciona?<\/p>\n<p>Nos env\u00edas tus documentos, prueba de domicilio e identificaciones \u2192 los comprobamos en un plazo de 48 horas \u2192 recibes el correo electr\u00f3nico con la confirmaci\u00f3n \u2192 inicias sesi\u00f3n en Betsamuro \u2192 tus cuentas est\u00e1n activadas y operativas \u2192 disfrutas de una experiencia de casino al completo.<\/p>\n<p>Aparte de eso, tienes tu propio panel de control, \u00a1y esperamos que gestiones tu cuenta con facilidad y placer!<\/p>\n<h3>Recuperaci\u00f3n de contrase\u00f1a<\/h3>\n<p>\u00bfHas perdido tu contrase\u00f1a? \u00a1No te preocupes! El proceso de recuperaci\u00f3n de contrase\u00f1a es f\u00e1cil. En la p\u00e1gina de inicio de sesi\u00f3n de Betsamuro, una de las opciones es \u00ab\u00bfHas olvidado tu contrase\u00f1a?\u00bb, donde se te pide que introduzcas tu direcci\u00f3n de correo electr\u00f3nico registrada. Poco despu\u00e9s, te enviaremos un enlace para restablecer la contrase\u00f1a. Haz clic en \u00e9l y recupera tu informaci\u00f3n.<\/p>\n<h2>Medidas de seguridad<\/h2>\n<p>Betsamuro Casino cuenta con estrictas medidas de seguridad para proteger los datos de los usuarios y las transacciones financieras. Estas medidas incluyen el proceso de verificaci\u00f3n, que consiste en enviar documentos de identidad emitidos por el gobierno, verificar direcciones y utilizar m\u00e9todos de pago seguros.<\/p>\n<p>Esto ayudar\u00e1 a prevenir el fraude y el robo de identidad, ya que cada transacci\u00f3n y actividad de la cuenta se comprobar\u00e1 dos veces y se validar\u00e1. El proceso de verificaci\u00f3n no suele tardar m\u00e1s de 48 horas, tras lo cual el equipo de atenci\u00f3n al cliente verificar\u00e1 tu identidad por correo electr\u00f3nico. Adem\u00e1s, el servicio de atenci\u00f3n al cliente multiling\u00fce ofrece ayuda a trav\u00e9s de un chat en vivo especial y por correo electr\u00f3nico, \u00a1en muchos idiomas! Esta funci\u00f3n garantiza una asistencia r\u00e1pida y experta con cualquier problema relacionado con la seguridad para los usuarios de las diferentes regiones.<\/p>\n<h2>Preguntas frecuentes<\/h2>\n<h3>\u00bfPuedo probar los juegos en modo demo antes de registrarme?<\/h3>\n<p>S\u00ed, Betsamuro Casino tiene una versi\u00f3n demo. Cualquier usuario curioso puede jugar a los juegos que elija sin registrarse, solo para conocernos. Esta es la mejor manera de acostumbrarse a la mec\u00e1nica y las caracter\u00edsticas de los juegos antes de apostar dinero real. \u00bfListo para apostar dinero real y ganar a lo grande? Reg\u00edstrate con nosotros.<\/p>\n<h3>\u00bfPuedo iniciar sesi\u00f3n en Betsamuro varias veces?<\/h3>\n<p>Siempre que las credenciales sean correctas, no hay problema. Si no es as\u00ed, por lo general puedes iniciar sesi\u00f3n tantas veces como quieras en varios dispositivos y desde diferentes ubicaciones. La plataforma se encargar\u00e1 de que toda la actividad de la cuenta se sincronice entre dispositivos. Iniciar sesi\u00f3n en Betsamuro no deber\u00eda suponer ning\u00fan problema&#8230; \u00a1a menos que lo hagas unas cien veces!<\/p>\n<h3>\u00bfCu\u00e1nto tiempo dura el proceso de verificaci\u00f3n?<\/h3>\n<p>Nunca tarda mucho. El proceso de verificaci\u00f3n en Betsamuro Casino no suele tardar m\u00e1s de 48 horas. Los documentos subidos durante este tiempo suelen ser revisados por nuestro equipo de atenci\u00f3n al cliente para verificar tu identidad, direcci\u00f3n y titularidad del m\u00e9todo de pago.<\/p>\n<\/div><\/div><\/p>\n","protected":false},"excerpt":{"rendered":"<p>Inicio de sesi\u00f3n y registro en Betsamuro El Betsamuro login ofrece un entorno responsable y seguro para jugar a juegos online, tanto si accedes a tu cuenta por primera vez como si actualizas tu perfil ya existente. Nuestro casino es un sitio seguro y sin complicaciones donde los jugadores espa\u00f1oles pueden disfrutar de una amplia [&hellip;]<\/p>\n","protected":false},"author":1,"featured_media":0,"parent":0,"menu_order":0,"comment_status":"closed","ping_status":"closed","template":"template-builder.php","meta":{"_acf_changed":false,"inline_featured_image":false,"footnotes":""},"class_list":["post-1487","page","type-page","status-publish","hentry"],"acf":[],"yoast_head":"<!-- This site is optimized with the Yoast SEO plugin v27.3 - https:\/\/yoast.com\/product\/yoast-seo-wordpress\/ -->\n<title>Betsamuro Login: acceso seguro al registro y al inicio de sesi\u00f3n<\/title>\n<meta name=\"description\" content=\"Inicio de sesi\u00f3n en Betsamuro: acceda a su cuenta de forma segura o cree una nueva en cuesti\u00f3n de minutos. Gestione f\u00e1cilmente la verificaci\u00f3n, la recuperaci\u00f3n de contrase\u00f1a y la configuraci\u00f3n de la cuenta en Betsamuro.\" \/>\n<meta name=\"robots\" content=\"index, follow, max-snippet:-1, max-image-preview:large, max-video-preview:-1\" \/>\n<link rel=\"canonical\" href=\"https:\/\/thebetsamuro.com\/es\/inicio-de-sesion-y-registro\/\" \/>\n<meta property=\"og:locale\" content=\"es_ES\" \/>\n<meta property=\"og:type\" content=\"article\" \/>\n<meta property=\"og:title\" content=\"Betsamuro Login: acceso seguro al registro y al inicio de sesi\u00f3n\" \/>\n<meta property=\"og:description\" content=\"Inicio de sesi\u00f3n en Betsamuro: acceda a su cuenta de forma segura o cree una nueva en cuesti\u00f3n de minutos. Gestione f\u00e1cilmente la verificaci\u00f3n, la recuperaci\u00f3n de contrase\u00f1a y la configuraci\u00f3n de la cuenta en Betsamuro.\" \/>\n<meta property=\"og:url\" content=\"https:\/\/thebetsamuro.com\/es\/inicio-de-sesion-y-registro\/\" \/>\n<meta property=\"og:site_name\" content=\"betsamuro\" \/>\n<meta property=\"article:modified_time\" content=\"2026-03-20T14:18:56+00:00\" \/>\n<meta name=\"twitter:card\" content=\"summary_large_image\" \/>\n<meta name=\"twitter:label1\" content=\"Est. reading time\" \/>\n\t<meta name=\"twitter:data1\" content=\"1 minute\" \/>\n<script type=\"application\/ld+json\" class=\"yoast-schema-graph\">{\"@context\":\"https:\\\/\\\/schema.org\",\"@graph\":[{\"@type\":\"WebPage\",\"@id\":\"https:\\\/\\\/thebetsamuro.com\\\/es\\\/inicio-de-sesion-y-registro\\\/\",\"url\":\"https:\\\/\\\/thebetsamuro.com\\\/es\\\/inicio-de-sesion-y-registro\\\/\",\"name\":\"Betsamuro Login: acceso seguro al registro y al inicio de sesi\u00f3n\",\"isPartOf\":{\"@id\":\"https:\\\/\\\/thebetsamuro.com\\\/es\\\/#website\"},\"datePublished\":\"2026-01-20T12:11:11+00:00\",\"dateModified\":\"2026-03-20T14:18:56+00:00\",\"description\":\"Inicio de sesi\u00f3n en Betsamuro: acceda a su cuenta de forma segura o cree una nueva en cuesti\u00f3n de minutos. Gestione f\u00e1cilmente la verificaci\u00f3n, la recuperaci\u00f3n de contrase\u00f1a y la configuraci\u00f3n de la cuenta en Betsamuro.\",\"breadcrumb\":{\"@id\":\"https:\\\/\\\/thebetsamuro.com\\\/es\\\/inicio-de-sesion-y-registro\\\/#breadcrumb\"},\"inLanguage\":\"es-ES\",\"potentialAction\":[{\"@type\":\"ReadAction\",\"target\":[\"https:\\\/\\\/thebetsamuro.com\\\/es\\\/inicio-de-sesion-y-registro\\\/\"]}]},{\"@type\":\"BreadcrumbList\",\"@id\":\"https:\\\/\\\/thebetsamuro.com\\\/es\\\/inicio-de-sesion-y-registro\\\/#breadcrumb\",\"itemListElement\":[{\"@type\":\"ListItem\",\"position\":1,\"name\":\"Betsamuro\",\"item\":\"https:\\\/\\\/thebetsamuro.com\\\/es\\\/\"},{\"@type\":\"ListItem\",\"position\":2,\"name\":\"Inicio de sesi\u00f3n y Registro\"}]},{\"@type\":\"WebSite\",\"@id\":\"https:\\\/\\\/thebetsamuro.com\\\/es\\\/#website\",\"url\":\"https:\\\/\\\/thebetsamuro.com\\\/es\\\/\",\"name\":\"Betsamuro\",\"description\":\"\",\"publisher\":{\"@id\":\"https:\\\/\\\/thebetsamuro.com\\\/es\\\/#organization\"},\"potentialAction\":[{\"@type\":\"SearchAction\",\"target\":{\"@type\":\"EntryPoint\",\"urlTemplate\":\"https:\\\/\\\/thebetsamuro.com\\\/es\\\/?s={search_term_string}\"},\"query-input\":{\"@type\":\"PropertyValueSpecification\",\"valueRequired\":true,\"valueName\":\"search_term_string\"}}],\"inLanguage\":\"es-ES\"},{\"@type\":\"Organization\",\"@id\":\"https:\\\/\\\/thebetsamuro.com\\\/es\\\/#organization\",\"name\":\"Betsamuro\",\"url\":\"https:\\\/\\\/thebetsamuro.com\\\/es\\\/\",\"logo\":{\"@type\":\"ImageObject\",\"inLanguage\":\"es-ES\",\"@id\":\"https:\\\/\\\/thebetsamuro.com\\\/es\\\/#\\\/schema\\\/logo\\\/image\\\/\",\"url\":\"https:\\\/\\\/thebetsamuro.com\\\/wp-content\\\/uploads\\\/2026\\\/03\\\/betsamuro-logo.png\",\"contentUrl\":\"https:\\\/\\\/thebetsamuro.com\\\/wp-content\\\/uploads\\\/2026\\\/03\\\/betsamuro-logo.png\",\"width\":150,\"height\":29,\"caption\":\"Betsamuro\"},\"image\":{\"@id\":\"https:\\\/\\\/thebetsamuro.com\\\/es\\\/#\\\/schema\\\/logo\\\/image\\\/\"}}]}<\/script>\n<!-- \/ Yoast SEO plugin. -->","yoast_head_json":{"title":"Betsamuro Login: acceso seguro al registro y al inicio de sesi\u00f3n","description":"Inicio de sesi\u00f3n en Betsamuro: acceda a su cuenta de forma segura o cree una nueva en cuesti\u00f3n de minutos. Gestione f\u00e1cilmente la verificaci\u00f3n, la recuperaci\u00f3n de contrase\u00f1a y la configuraci\u00f3n de la cuenta en Betsamuro.","robots":{"index":"index","follow":"follow","max-snippet":"max-snippet:-1","max-image-preview":"max-image-preview:large","max-video-preview":"max-video-preview:-1"},"canonical":"https:\/\/thebetsamuro.com\/es\/inicio-de-sesion-y-registro\/","og_locale":"es_ES","og_type":"article","og_title":"Betsamuro Login: acceso seguro al registro y al inicio de sesi\u00f3n","og_description":"Inicio de sesi\u00f3n en Betsamuro: acceda a su cuenta de forma segura o cree una nueva en cuesti\u00f3n de minutos. Gestione f\u00e1cilmente la verificaci\u00f3n, la recuperaci\u00f3n de contrase\u00f1a y la configuraci\u00f3n de la cuenta en Betsamuro.","og_url":"https:\/\/thebetsamuro.com\/es\/inicio-de-sesion-y-registro\/","og_site_name":"betsamuro","article_modified_time":"2026-03-20T14:18:56+00:00","twitter_card":"summary_large_image","twitter_misc":{"Est. reading time":"1 minute"},"schema":{"@context":"https:\/\/schema.org","@graph":[{"@type":"WebPage","@id":"https:\/\/thebetsamuro.com\/es\/inicio-de-sesion-y-registro\/","url":"https:\/\/thebetsamuro.com\/es\/inicio-de-sesion-y-registro\/","name":"Betsamuro Login: acceso seguro al registro y al inicio de sesi\u00f3n","isPartOf":{"@id":"https:\/\/thebetsamuro.com\/es\/#website"},"datePublished":"2026-01-20T12:11:11+00:00","dateModified":"2026-03-20T14:18:56+00:00","description":"Inicio de sesi\u00f3n en Betsamuro: acceda a su cuenta de forma segura o cree una nueva en cuesti\u00f3n de minutos. Gestione f\u00e1cilmente la verificaci\u00f3n, la recuperaci\u00f3n de contrase\u00f1a y la configuraci\u00f3n de la cuenta en Betsamuro.","breadcrumb":{"@id":"https:\/\/thebetsamuro.com\/es\/inicio-de-sesion-y-registro\/#breadcrumb"},"inLanguage":"es-ES","potentialAction":[{"@type":"ReadAction","target":["https:\/\/thebetsamuro.com\/es\/inicio-de-sesion-y-registro\/"]}]},{"@type":"BreadcrumbList","@id":"https:\/\/thebetsamuro.com\/es\/inicio-de-sesion-y-registro\/#breadcrumb","itemListElement":[{"@type":"ListItem","position":1,"name":"Betsamuro","item":"https:\/\/thebetsamuro.com\/es\/"},{"@type":"ListItem","position":2,"name":"Inicio de sesi\u00f3n y Registro"}]},{"@type":"WebSite","@id":"https:\/\/thebetsamuro.com\/es\/#website","url":"https:\/\/thebetsamuro.com\/es\/","name":"Betsamuro","description":"","publisher":{"@id":"https:\/\/thebetsamuro.com\/es\/#organization"},"potentialAction":[{"@type":"SearchAction","target":{"@type":"EntryPoint","urlTemplate":"https:\/\/thebetsamuro.com\/es\/?s={search_term_string}"},"query-input":{"@type":"PropertyValueSpecification","valueRequired":true,"valueName":"search_term_string"}}],"inLanguage":"es-ES"},{"@type":"Organization","@id":"https:\/\/thebetsamuro.com\/es\/#organization","name":"Betsamuro","url":"https:\/\/thebetsamuro.com\/es\/","logo":{"@type":"ImageObject","inLanguage":"es-ES","@id":"https:\/\/thebetsamuro.com\/es\/#\/schema\/logo\/image\/","url":"https:\/\/thebetsamuro.com\/wp-content\/uploads\/2026\/03\/betsamuro-logo.png","contentUrl":"https:\/\/thebetsamuro.com\/wp-content\/uploads\/2026\/03\/betsamuro-logo.png","width":150,"height":29,"caption":"Betsamuro"},"image":{"@id":"https:\/\/thebetsamuro.com\/es\/#\/schema\/logo\/image\/"}}]}},"_links":{"self":[{"href":"https:\/\/thebetsamuro.com\/es\/wp-json\/wp\/v2\/pages\/1487","targetHints":{"allow":["GET"]}}],"collection":[{"href":"https:\/\/thebetsamuro.com\/es\/wp-json\/wp\/v2\/pages"}],"about":[{"href":"https:\/\/thebetsamuro.com\/es\/wp-json\/wp\/v2\/types\/page"}],"author":[{"embeddable":true,"href":"https:\/\/thebetsamuro.com\/es\/wp-json\/wp\/v2\/users\/1"}],"replies":[{"embeddable":true,"href":"https:\/\/thebetsamuro.com\/es\/wp-json\/wp\/v2\/comments?post=1487"}],"version-history":[{"count":3,"href":"https:\/\/thebetsamuro.com\/es\/wp-json\/wp\/v2\/pages\/1487\/revisions"}],"predecessor-version":[{"id":2079,"href":"https:\/\/thebetsamuro.com\/es\/wp-json\/wp\/v2\/pages\/1487\/revisions\/2079"}],"wp:attachment":[{"href":"https:\/\/thebetsamuro.com\/es\/wp-json\/wp\/v2\/media?parent=1487"}],"curies":[{"name":"wp","href":"https:\/\/api.w.org\/{rel}","templated":true}]}}