{"id":1449,"date":"2026-01-20T12:08:23","date_gmt":"2026-01-20T12:08:23","guid":{"rendered":"https:\/\/bonuskongcasino.com\/app-2\/"},"modified":"2026-03-20T14:17:15","modified_gmt":"2026-03-20T14:17:15","slug":"aplicacion","status":"publish","type":"page","link":"https:\/\/thebetsamuro.com\/es\/aplicacion\/","title":{"rendered":"Aplicaci\u00f3n"},"content":{"rendered":"<h1>Plataforma m\u00f3vil de Betsamuro<\/h1>\n<p>Betsamuro app es nuestra plataforma m\u00f3vil pensada para los jugadores, que ofrece un ecosistema seguro, c\u00f3modo y completo. Los jugadores espa\u00f1oles pueden disfrutar de la misma experiencia de juego de calidad en sus smartphones, tabletas y ordenadores de sobremesa: ofrecemos seguridad avanzada y un servicio de atenci\u00f3n al cliente de primera. La autenticaci\u00f3n es sencilla, y la infraestructura de la plataforma est\u00e1 dise\u00f1ada para garantizar una ejecuci\u00f3n fluida de los juegos y pagos r\u00e1pidos. Las posibilidades de ganar a trav\u00e9s de bonos y torneos en nuestra app mejoran la experiencia general y proporcionan entretenimiento constante.<\/p>\n<div class=\"banner-wrap\" aria-label=\"Banner\"><img src=\"https:\/\/thebetsamuro.com\/wp-content\/uploads\/2026\/03\/banner-desktop.webp\" class=\"w-100 d-none d-lg-block img-pc main-banner-img\" alt=\"banner desktop\" fetchpriority=\"high\" decoding=\"async\"><img src=\"https:\/\/thebetsamuro.com\/wp-content\/uploads\/2026\/03\/banner-mobile.webp\" class=\"w-100 d-none d-md-block d-lg-none main-banner-img\" alt=\"banner mobile\" fetchpriority=\"high\" decoding=\"async\"><img src=\"https:\/\/thebetsamuro.com\/wp-content\/uploads\/2026\/03\/banner-mobile.webp\" class=\"w-100 d-md-none\" alt=\"banner mobile\" fetchpriority=\"high\" decoding=\"async\"><div class=\"banner-description\">\n<div class=\"banner-title\">Bonos de bienvenida<\/div>\n<p class=\"banner-header-title\">1500 \u20ac<\/p>\n<div class=\"banner-header-AdditionalText\">+ 250 Tiradas gratis<\/div>\n<button data-item=\"homepage_banner_link\" class=\"goto m-button m-gradient-border m-button--primary m-button--large banner-button btn-orange\">\n            <div class=\"m-button-content\">\n                <span>Reg\u00edstrate ahora<\/span>\n                <span><\/span>\n            <\/div>\n        <\/button>\n<\/div>\n<div class=\"WelcomePack\">\n<p><img loading=\"lazy\" decoding=\"async\" class=\"alignnone size-full wp-image-1857\" src=\"https:\/\/thebetsamuro.com\/wp-content\/uploads\/2026\/03\/welcome-crown.png\" alt=\"welcome crown\" width=\"25\" height=\"26\" \/><\/p>\n<div class=\"WelcomePack-Info\">Reembolso semanal de hasta el 25 %<\/div>\n<p><img loading=\"lazy\" decoding=\"async\" class=\"alignnone size-full wp-image-1857\" src=\"https:\/\/thebetsamuro.com\/wp-content\/uploads\/2026\/03\/welcome-crown.png\" alt=\"welcome crown\" width=\"25\" height=\"26\" \/><\/p>\n<\/div>\n<\/div>\n<h2>Acceso m\u00f3vil en Bet Samuro<\/h2>\n<p>Ofrecemos una plataforma de juego integrada compatible con diversos dispositivos para que puedas jugar a tus juegos de casino favoritos en la app de Betsamuro. Pero, \u00bfqu\u00e9 te ofrece nuestra aplicaci\u00f3n?<\/p>\n<ul>\n<li>La app de Bet Samuro es muy avanzada tecnol\u00f3gicamente.<\/li>\n<li>Acceso al chat en vivo las 24 horas del d\u00eda, los 7 d\u00edas de la semana.<\/li>\n<li>El acceso a todas las funciones de la app es r\u00e1pido y estable.<\/li>\n<li>Ofrecemos a los usuarios un entorno seguro y fiable.<\/li>\n<li>Betsamuro Casino ofrece un alto rendimiento, seguridad y satisfacci\u00f3n del usuario tanto en dispositivos m\u00f3viles como en ordenadores de sobremesa.<\/li>\n<li>Nos centramos en la comodidad.<\/li>\n<li>En Betsamuro Casino te ofrecemos una plataforma m\u00f3vil completa que se adapta a las necesidades de los jugadores de hoy en d\u00eda.<\/li>\n<\/ul>\n<p>Jugar con smartphones y tabletas es pan comido, ya que el casino m\u00f3vil est\u00e1 dise\u00f1ado para navegar f\u00e1cilmente, cargarse r\u00e1pido y contar con funciones f\u00e1ciles de usar. Tenemos un cat\u00e1logo enorme de juegos: m\u00e1s de 6000 t\u00edtulos interactivos, toda la biblioteca de tragamonedas online, juegos de mesa, casino en vivo y muchos juegos geniales.<\/p>\n<p>Los usuarios pueden acceder a todos nuestros juegos en vivo y online a trav\u00e9s de sus navegadores m\u00f3viles sin que la calidad ni la seguridad se vean afectadas. Es compatible con dispositivos iOS y Android, lo que garantiza una experiencia uniforme en ambos sistemas operativos.<\/p>\n<p><div class=\"scrollable-content-wrap my-5\"><div class=\"scrollable-content-inner\"><h2>Aplicaci\u00f3n de Betsamuro Casino para iOS y Android<\/h2>\n<p>Nuestra aplicaci\u00f3n de casino est\u00e1 disponible como PWA para tel\u00e9fonos iOS y Android. Es una app exclusiva que mejora la experiencia de juego m\u00f3vil. La app de Betsamuro es b\u00e1sicamente un icono de acceso directo: \u00a1no ocupa espacio extra en tu memoria ni gasta m\u00e1s bater\u00eda!<\/p>\n<p>Puedes descargar Bet Samuro Casino directamente desde nuestra web, y no requiere mucho espacio de almacenamiento. Adem\u00e1s, cuenta con todas las funciones importantes de las apps, como actualizaciones autom\u00e1ticas y notificaciones push, para que los jugadores puedan estar al tanto de eventos como promociones, torneos y actividad de la cuenta sin tener que abrir la app.<\/p>\n<p>La aplicaci\u00f3n tiene un dise\u00f1o pr\u00e1ctico que hace que navegar por una amplia selecci\u00f3n de juegos sea f\u00e1cil y divertido. Los jugadores tambi\u00e9n pueden ajustar el tama\u00f1o de su apuesta, girar las tragaperras y comunicarse con los crupieres en vivo gracias a los controles t\u00e1ctiles optimizados. La app de Betsamuro es muy segura gracias a TLS 1.3 y a unos cortafuegos de aplicaciones web tan potentes que impiden cualquier ciberataque. Y adem\u00e1s de eso, usamos m\u00e9todos de pago seguros, lo que hace que el entorno de juego sea seguro.<\/p>\n<p><img loading=\"lazy\" decoding=\"async\" class=\"alignnone size-full wp-image-1937\" src=\"https:\/\/thebetsamuro.com\/wp-content\/uploads\/2026\/03\/Betsamuro-Casino-for-iOS.webp\" alt=\"Betsamuro Casino for iOS\" width=\"1248\" height=\"536\" srcset=\"https:\/\/thebetsamuro.com\/wp-content\/uploads\/2026\/03\/Betsamuro-Casino-for-iOS.webp 1248w, https:\/\/thebetsamuro.com\/wp-content\/uploads\/2026\/03\/Betsamuro-Casino-for-iOS-300x129.webp 300w, https:\/\/thebetsamuro.com\/wp-content\/uploads\/2026\/03\/Betsamuro-Casino-for-iOS-1024x440.webp 1024w, https:\/\/thebetsamuro.com\/wp-content\/uploads\/2026\/03\/Betsamuro-Casino-for-iOS-768x330.webp 768w\" sizes=\"auto, (max-width: 1248px) 100vw, 1248px\" \/><\/p>\n<\/div><\/div><div style=\"clear: both\"><\/div><div class=\"d-flex justify-content-center\"><button data-item=\"decouvrez_link\" data-group=\"website_links\" class=\"goto fw-bold rounded-pill btn btn-orange\" aria-label=\"Descarga la aplicaci\u00f3n Betsamuro\" >Descarga la aplicaci\u00f3n Betsamuro<\/button><\/div><div class=\"scrollable-content-wrap my-5\"><div class=\"scrollable-content-inner\"><h2>Aplicaci\u00f3n de Betsamuro para Windows y Mac<\/h2>\n<p>Los jugadores que disfrutan jugando en ordenadores de sobremesa tienen aplicaciones espec\u00edficas para Windows y Mac de Betsamuro Casino. Estas aplicaciones de escritorio ofrecen una perspectiva m\u00e1s amplia de la plataforma, capacidad de pantalla completa y gr\u00e1ficos. Las versiones de escritorio tambi\u00e9n proporcionan un alto rendimiento y funciones de seguridad. \u00a1Nuestra versi\u00f3n m\u00f3vil nunca ha sido mejor! Ten por seguro que, si te descargas nuestra app de Betsamuro, tu experiencia de juego ser\u00e1 impecable y segura. \u00bfPor qu\u00e9 lo creemos as\u00ed? Juzga por ti mismo:<\/p>\n<ul>\n<li>No hay problemas con la instalaci\u00f3n o actualizaci\u00f3n de la aplicaci\u00f3n de escritorio.<\/li>\n<li>Siempre, y a tiempo, podr\u00e1s acceder a las \u00faltimas funciones y lanzamientos de juegos, as\u00ed como a las ofertas promocionales.<\/li>\n<li>Nuestro equipo de atenci\u00f3n al cliente te ayuda con todo lo que se puede hacer en la web, incluyendo la gesti\u00f3n de la cuenta, retiros, dep\u00f3sitos y verificaci\u00f3n.<\/li>\n<\/ul>\n<p>Nuestra app de Betsamuro es segura y c\u00f3moda si quieres jugar en una pantalla grande. Nada puede interrumpir tu partida, por lo que somos una buena opci\u00f3n para jugar de forma habitual.<\/p>\n<p><img loading=\"lazy\" decoding=\"async\" class=\"alignnone size-full wp-image-1945\" src=\"https:\/\/thebetsamuro.com\/wp-content\/uploads\/2026\/03\/Betsamuro-Application-for-PC.webp\" alt=\"Betsamuro Application for PC\" width=\"1248\" height=\"536\" srcset=\"https:\/\/thebetsamuro.com\/wp-content\/uploads\/2026\/03\/Betsamuro-Application-for-PC.webp 1248w, https:\/\/thebetsamuro.com\/wp-content\/uploads\/2026\/03\/Betsamuro-Application-for-PC-300x129.webp 300w, https:\/\/thebetsamuro.com\/wp-content\/uploads\/2026\/03\/Betsamuro-Application-for-PC-1024x440.webp 1024w, https:\/\/thebetsamuro.com\/wp-content\/uploads\/2026\/03\/Betsamuro-Application-for-PC-768x330.webp 768w\" sizes=\"auto, (max-width: 1248px) 100vw, 1248px\" \/><\/p>\n<\/div><\/div><div style=\"clear: both\"><\/div><div class=\"d-flex justify-content-center\"><button data-item=\"decouvrez_link\" data-group=\"website_links\" class=\"goto fw-bold rounded-pill btn btn-orange\" aria-label=\"Descargar Betsamuro\" >Descargar Betsamuro<\/button><\/div><div class=\"scrollable-content-wrap my-5\"><div class=\"scrollable-content-inner\"><h2>Seguridad y ventajas de las PWA<\/h2>\n<p>La aplicaci\u00f3n web progresiva de Betsamuro combina las ventajas de las aplicaciones web y las nativas. Te ofrece varias ventajas:<\/p>\n<ul>\n<li>se carga r\u00e1pidamente;<\/li>\n<li>jugar sin conexi\u00f3n;<\/li>\n<li>y se actualiza autom\u00e1ticamente.<\/li>\n<\/ul>\n<p>Contamos con los m\u00e1s altos est\u00e1ndares de seguridad. La tecnolog\u00eda Transport Layer Security (TLS) y el cifrado de datos protegen la informaci\u00f3n de pago y los datos personales durante las transacciones. Un sistema WAF desv\u00eda los ataques de virus y estafadores. Echa un vistazo a la tabla comparativa que te ayudar\u00e1 a decidir en cu\u00e1l de tus dispositivos es mejor instalar la app de Betsamuro:<\/p>\n<table>\n<tbody>\n<tr>\n<td>Caracter\u00edstica<\/td>\n<td>Aplicaci\u00f3n para iOS y Android<\/td>\n<td>Aplicaci\u00f3n de Betsamuro para Windows y Mac<\/td>\n<\/tr>\n<tr>\n<td>M\u00e9todo de instalaci\u00f3n<\/td>\n<td>Instalaci\u00f3n de la \u00abCasino App\u00bb<\/td>\n<td>Acceso directo para escritorio dedicado<\/td>\n<\/tr>\n<tr>\n<td>Optimizaci\u00f3n del dispositivo<\/td>\n<td>Optimizada para smartphones y tabletas con controles t\u00e1ctiles, no para versiones antiguas de Android ni con botones<\/td>\n<td>Dise\u00f1ado para pantallas m\u00e1s grandes con interfaz de usuario de escritorio completa, no para televisores antiguos<\/td>\n<\/tr>\n<tr>\n<td>Interfaz de usuario<\/td>\n<td>Interfaz intuitiva y optimizada para pantallas t\u00e1ctiles<\/td>\n<td>Vista amplia a pantalla completa con gr\u00e1ficos avanzados<\/td>\n<\/tr>\n<tr>\n<td>Rendimiento<\/td>\n<td>Jugabilidad r\u00e1pida y fluida, optimizada para dispositivos m\u00f3viles<\/td>\n<td>Alto rendimiento con gr\u00e1ficos mejorados y multitarea<\/td>\n<\/tr>\n<tr>\n<td>Notificaciones push<\/td>\n<td>Compatible, alertas de promociones, actualizaciones y SMS<\/td>\n<td>No aplicable; principalmente a trav\u00e9s de notificaciones de escritorio<\/td>\n<\/tr>\n<tr>\n<td>Medidas de seguridad<\/td>\n<td>Cifrado de datos, protocolo de capa de conexi\u00f3n segura (TLS), proceso de verificaci\u00f3n<\/td>\n<td>Mismos est\u00e1ndares de seguridad, cifrado y verificaci\u00f3n<\/td>\n<\/tr>\n<tr>\n<td>Comodidad<\/td>\n<td>Juega sobre la marcha, modo silencioso<\/td>\n<td>Acceso completo en el ordenador, no se puede jugar sin conexi\u00f3n<\/td>\n<\/tr>\n<\/tbody>\n<\/table>\n<p>Al usar la app de Betsamuro, puedes estar seguro de que el entorno de juego es seguro y estable. Las medidas de seguridad de la plataforma incluyen auditor\u00edas peri\u00f3dicas, certificaci\u00f3n del generador de n\u00fameros aleatorios (RNG) para garantizar un funcionamiento justo y un estricto cumplimiento de las normas reguladoras. Los jugadores pueden hacer preguntas o solicitar asistencia t\u00e9cnica poni\u00e9ndose en contacto con el servicio de atenci\u00f3n al cliente a trav\u00e9s del chat en vivo; as\u00ed, estar\u00e1n disponibles para ayudarte.<\/p>\n<h2>Preguntas frecuentes<\/h2>\n<h3>\u00bfTambi\u00e9n hay bonos y torneos disponibles en la app?<\/h3>\n<p>S\u00ed, todos los bonos, ofertas de bienvenida, tiradas gratis y torneos tambi\u00e9n est\u00e1n disponibles a trav\u00e9s de la app de Betsamuro. Todos nuestros miembros pueden participar en las promociones actuales y en los torneos directamente desde sus smartphones, manteniendo el mismo nivel de interacci\u00f3n que en la plataforma de escritorio.<\/p>\n<h3>\u00bfPuedo jugar a los mismos juegos en el m\u00f3vil que en el ordenador?<\/h3>\n<p>Bet Samuro Casino tambi\u00e9n se asegura de que todo lo que hay aqu\u00ed en nuestra versi\u00f3n completa est\u00e9 siempre sincronizado con la app m\u00f3vil. Tenemos el mismo cat\u00e1logo, campa\u00f1as promocionales y espect\u00e1culos y juegos en directo en ambas variantes del casino. No te pierdes nada; no te preocupes. La adaptabilidad de la plataforma garantiza que la experiencia de juego sea \u00f3ptima en cualquier dispositivo.<\/p>\n<h3>\u00bfLa app admite notificaciones push?<\/h3>\n<p>\u00a1La app de Betsamuro s\u00ed tiene notificaciones push! Recibir\u00e1s todas las alertas y mensajes tal y como deben ser. Esta funci\u00f3n mejora la experiencia de juego y la interacci\u00f3n al informar a los jugadores sobre pr\u00f3ximos torneos, promociones especiales y otras actualizaciones importantes de la cuenta.<\/p>\n<\/div><\/div><\/p>\n","protected":false},"excerpt":{"rendered":"<p>Plataforma m\u00f3vil de Betsamuro Betsamuro app es nuestra plataforma m\u00f3vil pensada para los jugadores, que ofrece un ecosistema seguro, c\u00f3modo y completo. Los jugadores espa\u00f1oles pueden disfrutar de la misma experiencia de juego de calidad en sus smartphones, tabletas y ordenadores de sobremesa: ofrecemos seguridad avanzada y un servicio de atenci\u00f3n al cliente de primera. [&hellip;]<\/p>\n","protected":false},"author":1,"featured_media":0,"parent":0,"menu_order":0,"comment_status":"closed","ping_status":"closed","template":"template-builder.php","meta":{"_acf_changed":false,"inline_featured_image":false,"footnotes":""},"class_list":["post-1449","page","type-page","status-publish","hentry"],"acf":[],"yoast_head":"<!-- This site is optimized with the Yoast SEO plugin v27.3 - https:\/\/yoast.com\/product\/yoast-seo-wordpress\/ -->\n<title>Descargar la aplicaci\u00f3n Betsamuro | iOS, Android y escritorio<\/title>\n<meta name=\"description\" content=\"Instala la aplicaci\u00f3n Betsamuro en iOS, Android, Windows y macOS para jugar a m\u00e1s de 6000 juegos de casino en cualquier lugar. Rendimiento fluido, sincronizaci\u00f3n de cuentas y asistencia 24\/7: todo en Betsamuro.\" \/>\n<meta name=\"robots\" content=\"index, follow, max-snippet:-1, max-image-preview:large, max-video-preview:-1\" \/>\n<link rel=\"canonical\" href=\"https:\/\/thebetsamuro.com\/es\/aplicacion\/\" \/>\n<meta property=\"og:locale\" content=\"es_ES\" \/>\n<meta property=\"og:type\" content=\"article\" \/>\n<meta property=\"og:title\" content=\"Descargar la aplicaci\u00f3n Betsamuro | iOS, Android y escritorio\" \/>\n<meta property=\"og:description\" content=\"Instala la aplicaci\u00f3n Betsamuro en iOS, Android, Windows y macOS para jugar a m\u00e1s de 6000 juegos de casino en cualquier lugar. Rendimiento fluido, sincronizaci\u00f3n de cuentas y asistencia 24\/7: todo en Betsamuro.\" \/>\n<meta property=\"og:url\" content=\"https:\/\/thebetsamuro.com\/es\/aplicacion\/\" \/>\n<meta property=\"og:site_name\" content=\"betsamuro\" \/>\n<meta property=\"article:modified_time\" content=\"2026-03-20T14:17:15+00:00\" \/>\n<meta name=\"twitter:card\" content=\"summary_large_image\" \/>\n<meta name=\"twitter:label1\" content=\"Est. reading time\" \/>\n\t<meta name=\"twitter:data1\" content=\"2 minutes\" \/>\n<script type=\"application\/ld+json\" class=\"yoast-schema-graph\">{\"@context\":\"https:\\\/\\\/schema.org\",\"@graph\":[{\"@type\":\"WebPage\",\"@id\":\"https:\\\/\\\/thebetsamuro.com\\\/es\\\/aplicacion\\\/\",\"url\":\"https:\\\/\\\/thebetsamuro.com\\\/es\\\/aplicacion\\\/\",\"name\":\"Descargar la aplicaci\u00f3n Betsamuro | iOS, Android y escritorio\",\"isPartOf\":{\"@id\":\"https:\\\/\\\/thebetsamuro.com\\\/es\\\/#website\"},\"datePublished\":\"2026-01-20T12:08:23+00:00\",\"dateModified\":\"2026-03-20T14:17:15+00:00\",\"description\":\"Instala la aplicaci\u00f3n Betsamuro en iOS, Android, Windows y macOS para jugar a m\u00e1s de 6000 juegos de casino en cualquier lugar. Rendimiento fluido, sincronizaci\u00f3n de cuentas y asistencia 24\\\/7: todo en Betsamuro.\",\"breadcrumb\":{\"@id\":\"https:\\\/\\\/thebetsamuro.com\\\/es\\\/aplicacion\\\/#breadcrumb\"},\"inLanguage\":\"es-ES\",\"potentialAction\":[{\"@type\":\"ReadAction\",\"target\":[\"https:\\\/\\\/thebetsamuro.com\\\/es\\\/aplicacion\\\/\"]}]},{\"@type\":\"BreadcrumbList\",\"@id\":\"https:\\\/\\\/thebetsamuro.com\\\/es\\\/aplicacion\\\/#breadcrumb\",\"itemListElement\":[{\"@type\":\"ListItem\",\"position\":1,\"name\":\"Betsamuro\",\"item\":\"https:\\\/\\\/thebetsamuro.com\\\/es\\\/\"},{\"@type\":\"ListItem\",\"position\":2,\"name\":\"Aplicaci\u00f3n\"}]},{\"@type\":\"WebSite\",\"@id\":\"https:\\\/\\\/thebetsamuro.com\\\/es\\\/#website\",\"url\":\"https:\\\/\\\/thebetsamuro.com\\\/es\\\/\",\"name\":\"Betsamuro\",\"description\":\"\",\"publisher\":{\"@id\":\"https:\\\/\\\/thebetsamuro.com\\\/es\\\/#organization\"},\"potentialAction\":[{\"@type\":\"SearchAction\",\"target\":{\"@type\":\"EntryPoint\",\"urlTemplate\":\"https:\\\/\\\/thebetsamuro.com\\\/es\\\/?s={search_term_string}\"},\"query-input\":{\"@type\":\"PropertyValueSpecification\",\"valueRequired\":true,\"valueName\":\"search_term_string\"}}],\"inLanguage\":\"es-ES\"},{\"@type\":\"Organization\",\"@id\":\"https:\\\/\\\/thebetsamuro.com\\\/es\\\/#organization\",\"name\":\"Betsamuro\",\"url\":\"https:\\\/\\\/thebetsamuro.com\\\/es\\\/\",\"logo\":{\"@type\":\"ImageObject\",\"inLanguage\":\"es-ES\",\"@id\":\"https:\\\/\\\/thebetsamuro.com\\\/es\\\/#\\\/schema\\\/logo\\\/image\\\/\",\"url\":\"https:\\\/\\\/thebetsamuro.com\\\/wp-content\\\/uploads\\\/2026\\\/03\\\/betsamuro-logo.png\",\"contentUrl\":\"https:\\\/\\\/thebetsamuro.com\\\/wp-content\\\/uploads\\\/2026\\\/03\\\/betsamuro-logo.png\",\"width\":150,\"height\":29,\"caption\":\"Betsamuro\"},\"image\":{\"@id\":\"https:\\\/\\\/thebetsamuro.com\\\/es\\\/#\\\/schema\\\/logo\\\/image\\\/\"}}]}<\/script>\n<!-- \/ Yoast SEO plugin. -->","yoast_head_json":{"title":"Descargar la aplicaci\u00f3n Betsamuro | iOS, Android y escritorio","description":"Instala la aplicaci\u00f3n Betsamuro en iOS, Android, Windows y macOS para jugar a m\u00e1s de 6000 juegos de casino en cualquier lugar. Rendimiento fluido, sincronizaci\u00f3n de cuentas y asistencia 24\/7: todo en Betsamuro.","robots":{"index":"index","follow":"follow","max-snippet":"max-snippet:-1","max-image-preview":"max-image-preview:large","max-video-preview":"max-video-preview:-1"},"canonical":"https:\/\/thebetsamuro.com\/es\/aplicacion\/","og_locale":"es_ES","og_type":"article","og_title":"Descargar la aplicaci\u00f3n Betsamuro | iOS, Android y escritorio","og_description":"Instala la aplicaci\u00f3n Betsamuro en iOS, Android, Windows y macOS para jugar a m\u00e1s de 6000 juegos de casino en cualquier lugar. Rendimiento fluido, sincronizaci\u00f3n de cuentas y asistencia 24\/7: todo en Betsamuro.","og_url":"https:\/\/thebetsamuro.com\/es\/aplicacion\/","og_site_name":"betsamuro","article_modified_time":"2026-03-20T14:17:15+00:00","twitter_card":"summary_large_image","twitter_misc":{"Est. reading time":"2 minutes"},"schema":{"@context":"https:\/\/schema.org","@graph":[{"@type":"WebPage","@id":"https:\/\/thebetsamuro.com\/es\/aplicacion\/","url":"https:\/\/thebetsamuro.com\/es\/aplicacion\/","name":"Descargar la aplicaci\u00f3n Betsamuro | iOS, Android y escritorio","isPartOf":{"@id":"https:\/\/thebetsamuro.com\/es\/#website"},"datePublished":"2026-01-20T12:08:23+00:00","dateModified":"2026-03-20T14:17:15+00:00","description":"Instala la aplicaci\u00f3n Betsamuro en iOS, Android, Windows y macOS para jugar a m\u00e1s de 6000 juegos de casino en cualquier lugar. Rendimiento fluido, sincronizaci\u00f3n de cuentas y asistencia 24\/7: todo en Betsamuro.","breadcrumb":{"@id":"https:\/\/thebetsamuro.com\/es\/aplicacion\/#breadcrumb"},"inLanguage":"es-ES","potentialAction":[{"@type":"ReadAction","target":["https:\/\/thebetsamuro.com\/es\/aplicacion\/"]}]},{"@type":"BreadcrumbList","@id":"https:\/\/thebetsamuro.com\/es\/aplicacion\/#breadcrumb","itemListElement":[{"@type":"ListItem","position":1,"name":"Betsamuro","item":"https:\/\/thebetsamuro.com\/es\/"},{"@type":"ListItem","position":2,"name":"Aplicaci\u00f3n"}]},{"@type":"WebSite","@id":"https:\/\/thebetsamuro.com\/es\/#website","url":"https:\/\/thebetsamuro.com\/es\/","name":"Betsamuro","description":"","publisher":{"@id":"https:\/\/thebetsamuro.com\/es\/#organization"},"potentialAction":[{"@type":"SearchAction","target":{"@type":"EntryPoint","urlTemplate":"https:\/\/thebetsamuro.com\/es\/?s={search_term_string}"},"query-input":{"@type":"PropertyValueSpecification","valueRequired":true,"valueName":"search_term_string"}}],"inLanguage":"es-ES"},{"@type":"Organization","@id":"https:\/\/thebetsamuro.com\/es\/#organization","name":"Betsamuro","url":"https:\/\/thebetsamuro.com\/es\/","logo":{"@type":"ImageObject","inLanguage":"es-ES","@id":"https:\/\/thebetsamuro.com\/es\/#\/schema\/logo\/image\/","url":"https:\/\/thebetsamuro.com\/wp-content\/uploads\/2026\/03\/betsamuro-logo.png","contentUrl":"https:\/\/thebetsamuro.com\/wp-content\/uploads\/2026\/03\/betsamuro-logo.png","width":150,"height":29,"caption":"Betsamuro"},"image":{"@id":"https:\/\/thebetsamuro.com\/es\/#\/schema\/logo\/image\/"}}]}},"_links":{"self":[{"href":"https:\/\/thebetsamuro.com\/es\/wp-json\/wp\/v2\/pages\/1449","targetHints":{"allow":["GET"]}}],"collection":[{"href":"https:\/\/thebetsamuro.com\/es\/wp-json\/wp\/v2\/pages"}],"about":[{"href":"https:\/\/thebetsamuro.com\/es\/wp-json\/wp\/v2\/types\/page"}],"author":[{"embeddable":true,"href":"https:\/\/thebetsamuro.com\/es\/wp-json\/wp\/v2\/users\/1"}],"replies":[{"embeddable":true,"href":"https:\/\/thebetsamuro.com\/es\/wp-json\/wp\/v2\/comments?post=1449"}],"version-history":[{"count":3,"href":"https:\/\/thebetsamuro.com\/es\/wp-json\/wp\/v2\/pages\/1449\/revisions"}],"predecessor-version":[{"id":2077,"href":"https:\/\/thebetsamuro.com\/es\/wp-json\/wp\/v2\/pages\/1449\/revisions\/2077"}],"wp:attachment":[{"href":"https:\/\/thebetsamuro.com\/es\/wp-json\/wp\/v2\/media?parent=1449"}],"curies":[{"name":"wp","href":"https:\/\/api.w.org\/{rel}","templated":true}]}}