{"id":1483,"date":"2026-01-20T12:11:11","date_gmt":"2026-01-20T12:11:11","guid":{"rendered":"https:\/\/bonuskongcasino.com\/login-and-registration\/"},"modified":"2026-03-20T12:50:01","modified_gmt":"2026-03-20T12:50:01","slug":"anmeldung-und-registrierung","status":"publish","type":"page","link":"https:\/\/thebetsamuro.com\/de\/anmeldung-und-registrierung\/","title":{"rendered":"Anmeldung und Registrierung"},"content":{"rendered":"<h1>Betsamuro Anmeldung und Registrierung<\/h1>\n<p>Der Betsamuro Login bietet eine verantwortungsbewusste und sichere Umgebung f\u00fcr Online-Spiele, wenn Sie sich zum ersten Mal in Ihr Konto einloggen oder Ihr bestehendes Profil aktualisieren. Unser Casino ist eine unkomplizierte und sichere Website, auf der Spieler eine gro\u00dfe Auswahl an Spielen vorfinden. Die Anmeldung bei Betsamuro ist einfach, da verifizierte Nutzer schnell auf die Website zugreifen k\u00f6nnen und Neulinge die Neuanmeldung unserer Plattform nutzen k\u00f6nnen, um das gesamte Spielerlebnis zu genie\u00dfen.<\/p>\n<p><div class=\"banner-wrap\" aria-label=\"Banner\"><img src=\"https:\/\/thebetsamuro.com\/wp-content\/uploads\/2026\/03\/banner-desktop.webp\" class=\"w-100 d-none d-lg-block img-pc main-banner-img\" alt=\"banner desktop\" fetchpriority=\"high\" decoding=\"async\"><img src=\"https:\/\/thebetsamuro.com\/wp-content\/uploads\/2026\/03\/banner-mobile.webp\" class=\"w-100 d-none d-md-block d-lg-none main-banner-img\" alt=\"banner mobile\" fetchpriority=\"high\" decoding=\"async\"><img src=\"https:\/\/thebetsamuro.com\/wp-content\/uploads\/2026\/03\/banner-mobile.webp\" class=\"w-100 d-md-none\" alt=\"banner mobile\" fetchpriority=\"high\" decoding=\"async\"><div class=\"banner-description\">\n<div class=\"banner-title\">Willkommensboni<\/div>\n<p class=\"banner-header-title\">1500 \u20ac<\/p>\n<div class=\"banner-header-AdditionalText\">+ 250 Freispiele<\/div>\n<button data-item=\"homepage_banner_link\" class=\"goto m-button m-gradient-border m-button--primary m-button--large banner-button btn-orange\">\n            <div class=\"m-button-content\">\n                <span>Jetzt anmelden<\/span>\n                <span><\/span>\n            <\/div>\n        <\/button>\n<\/div>\n<div class=\"WelcomePack\">\n<p><img loading=\"lazy\" decoding=\"async\" class=\"alignnone size-full wp-image-1853\" src=\"https:\/\/thebetsamuro.com\/wp-content\/uploads\/2026\/03\/welcome-crown.png\" alt=\"welcome crown\" width=\"25\" height=\"26\" \/><\/p>\n<div class=\"WelcomePack-Info\">W\u00f6chentlicher Cashback von bis zu 25 %<\/div>\n<p><img loading=\"lazy\" decoding=\"async\" class=\"alignnone size-full wp-image-1853\" src=\"https:\/\/thebetsamuro.com\/wp-content\/uploads\/2026\/03\/welcome-crown.png\" alt=\"welcome crown\" width=\"25\" height=\"26\" \/><\/p>\n<\/div>\n<\/div><div class=\"scrollable-content-wrap my-5\"><div class=\"scrollable-content-inner\"><h2>Neuanmeldung bei Betsamuro Casino<\/h2>\n<p>Die Registrierung eines Kontos bei Betsamuro Casino erm\u00f6glicht den Zugriff auf das gesamte Angebot an Funktionen wie Echtgeldspiele, Boni und Sonderangebote. Dieser Registrierungsprozess ist schnell und einfach, sodass neue Nutzer ihre Profile sicher und ohne Verz\u00f6gerung erstellen k\u00f6nnen. Wir f\u00fchren Sie nun durch den Vorgang:<\/p>\n<ol>\n<li>Suchen Sie die Schaltfl\u00e4che \u201eRegistrieren\u201c an prominenter Stelle in der oberen rechten Ecke der Startseite des Bet Samuro Casinos.<\/li>\n<li>Geben Sie Ihre E-Mail-Adresse ein, erstellen Sie ein sicheres Passwort und f\u00fcgen Sie einen Promo-Code hinzu (nicht obligatorisch).<\/li>\n<li>Stellen Sie sicher, dass Sie mindestens 18 Jahre alt sind, und akzeptieren Sie die Allgemeinen Gesch\u00e4ftsbedingungen der Plattform.<\/li>\n<li>Nachdem Sie alle Felder ausgef\u00fcllt haben, fahren Sie mit der Registrierung fort.<\/li>\n<\/ol>\n<p>Nach dem Ausf\u00fcllen des Registrierungsformulars sendet Ihnen Bet Samuro eine Best\u00e4tigungs-E-Mail an die angegebene E-Mail-Adresse. Durch einfaches Anklicken des Links in der E-Mail aktivieren Sie Ihr Konto. Sollte die E-Mail nicht umgehend eintreffen, \u00fcberpr\u00fcfen Sie bitte Ihren Spam- oder Junk-Ordner.<\/p>\n<h3>Verifizierungsprozess<\/h3>\n<p>Nach der Aktivierung des Kontos bittet die Plattform neue Nutzer, zus\u00e4tzliche pers\u00f6nliche Daten anzugeben. Obwohl dies zu diesem Zeitpunkt optional ist, machen diese Informationen das Konto sicherer und erm\u00f6glichen eine schnellere Bearbeitung von Auszahlungen. Der Verifizierungsprozess bei Betsamuro muss bei Auszahlungen und Einzahlungen abgeschlossen werden. Wir hoffen, dass Sie der Durchf\u00fchrung einer Kontoverifizierung zustimmen.<\/p>\n<table>\n<tbody>\n<tr>\n<td>Was wir zur Verifizierung ben\u00f6tigen<\/td>\n<td>Dokumente, die Sie vorlegen m\u00fcssen<\/td>\n<\/tr>\n<tr>\n<td>Reisepass oder anderer Identit\u00e4tsnachweis<\/td>\n<td>Ihr Personalausweis, F\u00fchrerschein<\/td>\n<\/tr>\n<tr>\n<td>Nachweis Ihres Wohnsitzes<\/td>\n<td>Stromrechnung, Kontoauszug, Wohnsitzbescheinigung<\/td>\n<\/tr>\n<tr>\n<td>Zahlungsf\u00e4higkeit<\/td>\n<td>Nachweis Ihrer Zahlungsf\u00e4higkeit<\/td>\n<\/tr>\n<\/tbody>\n<\/table>\n<p><img loading=\"lazy\" decoding=\"async\" class=\"alignnone size-full wp-image-1957\" src=\"https:\/\/thebetsamuro.com\/wp-content\/uploads\/2026\/03\/Betsamuro-Login-Page.webp\" alt=\"Betsamuro Login Page\" width=\"1248\" height=\"536\" srcset=\"https:\/\/thebetsamuro.com\/wp-content\/uploads\/2026\/03\/Betsamuro-Login-Page.webp 1248w, https:\/\/thebetsamuro.com\/wp-content\/uploads\/2026\/03\/Betsamuro-Login-Page-300x129.webp 300w, https:\/\/thebetsamuro.com\/wp-content\/uploads\/2026\/03\/Betsamuro-Login-Page-1024x440.webp 1024w, https:\/\/thebetsamuro.com\/wp-content\/uploads\/2026\/03\/Betsamuro-Login-Page-768x330.webp 768w\" sizes=\"auto, (max-width: 1248px) 100vw, 1248px\" \/><\/p>\n<h2>Erste Anmeldung bei Betsamuro<\/h2>\n<p>Die erstmalige Anmeldung bei Betsamuro Casino geht schnell. So geht\u2019s (die Schritte \u00e4hneln denen bei der Registrierung).<\/p>\n<ol>\n<li>Gehen Sie zum Betsamuro Anmelden (neben der Schaltfl\u00e4che \u201eRegistrieren\u201c);<\/li>\n<li>Geben Sie Ihre registrierte E-Mail-Adresse und Ihr Passwort ein, um sich bei Ihrem Konto anzumelden.<\/li>\n<li>Nutzer der Zwei-Faktor-Authentifizierung (2FA) werden m\u00f6glicherweise aufgefordert, einen Best\u00e4tigungscode einzugeben, der in einer Authentifizierungs-App generiert oder per SMS an sie gesendet wird, um die Sicherheit zu erh\u00f6hen.<\/li>\n<\/ol>\n<p>Fertig! Sie sind in unserem System angemeldet.<\/p>\n<p>Ein guter Rat: Behalte deine Anmeldedaten geheim. Das Kundensupport-Team steht dir bei Problemen mit dem Zugriff jederzeit per Live-Chat oder E-Mail zur Verf\u00fcgung. Um ein reibungsloses Nutzererlebnis zu gew\u00e4hrleisten, wird das Support-Team alle Anmeldeprobleme so schnell wie m\u00f6glich beheben, sobald du uns kontaktierst.<\/p>\n<h2>Verwaltung eines Betsamuro Casino Kontos<\/h2>\n<p>Sobald Sie sich in Ihr Konto einloggen, haben Sie vollen Zugriff auf Ihr Spiel-Dashboard. Dort k\u00f6nnen Sie Ihren aktuellen Kontostand einsehen, Ein- und Auszahlungen vornehmen sowie Bonusangebote verfolgen. Transparenz und die M\u00f6glichkeit, alle Boni, aktuelle Transaktionen, den Spielverlauf und sogar Einzahlungen zu verwalten, finden Sie im Dashboard. Sie haben die volle Kontrolle.<\/p>\n<p>Wir setzen in unserem Casino mehrere Schutzebenen ein, um die Kontosicherheit zu gew\u00e4hrleisten. Die Zwei-Faktor-Authentifizierung ist eine zus\u00e4tzliche Funktion, die einen weiteren Schritt zum Schutz Ihres Kontos hinzuf\u00fcgt, wobei Google oder SMS-Nachrichten (sofern Sie eine Telefonnummer verwenden) zum Einsatz kommen. Beachten Sie jedoch, dass Sie sich auf diese Weise nicht bei Bet Samuro anmelden k\u00f6nnen, ohne den Best\u00e4tigungscode zu erhalten. Halten Sie Ihr Ger\u00e4t daher immer griffbereit. Dies ist ein guter Schutz vor unbefugtem Zugriff.<\/p>\n<p>Au\u00dferdem ist einer der wichtigsten Aspekte bei Betsamuro, der f\u00fcr jeden Spieler von entscheidender Bedeutung ist, der Verifizierungsprozess namens KYC (Know Your Customer). Wie l\u00e4uft das ab?<\/p>\n<p>Sie senden uns Ihre Dokumente, einen Adressnachweis und Ausweisdokumente \u2192 wir pr\u00fcfen diese innerhalb von 48 Stunden \u2192 Sie erhalten eine Best\u00e4tigungs-E-Mail \u2192 Sie melden sich bei Betsamuro an \u2192 Ihre Finanzfunktionen sind freigeschaltet und funktionsf\u00e4hig \u2192 Sie genie\u00dfen das uneingeschr\u00e4nkte Casino-Erlebnis.<\/p>\n<p>Ansonsten geh\u00f6rt das Dashboard dir, und wir hoffen, dass du dein Konto m\u00fchelos und mit Freude verwaltest!<\/p>\n<h3>Passwortwiederherstellung<\/h3>\n<p>Passwort vergessen? Keine Sorge! Die Passwortwiederherstellung ist ganz einfach. Auf der Betsamuro-Anmeldeseite finden Sie unter anderem die Option \u201ePasswort vergessen?\u201c, bei der Sie Ihre registrierte E-Mail-Adresse eingeben m\u00fcssen. Kurz darauf senden wir Ihnen einen Link zum Zur\u00fccksetzen Ihres Passworts. Klicken Sie darauf und stellen Sie Ihre Daten wieder her.<\/p>\n<h2>Sicherheitsma\u00dfnahmen<\/h2>\n<p>Betsamuro Casino verf\u00fcgt \u00fcber strenge Sicherheitsma\u00dfnahmen zum Schutz von Nutzerdaten und Finanztransaktionen. Zu diesen Ma\u00dfnahmen geh\u00f6rt der Verifizierungsprozess, der die Einreichung amtlicher Ausweisdokumente, die \u00dcberpr\u00fcfung von Adressen und die Verwendung sicherer Zahlungsmethoden umfasst.<\/p>\n<p>Dies tr\u00e4gt dazu bei, Betrug und Identit\u00e4tsdiebstahl zu verhindern, da jede Transaktion und jede Kontoaktivit\u00e4t doppelt gepr\u00fcft und validiert wird. Der Verifizierungsprozess dauert in der Regel nicht l\u00e4nger als 48 Stunden; danach wird das Support-Team Ihre Identit\u00e4t per E-Mail best\u00e4tigen. Dar\u00fcber hinaus bietet der mehrsprachige Support Hilfe \u00fcber einen speziellen Live-Chat und per E-Mail \u2013 in vielen Sprachen! Diese Funktion garantiert zeitnahe, kompetente Unterst\u00fctzung bei allen sicherheitsrelevanten Fragen f\u00fcr Nutzer in den verschiedenen Regionen.<\/p>\n<h2>FAQ<\/h2>\n<h3>Kann ich Spiele vor der Registrierung im Demo-Modus ausprobieren?<\/h3>\n<p>Ja, Betsamuro Casino bietet eine Demoversion an. Jeder neugierige Nutzer kann die ausgew\u00e4hlten Spiele ohne Registrierung spielen \u2013 einfach, um uns kennenzulernen. Dies ist der beste Weg, sich mit den Spielmechaniken und Funktionen vertraut zu machen, bevor man echtes Geld einsetzt. Sind Sie bereit, echtes Geld zu setzen und gro\u00df zu gewinnen? Registrieren Sie sich bei uns.<\/p>\n<h3>Kann ich mich mehrmals bei Betsamuro anmelden?<\/h3>\n<p>Solange die Anmeldedaten korrekt sind, ist das kein Problem. Wenn nicht, k\u00f6nnen Sie sich in der Regel so oft Sie m\u00f6chten auf mehreren Ger\u00e4ten und von verschiedenen Standorten aus anmelden. Die Plattform sorgt daf\u00fcr, dass alle Kontoaktivit\u00e4ten ger\u00e4te\u00fcbergreifend synchronisiert werden. Die Anmeldung bei Betsamuro sollte problemlos funktionieren \u2013 es sei denn, Sie versuchen es etwa hundert Mal!<\/p>\n<h3>Wie lange dauert der Verifizierungsprozess?<\/h3>\n<p>Es dauert nie lange. Der Verifizierungsprozess bei Betsamuro Casino dauert in der Regel nicht l\u00e4nger als 48 Stunden. Die in diesem Zeitraum hochgeladenen Dokumente werden in der Regel von unserem Support-Team gepr\u00fcft, um Ihre Identit\u00e4t, Ihre Adresse und die Inhaberschaft der Zahlungsmethode zu verifizieren.<\/p>\n<\/div><\/div><\/p>\n","protected":false},"excerpt":{"rendered":"<p>Betsamuro Anmeldung und Registrierung Der Betsamuro Login bietet eine verantwortungsbewusste und sichere Umgebung f\u00fcr Online-Spiele, wenn Sie sich zum ersten Mal in Ihr Konto einloggen oder Ihr bestehendes Profil aktualisieren. Unser Casino ist eine unkomplizierte und sichere Website, auf der Spieler eine gro\u00dfe Auswahl an Spielen vorfinden. Die Anmeldung bei Betsamuro ist einfach, da verifizierte [&hellip;]<\/p>\n","protected":false},"author":1,"featured_media":0,"parent":0,"menu_order":0,"comment_status":"closed","ping_status":"closed","template":"template-builder.php","meta":{"_acf_changed":false,"inline_featured_image":false,"footnotes":""},"class_list":["post-1483","page","type-page","status-publish","hentry"],"acf":[],"yoast_head":"<!-- This site is optimized with the Yoast SEO plugin v27.3 - https:\/\/yoast.com\/product\/yoast-seo-wordpress\/ -->\n<title>Betsamuro-Login \u2013 Sicherer Zugriff auf Registrierung und Anmeldung<\/title>\n<meta name=\"description\" content=\"Betsamuro-Anmeldung \u2013 Greifen Sie sicher auf Ihr Konto zu oder erstellen Sie in wenigen Minuten ein neues Konto. Verwalten Sie die Verifizierung, die Passwortwiederherstellung und die Kontoeinstellungen ganz einfach in Betsamuro.\" \/>\n<meta name=\"robots\" content=\"index, follow, max-snippet:-1, max-image-preview:large, max-video-preview:-1\" \/>\n<link rel=\"canonical\" href=\"https:\/\/thebetsamuro.com\/de\/anmeldung-und-registrierung\/\" \/>\n<meta property=\"og:locale\" content=\"de_DE\" \/>\n<meta property=\"og:type\" content=\"article\" \/>\n<meta property=\"og:title\" content=\"Betsamuro-Login \u2013 Sicherer Zugriff auf Registrierung und Anmeldung\" \/>\n<meta property=\"og:description\" content=\"Betsamuro-Anmeldung \u2013 Greifen Sie sicher auf Ihr Konto zu oder erstellen Sie in wenigen Minuten ein neues Konto. Verwalten Sie die Verifizierung, die Passwortwiederherstellung und die Kontoeinstellungen ganz einfach in Betsamuro.\" \/>\n<meta property=\"og:url\" content=\"https:\/\/thebetsamuro.com\/de\/anmeldung-und-registrierung\/\" \/>\n<meta property=\"og:site_name\" content=\"betsamuro\" \/>\n<meta property=\"article:modified_time\" content=\"2026-03-20T12:50:01+00:00\" \/>\n<meta name=\"twitter:card\" content=\"summary_large_image\" \/>\n<meta name=\"twitter:label1\" content=\"Gesch\u00e4tzte Lesezeit\" \/>\n\t<meta name=\"twitter:data1\" content=\"1\u00a0Minute\" \/>\n<script type=\"application\/ld+json\" class=\"yoast-schema-graph\">{\"@context\":\"https:\\\/\\\/schema.org\",\"@graph\":[{\"@type\":\"WebPage\",\"@id\":\"https:\\\/\\\/thebetsamuro.com\\\/de\\\/anmeldung-und-registrierung\\\/\",\"url\":\"https:\\\/\\\/thebetsamuro.com\\\/de\\\/anmeldung-und-registrierung\\\/\",\"name\":\"Betsamuro-Login \u2013 Sicherer Zugriff auf Registrierung und Anmeldung\",\"isPartOf\":{\"@id\":\"https:\\\/\\\/thebetsamuro.com\\\/de\\\/#website\"},\"datePublished\":\"2026-01-20T12:11:11+00:00\",\"dateModified\":\"2026-03-20T12:50:01+00:00\",\"description\":\"Betsamuro-Anmeldung \u2013 Greifen Sie sicher auf Ihr Konto zu oder erstellen Sie in wenigen Minuten ein neues Konto. Verwalten Sie die Verifizierung, die Passwortwiederherstellung und die Kontoeinstellungen ganz einfach in Betsamuro.\",\"breadcrumb\":{\"@id\":\"https:\\\/\\\/thebetsamuro.com\\\/de\\\/anmeldung-und-registrierung\\\/#breadcrumb\"},\"inLanguage\":\"de\",\"potentialAction\":[{\"@type\":\"ReadAction\",\"target\":[\"https:\\\/\\\/thebetsamuro.com\\\/de\\\/anmeldung-und-registrierung\\\/\"]}]},{\"@type\":\"BreadcrumbList\",\"@id\":\"https:\\\/\\\/thebetsamuro.com\\\/de\\\/anmeldung-und-registrierung\\\/#breadcrumb\",\"itemListElement\":[{\"@type\":\"ListItem\",\"position\":1,\"name\":\"Betsamuro\",\"item\":\"https:\\\/\\\/thebetsamuro.com\\\/de\\\/\"},{\"@type\":\"ListItem\",\"position\":2,\"name\":\"Anmeldung und Registrierung\"}]},{\"@type\":\"WebSite\",\"@id\":\"https:\\\/\\\/thebetsamuro.com\\\/de\\\/#website\",\"url\":\"https:\\\/\\\/thebetsamuro.com\\\/de\\\/\",\"name\":\"Betsamuro\",\"description\":\"\",\"publisher\":{\"@id\":\"https:\\\/\\\/thebetsamuro.com\\\/de\\\/#organization\"},\"potentialAction\":[{\"@type\":\"SearchAction\",\"target\":{\"@type\":\"EntryPoint\",\"urlTemplate\":\"https:\\\/\\\/thebetsamuro.com\\\/de\\\/?s={search_term_string}\"},\"query-input\":{\"@type\":\"PropertyValueSpecification\",\"valueRequired\":true,\"valueName\":\"search_term_string\"}}],\"inLanguage\":\"de\"},{\"@type\":\"Organization\",\"@id\":\"https:\\\/\\\/thebetsamuro.com\\\/de\\\/#organization\",\"name\":\"Betsamuro\",\"url\":\"https:\\\/\\\/thebetsamuro.com\\\/de\\\/\",\"logo\":{\"@type\":\"ImageObject\",\"inLanguage\":\"de\",\"@id\":\"https:\\\/\\\/thebetsamuro.com\\\/de\\\/#\\\/schema\\\/logo\\\/image\\\/\",\"url\":\"https:\\\/\\\/thebetsamuro.com\\\/wp-content\\\/uploads\\\/2026\\\/03\\\/betsamuro-logo.png\",\"contentUrl\":\"https:\\\/\\\/thebetsamuro.com\\\/wp-content\\\/uploads\\\/2026\\\/03\\\/betsamuro-logo.png\",\"width\":150,\"height\":29,\"caption\":\"Betsamuro\"},\"image\":{\"@id\":\"https:\\\/\\\/thebetsamuro.com\\\/de\\\/#\\\/schema\\\/logo\\\/image\\\/\"}}]}<\/script>\n<!-- \/ Yoast SEO plugin. -->","yoast_head_json":{"title":"Betsamuro-Login \u2013 Sicherer Zugriff auf Registrierung und Anmeldung","description":"Betsamuro-Anmeldung \u2013 Greifen Sie sicher auf Ihr Konto zu oder erstellen Sie in wenigen Minuten ein neues Konto. Verwalten Sie die Verifizierung, die Passwortwiederherstellung und die Kontoeinstellungen ganz einfach in Betsamuro.","robots":{"index":"index","follow":"follow","max-snippet":"max-snippet:-1","max-image-preview":"max-image-preview:large","max-video-preview":"max-video-preview:-1"},"canonical":"https:\/\/thebetsamuro.com\/de\/anmeldung-und-registrierung\/","og_locale":"de_DE","og_type":"article","og_title":"Betsamuro-Login \u2013 Sicherer Zugriff auf Registrierung und Anmeldung","og_description":"Betsamuro-Anmeldung \u2013 Greifen Sie sicher auf Ihr Konto zu oder erstellen Sie in wenigen Minuten ein neues Konto. Verwalten Sie die Verifizierung, die Passwortwiederherstellung und die Kontoeinstellungen ganz einfach in Betsamuro.","og_url":"https:\/\/thebetsamuro.com\/de\/anmeldung-und-registrierung\/","og_site_name":"betsamuro","article_modified_time":"2026-03-20T12:50:01+00:00","twitter_card":"summary_large_image","twitter_misc":{"Gesch\u00e4tzte Lesezeit":"1\u00a0Minute"},"schema":{"@context":"https:\/\/schema.org","@graph":[{"@type":"WebPage","@id":"https:\/\/thebetsamuro.com\/de\/anmeldung-und-registrierung\/","url":"https:\/\/thebetsamuro.com\/de\/anmeldung-und-registrierung\/","name":"Betsamuro-Login \u2013 Sicherer Zugriff auf Registrierung und Anmeldung","isPartOf":{"@id":"https:\/\/thebetsamuro.com\/de\/#website"},"datePublished":"2026-01-20T12:11:11+00:00","dateModified":"2026-03-20T12:50:01+00:00","description":"Betsamuro-Anmeldung \u2013 Greifen Sie sicher auf Ihr Konto zu oder erstellen Sie in wenigen Minuten ein neues Konto. Verwalten Sie die Verifizierung, die Passwortwiederherstellung und die Kontoeinstellungen ganz einfach in Betsamuro.","breadcrumb":{"@id":"https:\/\/thebetsamuro.com\/de\/anmeldung-und-registrierung\/#breadcrumb"},"inLanguage":"de","potentialAction":[{"@type":"ReadAction","target":["https:\/\/thebetsamuro.com\/de\/anmeldung-und-registrierung\/"]}]},{"@type":"BreadcrumbList","@id":"https:\/\/thebetsamuro.com\/de\/anmeldung-und-registrierung\/#breadcrumb","itemListElement":[{"@type":"ListItem","position":1,"name":"Betsamuro","item":"https:\/\/thebetsamuro.com\/de\/"},{"@type":"ListItem","position":2,"name":"Anmeldung und Registrierung"}]},{"@type":"WebSite","@id":"https:\/\/thebetsamuro.com\/de\/#website","url":"https:\/\/thebetsamuro.com\/de\/","name":"Betsamuro","description":"","publisher":{"@id":"https:\/\/thebetsamuro.com\/de\/#organization"},"potentialAction":[{"@type":"SearchAction","target":{"@type":"EntryPoint","urlTemplate":"https:\/\/thebetsamuro.com\/de\/?s={search_term_string}"},"query-input":{"@type":"PropertyValueSpecification","valueRequired":true,"valueName":"search_term_string"}}],"inLanguage":"de"},{"@type":"Organization","@id":"https:\/\/thebetsamuro.com\/de\/#organization","name":"Betsamuro","url":"https:\/\/thebetsamuro.com\/de\/","logo":{"@type":"ImageObject","inLanguage":"de","@id":"https:\/\/thebetsamuro.com\/de\/#\/schema\/logo\/image\/","url":"https:\/\/thebetsamuro.com\/wp-content\/uploads\/2026\/03\/betsamuro-logo.png","contentUrl":"https:\/\/thebetsamuro.com\/wp-content\/uploads\/2026\/03\/betsamuro-logo.png","width":150,"height":29,"caption":"Betsamuro"},"image":{"@id":"https:\/\/thebetsamuro.com\/de\/#\/schema\/logo\/image\/"}}]}},"_links":{"self":[{"href":"https:\/\/thebetsamuro.com\/de\/wp-json\/wp\/v2\/pages\/1483","targetHints":{"allow":["GET"]}}],"collection":[{"href":"https:\/\/thebetsamuro.com\/de\/wp-json\/wp\/v2\/pages"}],"about":[{"href":"https:\/\/thebetsamuro.com\/de\/wp-json\/wp\/v2\/types\/page"}],"author":[{"embeddable":true,"href":"https:\/\/thebetsamuro.com\/de\/wp-json\/wp\/v2\/users\/1"}],"replies":[{"embeddable":true,"href":"https:\/\/thebetsamuro.com\/de\/wp-json\/wp\/v2\/comments?post=1483"}],"version-history":[{"count":3,"href":"https:\/\/thebetsamuro.com\/de\/wp-json\/wp\/v2\/pages\/1483\/revisions"}],"predecessor-version":[{"id":2048,"href":"https:\/\/thebetsamuro.com\/de\/wp-json\/wp\/v2\/pages\/1483\/revisions\/2048"}],"wp:attachment":[{"href":"https:\/\/thebetsamuro.com\/de\/wp-json\/wp\/v2\/media?parent=1483"}],"curies":[{"name":"wp","href":"https:\/\/api.w.org\/{rel}","templated":true}]}}