{"id":1442,"date":"2026-01-20T12:08:23","date_gmt":"2026-01-20T12:08:23","guid":{"rendered":"https:\/\/bonuskongcasino.com\/app-2\/"},"modified":"2026-03-20T12:48:28","modified_gmt":"2026-03-20T12:48:28","slug":"app","status":"publish","type":"page","link":"https:\/\/thebetsamuro.com\/de\/app\/","title":{"rendered":"App"},"content":{"rendered":"<h1>Betsamuro Mobilplattform<\/h1>\n<p>Die Betsamuro App ist unsere spielerfreundliche mobile Plattform, die ein sicheres, bequemes und umfassendes \u00d6kosystem bietet. Spieler k\u00f6nnen auf ihren Smartphones, Tablets und Desktops das gleiche hochwertige Spielerlebnis genie\u00dfen \u2013 wir bieten fortschrittliche Sicherheit und Kundenservice-Unterst\u00fctzung. Die Authentifizierung ist einfach, und die Infrastruktur der Plattform ist darauf ausgelegt, die reibungslose Ausf\u00fchrung von Spielen und schnelle Zahlungen zu unterst\u00fctzen. Die Gewinnchancen durch Boni und Turniere in unserer App verbessern das Gesamterlebnis und sorgen f\u00fcr st\u00e4ndige Unterhaltung.<\/p>\n<div class=\"banner-wrap\" aria-label=\"Banner\"><img src=\"https:\/\/thebetsamuro.com\/wp-content\/uploads\/2026\/03\/banner-desktop.webp\" class=\"w-100 d-none d-lg-block img-pc main-banner-img\" alt=\"banner desktop\" fetchpriority=\"high\" decoding=\"async\"><img src=\"https:\/\/thebetsamuro.com\/wp-content\/uploads\/2026\/03\/banner-mobile.webp\" class=\"w-100 d-none d-md-block d-lg-none main-banner-img\" alt=\"banner mobile\" fetchpriority=\"high\" decoding=\"async\"><img src=\"https:\/\/thebetsamuro.com\/wp-content\/uploads\/2026\/03\/banner-mobile.webp\" class=\"w-100 d-md-none\" alt=\"banner mobile\" fetchpriority=\"high\" decoding=\"async\"><div class=\"banner-description\">\n<div class=\"banner-title\">Willkommensboni<\/div>\n<p class=\"banner-header-title\">1500 \u20ac<\/p>\n<div class=\"banner-header-AdditionalText\">+ 250 Freispiele<\/div>\n<button data-item=\"homepage_banner_link\" class=\"goto m-button m-gradient-border m-button--primary m-button--large banner-button btn-orange\">\n            <div class=\"m-button-content\">\n                <span>Jetzt anmelden<\/span>\n                <span><\/span>\n            <\/div>\n        <\/button>\n<\/div>\n<div class=\"WelcomePack\">\n<p><img loading=\"lazy\" decoding=\"async\" class=\"alignnone size-full wp-image-1853\" src=\"https:\/\/thebetsamuro.com\/wp-content\/uploads\/2026\/03\/welcome-crown.png\" alt=\"welcome crown\" width=\"25\" height=\"26\" \/><\/p>\n<div class=\"WelcomePack-Info\">W\u00f6chentlicher Cashback von bis zu 25 %<\/div>\n<p><img loading=\"lazy\" decoding=\"async\" class=\"alignnone size-full wp-image-1853\" src=\"https:\/\/thebetsamuro.com\/wp-content\/uploads\/2026\/03\/welcome-crown.png\" alt=\"welcome crown\" width=\"25\" height=\"26\" \/><\/p>\n<\/div>\n<\/div>\n<h2>Mobiler Zugriff bei Bet Samuro<\/h2>\n<p>Wir bieten eine integrierte Spielplattform, die mit verschiedenen Ger\u00e4ten kompatibel ist, sodass man seine Lieblings-Casinospiele in der Betsamuro App spielen kann. Aber was bietet Ihnen unsere App?<\/p>\n<ul>\n<li>Die Bet Samuro App ist technologisch hochmodern.<\/li>\n<li>24\/7-Zugang zum Live Chat.<\/li>\n<li>Der Zugriff auf alle Funktionen der App ist schnell und stabil.<\/li>\n<li>Wir bieten unseren Besuchern eine sichere und zuverl\u00e4ssige Umgebung.<\/li>\n<li>Betsamuro Casino setzt hohe Standards in Bezug auf Leistung, Sicherheit und Kundenzufriedenheit auf Mobilger\u00e4ten und am Desktop.<\/li>\n<li>Komfort steht bei uns im Mittelpunkt.<\/li>\n<li>Wir bieten eine umfassende mobile Plattform, die an die Anforderungen moderner Spieler bei Bet Samuro Casino angepasst werden kann.<\/li>\n<\/ul>\n<p>Das Spielen auf Smartphones und Tablets ist ein Kinderspiel, denn das mobile Casino ist so konzipiert, dass es sich leicht bedienen l\u00e4sst, schnell l\u00e4dt und \u00fcber benutzerfreundliche Funktionen verf\u00fcgt. Wir verf\u00fcgen \u00fcber ein riesiges Spielangebot \u2013 mehr als 6.000 interaktive Titel, die gesamte Bibliothek an Online Slots, Tischspielen, Live-Casino und vielen weiteren spannenden Spielen.<\/p>\n<p>Nutzer k\u00f6nnen \u00fcber ihren mobilen Browser auf alle unsere Live- und Online-Spiele zugreifen, ohne dass dabei Abstriche bei Qualit\u00e4t und Sicherheit gemacht werden m\u00fcssen. Die App wird auf iOS- und Android-Ger\u00e4ten unterst\u00fctzt und gew\u00e4hrleistet ein einheitliches Erlebnis auf allen Betriebssystemen.<\/p>\n<p><div class=\"scrollable-content-wrap my-5\"><div class=\"scrollable-content-inner\"><h2>Betsamuro Casino iOS- und Android-App<\/h2>\n<p>Unsere Casino-Anwendung ist als PWA f\u00fcr iOS- und Android-Smartphones verf\u00fcgbar. Es handelt sich um eine exklusive App, die das mobile Spielerlebnis verbessert. Die Betsamuro App ist im Grunde nur ein Verkn\u00fcpfungssymbol \u2013 kein zus\u00e4tzlicher Speicherplatz, kein zus\u00e4tzlicher Stromverbrauch!<\/p>\n<p>Sie k\u00f6nnen das Betsamuro Casino direkt auf unserer Website herunterladen, und es ben\u00f6tigt nicht viel Speicherplatz. Es verf\u00fcgt au\u00dferdem \u00fcber alle wichtigen Funktionen einer App, wie automatische Updates und Push-Benachrichtigungen, sodass Spieler \u00fcber Ereignisse wie Aktionen, Turniere und Kontoaktivit\u00e4ten auf dem Laufenden bleiben k\u00f6nnen, ohne die App \u00f6ffnen zu m\u00fcssen.<\/p>\n<p>Die Anwendung verf\u00fcgt \u00fcber ein praktisches Layout, das die Navigation durch eine riesige Auswahl an Spielen einfach und angenehm macht. Spieler k\u00f6nnen zudem die H\u00f6he ihres Einsatzes anpassen, Slots drehen und dank der optimierten Touch-Steuerung mit Live-Dealern kommunizieren. Die Betsamuro App ist dank TLS 1.3 und Webanwendungs-Firewalls, die so stark sind, dass keine Cyberangriffe m\u00f6glich sind, sehr sicher. Dar\u00fcber hinaus verwenden wir sichere Zahlungsmethoden, was die Spielumgebung sicher macht.<\/p>\n<p><img loading=\"lazy\" decoding=\"async\" class=\"alignnone size-full wp-image-1933\" src=\"https:\/\/thebetsamuro.com\/wp-content\/uploads\/2026\/03\/Betsamuro-Casino-for-iOS.webp\" alt=\"Betsamuro Casino for iOS\" width=\"1248\" height=\"536\" srcset=\"https:\/\/thebetsamuro.com\/wp-content\/uploads\/2026\/03\/Betsamuro-Casino-for-iOS.webp 1248w, https:\/\/thebetsamuro.com\/wp-content\/uploads\/2026\/03\/Betsamuro-Casino-for-iOS-300x129.webp 300w, https:\/\/thebetsamuro.com\/wp-content\/uploads\/2026\/03\/Betsamuro-Casino-for-iOS-1024x440.webp 1024w, https:\/\/thebetsamuro.com\/wp-content\/uploads\/2026\/03\/Betsamuro-Casino-for-iOS-768x330.webp 768w\" sizes=\"auto, (max-width: 1248px) 100vw, 1248px\" \/><\/p>\n<\/div><\/div><div style=\"clear: both\"><\/div><div class=\"d-flex justify-content-center\"><button data-item=\"decouvrez_link\" data-group=\"website_links\" class=\"goto fw-bold rounded-pill btn btn-orange\" aria-label=\"Laden Sie die Betsamuro-App herunter\" >Laden Sie die Betsamuro-App herunter<\/button><\/div><div class=\"scrollable-content-wrap my-5\"><div class=\"scrollable-content-inner\"><h2>Betsamuro App f\u00fcr Windows und Mac<\/h2>\n<p>Spieler, die gerne auf dem Desktop spielen, haben f\u00fcr das Betsamuro Casino spezielle Windows- und Mac-Anwendungen zur Verf\u00fcgung. Diese Desktop-Anwendungen bieten eine umfassendere \u00dcbersicht \u00fcber die Plattform, Vollbildmodus und hochwertige Grafiken. Die Desktop-Versionen bieten zudem hohe Leistung und Sicherheitsfunktionen. Unsere mobile Version war noch nie besser! Seien Sie sicher: Wenn Sie unsere Betsamuro App nutzen, ist Ihr Spielerlebnis einwandfrei und sicher. Warum glauben wir das? Urteilen Sie selbst:<\/p>\n<ul>\n<li>Es gibt keine Probleme bei der Installation oder Aktualisierung der Desktop-Anwendung.<\/li>\n<li>Sie haben jederzeit \u2013 und p\u00fcnktlich \u2013 Zugriff auf die neuesten Funktionen und Spielver\u00f6ffentlichungen sowie auf Werbeangebote.<\/li>\n<li>Unser Support-Team hilft Ihnen bei allem, was auf der Website m\u00f6glich ist, einschlie\u00dflich Kontoverwaltung, Auszahlungen, Einzahlungen und Verifizierung.<\/li>\n<\/ul>\n<p>Unsere Betsamuro App ist sicher und praktisch, wenn Sie auf einem gro\u00dfen Bildschirm spielen m\u00f6chten. Nichts kann Ihr Spiel unterbrechen, daher sind wir eine gute Wahl f\u00fcr regelm\u00e4\u00dfiges Spielen.<\/p>\n<p><img loading=\"lazy\" decoding=\"async\" class=\"alignnone size-full wp-image-1941\" src=\"https:\/\/thebetsamuro.com\/wp-content\/uploads\/2026\/03\/Betsamuro-Application-for-PC.webp\" alt=\"Betsamuro Application for PC\" width=\"1248\" height=\"536\" srcset=\"https:\/\/thebetsamuro.com\/wp-content\/uploads\/2026\/03\/Betsamuro-Application-for-PC.webp 1248w, https:\/\/thebetsamuro.com\/wp-content\/uploads\/2026\/03\/Betsamuro-Application-for-PC-300x129.webp 300w, https:\/\/thebetsamuro.com\/wp-content\/uploads\/2026\/03\/Betsamuro-Application-for-PC-1024x440.webp 1024w, https:\/\/thebetsamuro.com\/wp-content\/uploads\/2026\/03\/Betsamuro-Application-for-PC-768x330.webp 768w\" sizes=\"auto, (max-width: 1248px) 100vw, 1248px\" \/><\/p>\n<\/div><\/div><div style=\"clear: both\"><\/div><div class=\"d-flex justify-content-center\"><button data-item=\"decouvrez_link\" data-group=\"website_links\" class=\"goto fw-bold rounded-pill btn btn-orange\" aria-label=\"Betsamuro herunterladen\" >Betsamuro herunterladen<\/button><\/div><div class=\"scrollable-content-wrap my-5\"><div class=\"scrollable-content-inner\"><h2>Sicherheit und Vorteile von PWA<\/h2>\n<p>Die progressive Webanwendung von Betsamuro vereint die Vorteile von Web- und nativen Anwendungen. Sie bietet Ihnen mehrere Vorteile:<\/p>\n<ul>\n<li>schnelle Ladezeiten;<\/li>\n<li>Offline-Spiel;<\/li>\n<li>und automatische Aktualisierung.<\/li>\n<\/ul>\n<p>Wir haben h\u00f6chste Sicherheitsstandards. Die Transport Layer Security (TLS)-Technologie und Datenverschl\u00fcsselung sch\u00fctzen Zahlungs- und pers\u00f6nliche Daten w\u00e4hrend Transaktionen. Ein WAF-System wehrt Angriffe von Viren und Betr\u00fcgern ab. Werfen Sie einen Blick auf die Vergleichstabelle, die Ihnen bei der Entscheidung helfen kann, auf welchem Ihrer Ger\u00e4te Sie die Betsamuro App am besten installieren:<\/p>\n<table>\n<tbody>\n<tr>\n<td>Funktion<\/td>\n<td>iOS- und Android-App<\/td>\n<td>Betsamuro Windows- und Mac-App<\/td>\n<\/tr>\n<tr>\n<td>Installationsmethode<\/td>\n<td>Installation der \u201eCasino-App\u201c<\/td>\n<td>Verkn\u00fcpfung f\u00fcr dedizierten Desktop<\/td>\n<\/tr>\n<tr>\n<td>Ger\u00e4teoptimierung<\/td>\n<td>Optimiert f\u00fcr Smartphones und Tablets mit Touch-Steuerung, nicht f\u00fcr Ger\u00e4te mit Tasten oder \u00e4ltere Android-Versionen<\/td>\n<td>Entwickelt f\u00fcr gr\u00f6\u00dfere Bildschirme mit vollst\u00e4ndiger Desktop-Benutzeroberfl\u00e4che, nicht f\u00fcr \u00e4ltere Fernseher<\/td>\n<\/tr>\n<tr>\n<td>Benutzeroberfl\u00e4che<\/td>\n<td>Benutzerfreundliche, f\u00fcr Touch-Bedienung optimierte Oberfl\u00e4che<\/td>\n<td>Vollbildansicht mit erweiterter Grafik<\/td>\n<\/tr>\n<tr>\n<td>Leistung<\/td>\n<td>Schnelles, fl\u00fcssiges Gameplay, optimiert f\u00fcr mobile Hardware<\/td>\n<td>Hohe Leistung mit verbesserter Grafik und Multitasking<\/td>\n<\/tr>\n<tr>\n<td>Push-Benachrichtigungen<\/td>\n<td>Unterst\u00fctzt, Benachrichtigungen zu Werbeaktionen, Updates, SMS<\/td>\n<td>Nicht zutreffend; haupts\u00e4chlich \u00fcber Desktop-Benachrichtigungen<\/td>\n<\/tr>\n<tr>\n<td>Sicherheitsma\u00dfnahmen<\/td>\n<td>Datenverschl\u00fcsselung, Secure Socket Layer (TLS), Verifizierungsprozess<\/td>\n<td>Gleiche Sicherheitsstandards, Verschl\u00fcsselung und Verifizierung<\/td>\n<\/tr>\n<tr>\n<td>Komfort<\/td>\n<td>Unterwegs spielen, Stummschaltungsmodus<\/td>\n<td>Voller Zugriff auf dem Desktop, kein Offline-Spiel<\/td>\n<\/tr>\n<\/tbody>\n<\/table>\n<p>Durch die Nutzung der Betsamuro App k\u00f6nnen Sie sicher sein, dass die Spielumgebung sicher und stabil ist. Zu den Sicherheitsfunktionen der Plattform geh\u00f6ren regelm\u00e4\u00dfige Audits, eine RNG-Zertifizierung zur Gew\u00e4hrleistung eines fairen Betriebs sowie die strikte Einhaltung gesetzlicher Standards. Spieler k\u00f6nnen Fragen stellen oder technische Unterst\u00fctzung anfordern, indem sie den Kundenservice \u00fcber die Live-Chat-Funktion kontaktieren; dieser steht somit zur Unterst\u00fctzung bereit.<\/p>\n<h2>FAQ<\/h2>\n<h3>Sind Boni und Turniere auch in der App verf\u00fcgbar?<\/h3>\n<p>Ja, alle Boni, Willkommensangebote, Freispiele und Turniere sind auch \u00fcber die Betsamuro App verf\u00fcgbar. Alle unsere Mitglieder k\u00f6nnen direkt auf ihrem Smartphone an aktuellen Aktionen teilnehmen und an Turnieren teilnehmen und dabei das gleiche Ma\u00df an Interaktion genie\u00dfen wie auf der Desktop-Plattform.<\/p>\n<h3>Kann ich auf dem Handy dieselben Spiele spielen wie auf dem Desktop?<\/h3>\n<p>Bet Samuro Casino sorgt au\u00dferdem daf\u00fcr, dass alles, was in unserer Vollversion vorhanden ist, stets mit der mobilen App synchronisiert ist. Wir bieten in beiden Casino-Varianten denselben Katalog, dieselben Werbekampagnen sowie dieselben Live-Shows und Spiele an. Sie verpassen nichts; machen Sie sich bitte keine Sorgen. Die Anpassungsf\u00e4higkeit der Plattform gew\u00e4hrleistet, dass das Spielerlebnis auf jedem Ger\u00e4t optimal ist.<\/p>\n<h3>Unterst\u00fctzt die App Push-Benachrichtigungen?<\/h3>\n<p>Die Betsamuro App verf\u00fcgt \u00fcber Push-Benachrichtigungen! Alle Benachrichtigungen und Nachrichten erreichen Sie wie vorgesehen. Diese Funktion verbessert das Spielerlebnis und die Interaktion, indem sie Spieler \u00fcber bevorstehende Turniere, Sonderaktionen und andere wichtige Kontoaktualisierungen informiert.<\/p>\n<\/div><\/div><\/p>\n","protected":false},"excerpt":{"rendered":"<p>Betsamuro Mobilplattform Die Betsamuro App ist unsere spielerfreundliche mobile Plattform, die ein sicheres, bequemes und umfassendes \u00d6kosystem bietet. Spieler k\u00f6nnen auf ihren Smartphones, Tablets und Desktops das gleiche hochwertige Spielerlebnis genie\u00dfen \u2013 wir bieten fortschrittliche Sicherheit und Kundenservice-Unterst\u00fctzung. Die Authentifizierung ist einfach, und die Infrastruktur der Plattform ist darauf ausgelegt, die reibungslose Ausf\u00fchrung von Spielen [&hellip;]<\/p>\n","protected":false},"author":1,"featured_media":0,"parent":0,"menu_order":0,"comment_status":"closed","ping_status":"closed","template":"template-builder.php","meta":{"_acf_changed":false,"inline_featured_image":false,"footnotes":""},"class_list":["post-1442","page","type-page","status-publish","hentry"],"acf":[],"yoast_head":"<!-- This site is optimized with the Yoast SEO plugin v27.3 - https:\/\/yoast.com\/product\/yoast-seo-wordpress\/ -->\n<title>Betsamuro App herunterladen | iOS, Android und Desktop<\/title>\n<meta name=\"description\" content=\"Installieren Sie die Betsamuro-App auf iOS, Android, Windows und macOS, um \u00fcber 6000 Casinospiele \u00fcberall zu spielen. Reibungslose Leistung, Kontosynchronisierung und Support rund um die Uhr \u2013 alles in Betsamuro.\" \/>\n<meta name=\"robots\" content=\"index, follow, max-snippet:-1, max-image-preview:large, max-video-preview:-1\" \/>\n<link rel=\"canonical\" href=\"https:\/\/thebetsamuro.com\/de\/app\/\" \/>\n<meta property=\"og:locale\" content=\"de_DE\" \/>\n<meta property=\"og:type\" content=\"article\" \/>\n<meta property=\"og:title\" content=\"Betsamuro App herunterladen | iOS, Android und Desktop\" \/>\n<meta property=\"og:description\" content=\"Installieren Sie die Betsamuro-App auf iOS, Android, Windows und macOS, um \u00fcber 6000 Casinospiele \u00fcberall zu spielen. Reibungslose Leistung, Kontosynchronisierung und Support rund um die Uhr \u2013 alles in Betsamuro.\" \/>\n<meta property=\"og:url\" content=\"https:\/\/thebetsamuro.com\/de\/app\/\" \/>\n<meta property=\"og:site_name\" content=\"betsamuro\" \/>\n<meta property=\"article:modified_time\" content=\"2026-03-20T12:48:28+00:00\" \/>\n<meta name=\"twitter:card\" content=\"summary_large_image\" \/>\n<meta name=\"twitter:label1\" content=\"Gesch\u00e4tzte Lesezeit\" \/>\n\t<meta name=\"twitter:data1\" content=\"2\u00a0Minuten\" \/>\n<script type=\"application\/ld+json\" class=\"yoast-schema-graph\">{\"@context\":\"https:\\\/\\\/schema.org\",\"@graph\":[{\"@type\":\"WebPage\",\"@id\":\"https:\\\/\\\/thebetsamuro.com\\\/de\\\/app\\\/\",\"url\":\"https:\\\/\\\/thebetsamuro.com\\\/de\\\/app\\\/\",\"name\":\"Betsamuro App herunterladen | iOS, Android und Desktop\",\"isPartOf\":{\"@id\":\"https:\\\/\\\/thebetsamuro.com\\\/de\\\/#website\"},\"datePublished\":\"2026-01-20T12:08:23+00:00\",\"dateModified\":\"2026-03-20T12:48:28+00:00\",\"description\":\"Installieren Sie die Betsamuro-App auf iOS, Android, Windows und macOS, um \u00fcber 6000 Casinospiele \u00fcberall zu spielen. Reibungslose Leistung, Kontosynchronisierung und Support rund um die Uhr \u2013 alles in Betsamuro.\",\"breadcrumb\":{\"@id\":\"https:\\\/\\\/thebetsamuro.com\\\/de\\\/app\\\/#breadcrumb\"},\"inLanguage\":\"de\",\"potentialAction\":[{\"@type\":\"ReadAction\",\"target\":[\"https:\\\/\\\/thebetsamuro.com\\\/de\\\/app\\\/\"]}]},{\"@type\":\"BreadcrumbList\",\"@id\":\"https:\\\/\\\/thebetsamuro.com\\\/de\\\/app\\\/#breadcrumb\",\"itemListElement\":[{\"@type\":\"ListItem\",\"position\":1,\"name\":\"Betsamuro\",\"item\":\"https:\\\/\\\/thebetsamuro.com\\\/de\\\/\"},{\"@type\":\"ListItem\",\"position\":2,\"name\":\"App\"}]},{\"@type\":\"WebSite\",\"@id\":\"https:\\\/\\\/thebetsamuro.com\\\/de\\\/#website\",\"url\":\"https:\\\/\\\/thebetsamuro.com\\\/de\\\/\",\"name\":\"Betsamuro\",\"description\":\"\",\"publisher\":{\"@id\":\"https:\\\/\\\/thebetsamuro.com\\\/de\\\/#organization\"},\"potentialAction\":[{\"@type\":\"SearchAction\",\"target\":{\"@type\":\"EntryPoint\",\"urlTemplate\":\"https:\\\/\\\/thebetsamuro.com\\\/de\\\/?s={search_term_string}\"},\"query-input\":{\"@type\":\"PropertyValueSpecification\",\"valueRequired\":true,\"valueName\":\"search_term_string\"}}],\"inLanguage\":\"de\"},{\"@type\":\"Organization\",\"@id\":\"https:\\\/\\\/thebetsamuro.com\\\/de\\\/#organization\",\"name\":\"Betsamuro\",\"url\":\"https:\\\/\\\/thebetsamuro.com\\\/de\\\/\",\"logo\":{\"@type\":\"ImageObject\",\"inLanguage\":\"de\",\"@id\":\"https:\\\/\\\/thebetsamuro.com\\\/de\\\/#\\\/schema\\\/logo\\\/image\\\/\",\"url\":\"https:\\\/\\\/thebetsamuro.com\\\/wp-content\\\/uploads\\\/2026\\\/03\\\/betsamuro-logo.png\",\"contentUrl\":\"https:\\\/\\\/thebetsamuro.com\\\/wp-content\\\/uploads\\\/2026\\\/03\\\/betsamuro-logo.png\",\"width\":150,\"height\":29,\"caption\":\"Betsamuro\"},\"image\":{\"@id\":\"https:\\\/\\\/thebetsamuro.com\\\/de\\\/#\\\/schema\\\/logo\\\/image\\\/\"}}]}<\/script>\n<!-- \/ Yoast SEO plugin. -->","yoast_head_json":{"title":"Betsamuro App herunterladen | iOS, Android und Desktop","description":"Installieren Sie die Betsamuro-App auf iOS, Android, Windows und macOS, um \u00fcber 6000 Casinospiele \u00fcberall zu spielen. Reibungslose Leistung, Kontosynchronisierung und Support rund um die Uhr \u2013 alles in Betsamuro.","robots":{"index":"index","follow":"follow","max-snippet":"max-snippet:-1","max-image-preview":"max-image-preview:large","max-video-preview":"max-video-preview:-1"},"canonical":"https:\/\/thebetsamuro.com\/de\/app\/","og_locale":"de_DE","og_type":"article","og_title":"Betsamuro App herunterladen | iOS, Android und Desktop","og_description":"Installieren Sie die Betsamuro-App auf iOS, Android, Windows und macOS, um \u00fcber 6000 Casinospiele \u00fcberall zu spielen. Reibungslose Leistung, Kontosynchronisierung und Support rund um die Uhr \u2013 alles in Betsamuro.","og_url":"https:\/\/thebetsamuro.com\/de\/app\/","og_site_name":"betsamuro","article_modified_time":"2026-03-20T12:48:28+00:00","twitter_card":"summary_large_image","twitter_misc":{"Gesch\u00e4tzte Lesezeit":"2\u00a0Minuten"},"schema":{"@context":"https:\/\/schema.org","@graph":[{"@type":"WebPage","@id":"https:\/\/thebetsamuro.com\/de\/app\/","url":"https:\/\/thebetsamuro.com\/de\/app\/","name":"Betsamuro App herunterladen | iOS, Android und Desktop","isPartOf":{"@id":"https:\/\/thebetsamuro.com\/de\/#website"},"datePublished":"2026-01-20T12:08:23+00:00","dateModified":"2026-03-20T12:48:28+00:00","description":"Installieren Sie die Betsamuro-App auf iOS, Android, Windows und macOS, um \u00fcber 6000 Casinospiele \u00fcberall zu spielen. Reibungslose Leistung, Kontosynchronisierung und Support rund um die Uhr \u2013 alles in Betsamuro.","breadcrumb":{"@id":"https:\/\/thebetsamuro.com\/de\/app\/#breadcrumb"},"inLanguage":"de","potentialAction":[{"@type":"ReadAction","target":["https:\/\/thebetsamuro.com\/de\/app\/"]}]},{"@type":"BreadcrumbList","@id":"https:\/\/thebetsamuro.com\/de\/app\/#breadcrumb","itemListElement":[{"@type":"ListItem","position":1,"name":"Betsamuro","item":"https:\/\/thebetsamuro.com\/de\/"},{"@type":"ListItem","position":2,"name":"App"}]},{"@type":"WebSite","@id":"https:\/\/thebetsamuro.com\/de\/#website","url":"https:\/\/thebetsamuro.com\/de\/","name":"Betsamuro","description":"","publisher":{"@id":"https:\/\/thebetsamuro.com\/de\/#organization"},"potentialAction":[{"@type":"SearchAction","target":{"@type":"EntryPoint","urlTemplate":"https:\/\/thebetsamuro.com\/de\/?s={search_term_string}"},"query-input":{"@type":"PropertyValueSpecification","valueRequired":true,"valueName":"search_term_string"}}],"inLanguage":"de"},{"@type":"Organization","@id":"https:\/\/thebetsamuro.com\/de\/#organization","name":"Betsamuro","url":"https:\/\/thebetsamuro.com\/de\/","logo":{"@type":"ImageObject","inLanguage":"de","@id":"https:\/\/thebetsamuro.com\/de\/#\/schema\/logo\/image\/","url":"https:\/\/thebetsamuro.com\/wp-content\/uploads\/2026\/03\/betsamuro-logo.png","contentUrl":"https:\/\/thebetsamuro.com\/wp-content\/uploads\/2026\/03\/betsamuro-logo.png","width":150,"height":29,"caption":"Betsamuro"},"image":{"@id":"https:\/\/thebetsamuro.com\/de\/#\/schema\/logo\/image\/"}}]}},"_links":{"self":[{"href":"https:\/\/thebetsamuro.com\/de\/wp-json\/wp\/v2\/pages\/1442","targetHints":{"allow":["GET"]}}],"collection":[{"href":"https:\/\/thebetsamuro.com\/de\/wp-json\/wp\/v2\/pages"}],"about":[{"href":"https:\/\/thebetsamuro.com\/de\/wp-json\/wp\/v2\/types\/page"}],"author":[{"embeddable":true,"href":"https:\/\/thebetsamuro.com\/de\/wp-json\/wp\/v2\/users\/1"}],"replies":[{"embeddable":true,"href":"https:\/\/thebetsamuro.com\/de\/wp-json\/wp\/v2\/comments?post=1442"}],"version-history":[{"count":3,"href":"https:\/\/thebetsamuro.com\/de\/wp-json\/wp\/v2\/pages\/1442\/revisions"}],"predecessor-version":[{"id":2046,"href":"https:\/\/thebetsamuro.com\/de\/wp-json\/wp\/v2\/pages\/1442\/revisions\/2046"}],"wp:attachment":[{"href":"https:\/\/thebetsamuro.com\/de\/wp-json\/wp\/v2\/media?parent=1442"}],"curies":[{"name":"wp","href":"https:\/\/api.w.org\/{rel}","templated":true}]}}